{"id":7214,"date":"2019-06-27T16:10:54","date_gmt":"2019-06-27T23:10:54","guid":{"rendered":"https:\/\/www.machool.com\/support-configuration\/"},"modified":"2025-09-11T18:28:52","modified_gmt":"2025-09-12T01:28:52","slug":"support-configuration","status":"publish","type":"page","link":"https:\/\/www.machool.com\/fr\/support-configuration\/","title":{"rendered":"Support &#8211; configuration"},"content":{"rendered":"\t\t<div data-elementor-type=\"wp-post\" data-elementor-id=\"7214\" class=\"elementor elementor-7214 elementor-582\">\n\t\t\t\t\t\t<div class=\"elementor-inner\">\n\t\t\t\t<div class=\"elementor-section-wrap\">\n\t\t\t\t\t\t\t\t\t<section class=\"elementor-section elementor-top-section elementor-element elementor-element-jcpoldy elementor-section-height-min-height elementor-section-items-bottom elementor-section-boxed elementor-section-height-default\" data-id=\"jcpoldy\" data-element_type=\"section\" data-settings=\"{&quot;background_background&quot;:&quot;classic&quot;}\">\n\t\t\t\t\t\t\t<div class=\"elementor-background-overlay\"><\/div>\n\t\t\t\t\t\t\t<div class=\"elementor-container elementor-column-gap-default\">\n\t\t\t\t\t\t\t<div class=\"elementor-row\">\n\t\t\t\t\t<div class=\"elementor-column elementor-col-100 elementor-top-column elementor-element elementor-element-bsvdawm\" data-id=\"bsvdawm\" data-element_type=\"column\">\n\t\t\t<div class=\"elementor-column-wrap elementor-element-populated\">\n\t\t\t\t\t\t\t<div class=\"elementor-widget-wrap\">\n\t\t\t\t\t\t<div class=\"elementor-element elementor-element-fxsfiac elementor-view-default elementor-position-top elementor-invisible elementor-widget elementor-widget-themo-header\" data-id=\"fxsfiac\" data-element_type=\"widget\" data-settings=\"{&quot;_animation&quot;:&quot;fadeInUp&quot;}\" data-widget_type=\"themo-header.default\">\n\t\t\t\t<div class=\"elementor-widget-container\">\n\t\t\t\t\t<div class=\"th-header-wrap\">\n        <div class=\"elementor-icon-box-wrapper \">\n                            <div class=\"elementor-icon-box-content\">\n                    <h1 class=\"elementor-icon-box-title\">\n                        Centre d'assistance                    <\/h1>\n                                        <p class=\"elementor-icon-box-description\"><\/p>\n\n                                    <\/div>\n            <\/div>\n\n        <\/div>\n\n\t\t\t\t<\/div>\n\t\t\t\t<\/div>\n\t\t\t\t\t\t<\/div>\n\t\t\t\t\t<\/div>\n\t\t<\/div>\n\t\t\t\t\t\t\t\t<\/div>\n\t\t\t\t\t<\/div>\n\t\t<\/section>\n\t\t\t\t<section class=\"elementor-section elementor-top-section elementor-element elementor-element-d057247 elementor-section-content-top elementor-section-boxed elementor-section-height-default elementor-section-height-default\" data-id=\"d057247\" data-element_type=\"section\" data-settings=\"{&quot;background_background&quot;:&quot;classic&quot;}\">\n\t\t\t\t\t\t<div class=\"elementor-container elementor-column-gap-default\">\n\t\t\t\t\t\t\t<div class=\"elementor-row\">\n\t\t\t\t\t<div class=\"elementor-column elementor-col-50 elementor-top-column elementor-element elementor-element-c85be6b\" data-id=\"c85be6b\" data-element_type=\"column\">\n\t\t\t<div class=\"elementor-column-wrap elementor-element-populated\">\n\t\t\t\t\t\t\t<div class=\"elementor-widget-wrap\">\n\t\t\t\t\t\t<div class=\"elementor-element elementor-element-dd33cb8 elementor-widget elementor-widget-spacer\" data-id=\"dd33cb8\" data-element_type=\"widget\" data-widget_type=\"spacer.default\">\n\t\t\t\t<div class=\"elementor-widget-container\">\n\t\t\t\t\t<div class=\"elementor-spacer\">\n\t\t\t<div class=\"elementor-spacer-inner\"><\/div>\n\t\t<\/div>\n\t\t\t\t<\/div>\n\t\t\t\t<\/div>\n\t\t<!-- Themovaiton Sidebar Wrap before --><div class=\"sidebar th-widget-area th-sidebar-widget\">\t\t<div class=\"elementor-element elementor-element-057db62 support-sidebar elementor-widget elementor-widget-sidebar\" data-id=\"057db62\" data-element_type=\"widget\" data-widget_type=\"sidebar.default\">\n\t\t\t\t<div class=\"elementor-widget-container\">\n\t\t\t<div id=\"nav_menu-2\" class=\"widget widget_nav_menu\"><div class=\"menu-support-french-container\"><ul id=\"menu-support-french\" class=\"menu\"><li class=\"menu-item menu-item-type-post_type menu-item-object-page menu-item-has-children menu-item-7539\"><a href=\"https:\/\/www.machool.com\/fr\/centre-dassistance\/\">Centre d\u2019assistance<\/a>\n<ul class=\"sub-menu\">\n\t<li class=\"menu-item menu-item-type-post_type menu-item-object-page menu-item-7562\"><a href=\"https:\/\/www.machool.com\/fr\/soutien-vue-densemble\/\">Soutien \u2013 vue d\u2019ensemble<\/a><\/li>\n\t<li class=\"menu-item menu-item-type-post_type menu-item-object-page menu-item-7542\"><a href=\"https:\/\/www.machool.com\/fr\/support-configuration\/\">Configuration<\/a><\/li>\n\t<li class=\"menu-item menu-item-type-post_type menu-item-object-page menu-item-7551\"><a href=\"https:\/\/www.machool.com\/fr\/support-compte\/\">Compte<\/a><\/li>\n\t<li class=\"menu-item menu-item-type-post_type menu-item-object-page menu-item-7563\"><a href=\"https:\/\/www.machool.com\/fr\/soutien-expedition\/\">Soutien \u2013 exp\u00e9dition<\/a><\/li>\n\t<li class=\"menu-item menu-item-type-post_type menu-item-object-page menu-item-7546\"><a href=\"https:\/\/www.machool.com\/fr\/support-ecommerce\/\">Cybercommerce<\/a><\/li>\n\t<li class=\"menu-item menu-item-type-post_type menu-item-object-page menu-item-7547\"><a href=\"https:\/\/www.machool.com\/fr\/support-integrations\/\">Int\u00e9grations<\/a><\/li>\n\t<li class=\"menu-item menu-item-type-post_type menu-item-object-page menu-item-7534\"><a href=\"https:\/\/www.machool.com\/fr\/support-importation-csv\/\">Importation CSV<\/a><\/li>\n\t<li class=\"menu-item menu-item-type-post_type menu-item-object-page menu-item-7557\"><a href=\"https:\/\/www.machool.com\/fr\/regles-dexpedition-avancees-de-shopify\/\">R\u00e8gles d\u2019exp\u00e9dition avanc\u00e9es de Shopify<\/a><\/li>\n\t<li class=\"menu-item menu-item-type-post_type menu-item-object-page menu-item-7556\"><a href=\"https:\/\/www.machool.com\/fr\/regles-dexpedition-avancees-de-woocommerce\/\">R\u00e8gles d\u2019exp\u00e9dition avanc\u00e9es de WooCommerce<\/a><\/li>\n\t<li class=\"menu-item menu-item-type-post_type menu-item-object-page menu-item-7535\"><a href=\"https:\/\/www.machool.com\/fr\/support-expedition-par-lots\/\">Exp\u00e9dition par lots<\/a><\/li>\n\t<li class=\"menu-item menu-item-type-post_type menu-item-object-page menu-item-7548\"><a href=\"https:\/\/www.machool.com\/fr\/support-modeles-personnalises-pour-vos-paquets\/\">Mod\u00e8les personnalis\u00e9s pour vos paquets<\/a><\/li>\n\t<li class=\"menu-item menu-item-type-post_type menu-item-object-page menu-item-7533\"><a href=\"https:\/\/www.machool.com\/fr\/support-machool_bulkship\/\">Machool Bulk Ship<\/a><\/li>\n\t<li class=\"menu-item menu-item-type-post_type menu-item-object-page menu-item-7536\"><a href=\"https:\/\/www.machool.com\/fr\/support-notifications-denvoi-avancees\/\">Notifications d\u2019envoi avanc\u00e9es<\/a><\/li>\n\t<li class=\"menu-item menu-item-type-post_type menu-item-object-page menu-item-7564\"><a href=\"https:\/\/www.machool.com\/fr\/soutien-aux-prestataires-de-services\/\">Soutien aux prestataires de services<\/a><\/li>\n\t<li class=\"menu-item menu-item-type-post_type menu-item-object-page menu-item-7565\"><a href=\"https:\/\/www.machool.com\/fr\/frais-dajustement\/\">Frais d\u2019ajustement<\/a><\/li>\n\t<li class=\"menu-item menu-item-type-post_type menu-item-object-page menu-item-7561\"><a href=\"https:\/\/www.machool.com\/fr\/livraison-a-un-point-de-ramassage-local\/\">Livraison \u00e0 un point de ramassage local<\/a><\/li>\n\t<li class=\"menu-item menu-item-type-post_type menu-item-object-page menu-item-7558\"><a href=\"https:\/\/www.machool.com\/fr\/solution-api-machool\/\">Solution API Machool<\/a><\/li>\n\t<li class=\"menu-item menu-item-type-post_type menu-item-object-page menu-item-7544\"><a href=\"https:\/\/www.machool.com\/fr\/support-demande-denlevement\/\">Demande de ramassage<\/a><\/li>\n\t<li class=\"menu-item menu-item-type-post_type menu-item-object-page menu-item-7545\"><a href=\"https:\/\/www.machool.com\/fr\/support-comprendre-le-centre-danalyse-de-machool\/\">Comprendre le centre d\u2019analyse de Machool<\/a><\/li>\n\t<li class=\"menu-item menu-item-type-post_type menu-item-object-page menu-item-7538\"><a href=\"https:\/\/www.machool.com\/fr\/prereglages-comment-faire\/\">Pr\u00e9r\u00e9glages<\/a><\/li>\n\t<li class=\"menu-item menu-item-type-post_type menu-item-object-page menu-item-7560\"><a href=\"https:\/\/www.machool.com\/fr\/impression-directe\/\">Impression directe<\/a><\/li>\n\t<li class=\"menu-item menu-item-type-post_type menu-item-object-page menu-item-7543\"><a href=\"https:\/\/www.machool.com\/fr\/support-centre-de-support\/\">Centre de support<\/a><\/li>\n\t<li class=\"menu-item menu-item-type-post_type menu-item-object-page menu-item-7688\"><a href=\"https:\/\/www.machool.com\/fr\/support-portail-des-retours\/\">Portail des retours<\/a><\/li>\n\t<li class=\"menu-item menu-item-type-post_type menu-item-object-page menu-item-8029\"><a href=\"https:\/\/www.machool.com\/fr\/support-integration-de-zonos\/\">Support \u2013 Int\u00e9gration de Zonos<\/a><\/li>\n<\/ul>\n<\/li>\n<\/ul><\/div><\/div>\t\t<\/div>\n\t\t\t\t<\/div>\n\t\t<\/div><!-- Themovaiton Sidebar Wrap after -->\t\t\t\t<\/div>\n\t\t\t\t\t<\/div>\n\t\t<\/div>\n\t\t\t\t<div class=\"elementor-column elementor-col-50 elementor-top-column elementor-element elementor-element-89ac90a\" data-id=\"89ac90a\" data-element_type=\"column\">\n\t\t\t<div class=\"elementor-column-wrap elementor-element-populated\">\n\t\t\t\t\t\t\t<div class=\"elementor-widget-wrap\">\n\t\t\t\t\t\t<div class=\"elementor-element elementor-element-9db8102 elementor-widget elementor-widget-spacer\" data-id=\"9db8102\" data-element_type=\"widget\" data-widget_type=\"spacer.default\">\n\t\t\t\t<div class=\"elementor-widget-container\">\n\t\t\t\t\t<div class=\"elementor-spacer\">\n\t\t\t<div class=\"elementor-spacer-inner\"><\/div>\n\t\t<\/div>\n\t\t\t\t<\/div>\n\t\t\t\t<\/div>\n\t\t\t\t<div class=\"elementor-element elementor-element-25a1d26 elementor-widget elementor-widget-heading\" data-id=\"25a1d26\" data-element_type=\"widget\" data-widget_type=\"heading.default\">\n\t\t\t\t<div class=\"elementor-widget-container\">\n\t\t\t<h2 class=\"elementor-heading-title elementor-size-default\">Mise en place du compte<\/h2>\t\t<\/div>\n\t\t\t\t<\/div>\n\t\t\t\t<div class=\"elementor-element elementor-element-2d989d2 elementor-widget-divider--view-line elementor-widget elementor-widget-divider\" data-id=\"2d989d2\" data-element_type=\"widget\" data-widget_type=\"divider.default\">\n\t\t\t\t<div class=\"elementor-widget-container\">\n\t\t\t\t\t<div class=\"elementor-divider\">\n\t\t\t<span class=\"elementor-divider-separator\">\n\t\t\t\t\t\t<\/span>\n\t\t<\/div>\n\t\t\t\t<\/div>\n\t\t\t\t<\/div>\n\t\t\t\t<div class=\"elementor-element elementor-element-501e94b elementor-view-default elementor-position-top elementor-widget elementor-widget-themo-header\" data-id=\"501e94b\" data-element_type=\"widget\" data-widget_type=\"themo-header.default\">\n\t\t\t\t<div class=\"elementor-widget-container\">\n\t\t\t\t\t<div class=\"th-header-wrap\">\n        <div class=\"elementor-icon-box-wrapper \">\n                            <div class=\"elementor-icon-box-content\">\n                    <h3 class=\"elementor-icon-box-title\">\n                        Configuration rapide                    <\/h3>\n                                        <p class=\"elementor-icon-box-description\">Tous les comptes sont gratuits. Ne payez que lorsque vous effectuez un envoi via notre <a class=\"email-link\" href=\"https:\/\/www.machool.com\/fr\/\">solution logistique e-commerce<\/a>.\n\n<b>Ouverture rapide d'un compte<\/b>\nAller sur <a href=\"\/\" class=\"email-link\">machool.com a&gt; \u2192 Exp\u00e9dier maintenant \u2192 S'inscrire<\/a><\/p>\n\n                                    <\/div>\n            <\/div>\n\n        <\/div>\n\n\t\t\t\t<\/div>\n\t\t\t\t<\/div>\n\t\t\t\t<div class=\"elementor-element elementor-element-c40b77f elementor-aspect-ratio-169 elementor-widget elementor-widget-video\" data-id=\"c40b77f\" data-element_type=\"widget\" data-settings=\"{&quot;video_type&quot;:&quot;vimeo&quot;,&quot;aspect_ratio&quot;:&quot;169&quot;}\" data-widget_type=\"video.default\">\n\t\t\t\t<div class=\"elementor-widget-container\">\n\t\t\t\t\t<div class=\"elementor-wrapper elementor-fit-aspect-ratio elementor-open-inline\">\n\t\t\t<iframe class=\"elementor-video-iframe lazyload\" allowfullscreen title=\"Lecteur vid\u00e9o vimeo\" data-src=\"https:\/\/player.vimeo.com\/video\/536078100?color&amp;autopause=0&amp;loop=0&amp;muted=0&amp;title=0&amp;portrait=0&amp;byline=0#t=\" src=\"data:image\/svg+xml;base64,PHN2ZyB3aWR0aD0iMSIgaGVpZ2h0PSIxIiB4bWxucz0iaHR0cDovL3d3dy53My5vcmcvMjAwMC9zdmciPjwvc3ZnPg==\" data-load-mode=\"1\"><\/iframe>\t\t<\/div>\n\t\t\t\t<\/div>\n\t\t\t\t<\/div>\n\t\t\t\t<div class=\"elementor-element elementor-element-f7d3f26 elementor-view-default elementor-position-top elementor-widget elementor-widget-themo-header\" data-id=\"f7d3f26\" data-element_type=\"widget\" data-widget_type=\"themo-header.default\">\n\t\t\t\t<div class=\"elementor-widget-container\">\n\t\t\t\t\t<div class=\"th-header-wrap\">\n        <div class=\"elementor-icon-box-wrapper \">\n                            <div class=\"elementor-icon-box-content\">\n                    <h4 class=\"elementor-icon-box-title\">\n                                            <\/h4>\n                                        <p class=\"elementor-icon-box-description\">* Si vous vous inscrivez pour une entreprise, assurez-vous de vous inscrire avec les informations de l'administrateur. Ils seront en mesure de superviser toutes les activit\u00e9s d'exp\u00e9dition, la facturation et les rapports.\n\nUne fois la proc\u00e9dure d'inscription termin\u00e9e, vous recevrez un courriel de v\u00e9rification dans votre bo\u00eete de r\u00e9ception - veuillez cliquer sur le bouton de v\u00e9rification pour confirmer votre compte.\n\n<b>Principaux pays pris en charge : nous ne prenons actuellement en charge que les envois en provenance du Canada.<\/b><\/p>\n\n                                    <\/div>\n            <\/div>\n\n        <\/div>\n\n\t\t\t\t<\/div>\n\t\t\t\t<\/div>\n\t\t\t\t<div class=\"elementor-element elementor-element-5ae1aa4 elementor-widget elementor-widget-spacer\" data-id=\"5ae1aa4\" data-element_type=\"widget\" data-widget_type=\"spacer.default\">\n\t\t\t\t<div class=\"elementor-widget-container\">\n\t\t\t\t\t<div class=\"elementor-spacer\">\n\t\t\t<div class=\"elementor-spacer-inner\"><\/div>\n\t\t<\/div>\n\t\t\t\t<\/div>\n\t\t\t\t<\/div>\n\t\t\t\t<div class=\"elementor-element elementor-element-e7d8e9d elementor-view-default elementor-position-top elementor-widget elementor-widget-themo-header\" data-id=\"e7d8e9d\" data-element_type=\"widget\" id=\"complete\" data-widget_type=\"themo-header.default\">\n\t\t\t\t<div class=\"elementor-widget-container\">\n\t\t\t\t\t<div class=\"th-header-wrap\">\n        <div class=\"elementor-icon-box-wrapper \">\n                            <div class=\"elementor-icon-box-content\">\n                    <h3 class=\"elementor-icon-box-title\">\n                        Configuration compl\u00e8te du compte                    <\/h3>\n                                        <p class=\"elementor-icon-box-description\">Pour compl\u00e9ter le processus de cr\u00e9ation de votre compte, mettez \u00e0 jour les informations suivantes\n\n<b>Configurer vos informations de facturation  <\/b>\nEntrez vos informations de facturation en cliquant sur votre adresse \u00e9lectronique dans le coin sup\u00e9rieur droit et s\u00e9lectionnez Facturation. Vous pouvez ajouter jusqu'\u00e0 5 cartes au compte. Vous pouvez \u00e9galement modifier ou supprimer les informations relatives \u00e0 la carte \u00e0 partir d'ici. Tous les relev\u00e9s mensuels sont disponibles sur la page de facturation.  <\/p>\n\n                                    <\/div>\n            <\/div>\n\n        <\/div>\n\n\t\t\t\t<\/div>\n\t\t\t\t<\/div>\n\t\t\t\t<div class=\"elementor-element elementor-element-53dd9e5 elementor-widget elementor-widget-image\" data-id=\"53dd9e5\" data-element_type=\"widget\" data-widget_type=\"image.default\">\n\t\t\t\t<div class=\"elementor-widget-container\">\n\t\t\t\t\t\t\t\t<div class=\"elementor-image\">\n\t\t\t\t\t\t\t\t\t\t\t\t<img decoding=\"async\" width=\"2362\" height=\"1350\" data-src=\"https:\/\/www.machool.com\/wp-content\/uploads\/2025\/09\/account-setup-fr.png\" class=\"attachment-full size-full lazyload\" alt=\"Billing page top\" data-srcset=\"https:\/\/www.machool.com\/wp-content\/uploads\/2025\/09\/account-setup-fr.png 2362w, https:\/\/www.machool.com\/wp-content\/uploads\/2025\/09\/account-setup-fr-300x171.png 300w, https:\/\/www.machool.com\/wp-content\/uploads\/2025\/09\/account-setup-fr-1024x585.png 1024w, https:\/\/www.machool.com\/wp-content\/uploads\/2025\/09\/account-setup-fr-768x439.png 768w, https:\/\/www.machool.com\/wp-content\/uploads\/2025\/09\/account-setup-fr-1536x878.png 1536w, https:\/\/www.machool.com\/wp-content\/uploads\/2025\/09\/account-setup-fr-2048x1171.png 2048w, https:\/\/www.machool.com\/wp-content\/uploads\/2025\/09\/account-setup-fr-70x40.png 70w, https:\/\/www.machool.com\/wp-content\/uploads\/2025\/09\/account-setup-fr-140x80.png 140w, https:\/\/www.machool.com\/wp-content\/uploads\/2025\/09\/account-setup-fr-394x225.png 394w, https:\/\/www.machool.com\/wp-content\/uploads\/2025\/09\/account-setup-fr-915x523.png 915w, https:\/\/www.machool.com\/wp-content\/uploads\/2025\/09\/account-setup-fr-1240x709.png 1240w, https:\/\/www.machool.com\/wp-content\/uploads\/2025\/09\/account-setup-fr-1890x1080.png 1890w\" data-sizes=\"(max-width: 2362px) 100vw, 2362px\" src=\"data:image\/svg+xml;base64,PHN2ZyB3aWR0aD0iMSIgaGVpZ2h0PSIxIiB4bWxucz0iaHR0cDovL3d3dy53My5vcmcvMjAwMC9zdmciPjwvc3ZnPg==\" style=\"--smush-placeholder-width: 2362px; --smush-placeholder-aspect-ratio: 2362\/1350;\" \/>\t\t\t\t\t\t\t\t\t\t\t\t\t\t<\/div>\n\t\t\t\t\t\t<\/div>\n\t\t\t\t<\/div>\n\t\t\t\t<div class=\"elementor-element elementor-element-7a8d80e elementor-widget elementor-widget-spacer\" data-id=\"7a8d80e\" data-element_type=\"widget\" data-widget_type=\"spacer.default\">\n\t\t\t\t<div class=\"elementor-widget-container\">\n\t\t\t\t\t<div class=\"elementor-spacer\">\n\t\t\t<div class=\"elementor-spacer-inner\"><\/div>\n\t\t<\/div>\n\t\t\t\t<\/div>\n\t\t\t\t<\/div>\n\t\t\t\t<div class=\"elementor-element elementor-element-d152197 elementor-view-default elementor-position-top elementor-widget elementor-widget-themo-header\" data-id=\"d152197\" data-element_type=\"widget\" data-widget_type=\"themo-header.default\">\n\t\t\t\t<div class=\"elementor-widget-container\">\n\t\t\t\t\t<div class=\"th-header-wrap\">\n        <div class=\"elementor-icon-box-wrapper \">\n                            <div class=\"elementor-icon-box-content\">\n                    <h4 class=\"elementor-icon-box-title\">\n                                            <\/h4>\n                                        <p class=\"elementor-icon-box-description\"><b>Compl\u00e9tez les d\u00e9tails de votre compte<\/b>\nCompl\u00e9tez ou mettez \u00e0 jour les d\u00e9tails de votre compte en cliquant sur votre adresse \u00e9lectronique dans le coin sup\u00e9rieur droit et en s\u00e9lectionnant Compte.  <\/p>\n\n                                    <\/div>\n            <\/div>\n\n        <\/div>\n\n\t\t\t\t<\/div>\n\t\t\t\t<\/div>\n\t\t\t\t<div class=\"elementor-element elementor-element-d067ff6 elementor-widget elementor-widget-image\" data-id=\"d067ff6\" data-element_type=\"widget\" data-widget_type=\"image.default\">\n\t\t\t\t<div class=\"elementor-widget-container\">\n\t\t\t\t\t\t\t\t<div class=\"elementor-image\">\n\t\t\t\t\t\t\t\t\t\t\t\t<img decoding=\"async\" width=\"2344\" height=\"1626\" data-src=\"https:\/\/www.machool.com\/wp-content\/uploads\/2025\/09\/account-setup02-fr.png\" class=\"attachment-full size-full lazyload\" alt=\"Account page top\" data-srcset=\"https:\/\/www.machool.com\/wp-content\/uploads\/2025\/09\/account-setup02-fr.png 2344w, https:\/\/www.machool.com\/wp-content\/uploads\/2025\/09\/account-setup02-fr-300x208.png 300w, https:\/\/www.machool.com\/wp-content\/uploads\/2025\/09\/account-setup02-fr-1024x710.png 1024w, https:\/\/www.machool.com\/wp-content\/uploads\/2025\/09\/account-setup02-fr-768x533.png 768w, https:\/\/www.machool.com\/wp-content\/uploads\/2025\/09\/account-setup02-fr-330x230.png 330w, https:\/\/www.machool.com\/wp-content\/uploads\/2025\/09\/account-setup02-fr-1536x1066.png 1536w, https:\/\/www.machool.com\/wp-content\/uploads\/2025\/09\/account-setup02-fr-2048x1421.png 2048w, https:\/\/www.machool.com\/wp-content\/uploads\/2025\/09\/account-setup02-fr-58x40.png 58w, https:\/\/www.machool.com\/wp-content\/uploads\/2025\/09\/account-setup02-fr-115x80.png 115w, https:\/\/www.machool.com\/wp-content\/uploads\/2025\/09\/account-setup02-fr-394x273.png 394w, https:\/\/www.machool.com\/wp-content\/uploads\/2025\/09\/account-setup02-fr-915x635.png 915w, https:\/\/www.machool.com\/wp-content\/uploads\/2025\/09\/account-setup02-fr-1240x860.png 1240w, https:\/\/www.machool.com\/wp-content\/uploads\/2025\/09\/account-setup02-fr-1557x1080.png 1557w\" data-sizes=\"(max-width: 2344px) 100vw, 2344px\" src=\"data:image\/svg+xml;base64,PHN2ZyB3aWR0aD0iMSIgaGVpZ2h0PSIxIiB4bWxucz0iaHR0cDovL3d3dy53My5vcmcvMjAwMC9zdmciPjwvc3ZnPg==\" style=\"--smush-placeholder-width: 2344px; --smush-placeholder-aspect-ratio: 2344\/1626;\" \/>\t\t\t\t\t\t\t\t\t\t\t\t\t\t<\/div>\n\t\t\t\t\t\t<\/div>\n\t\t\t\t<\/div>\n\t\t\t\t<div class=\"elementor-element elementor-element-a43d9a4 elementor-widget elementor-widget-spacer\" data-id=\"a43d9a4\" data-element_type=\"widget\" data-widget_type=\"spacer.default\">\n\t\t\t\t<div class=\"elementor-widget-container\">\n\t\t\t\t\t<div class=\"elementor-spacer\">\n\t\t\t<div class=\"elementor-spacer-inner\"><\/div>\n\t\t<\/div>\n\t\t\t\t<\/div>\n\t\t\t\t<\/div>\n\t\t\t\t<div class=\"elementor-element elementor-element-c8925fb elementor-view-default elementor-position-top elementor-widget elementor-widget-themo-header\" data-id=\"c8925fb\" data-element_type=\"widget\" data-widget_type=\"themo-header.default\">\n\t\t\t\t<div class=\"elementor-widget-container\">\n\t\t\t\t\t<div class=\"th-header-wrap\">\n        <div class=\"elementor-icon-box-wrapper \">\n                            <div class=\"elementor-icon-box-content\">\n                    <h4 class=\"elementor-icon-box-title\">\n                                            <\/h4>\n                                        <p class=\"elementor-icon-box-description\"><div>\n<p style=\"margin-bottom: 20px\"><b>Ajouter des utilisateurs suppl\u00e9mentaires<\/b><br>\nLe propri\u00e9taire du compte pourra ajouter des utilisateurs suppl\u00e9mentaires.  <br>\nPour ajouter des utilisateurs suppl\u00e9mentaires, cliquez sur votre adresse \u00e9lectronique dans le coin sup\u00e9rieur droit et s\u00e9lectionnez Compte. S\u00e9lectionnez l'ic\u00f4ne +, remplissez les donn\u00e9es de connexion de l'utilisateur suppl\u00e9mentaire et indiquez si vous souhaitez qu'il ait des droits d'administrateur ou non.<\/p>    \n\n<p style=\"margin-bottom: 20px\"><b>Relier votre compte d'exp\u00e9dition<\/b><br>\nSi vous avez un compte d'exp\u00e9dition avec FedEx, UPS, Postes Canada, etc., reliez votre compte \u00e0 notre plateforme pour comparer vos tarifs avec nos <a class=\"email-link\" href=\"https:\/\/www.machool.com\/fr\/produit\/\">tarifs de livraison au rabais<\/a> pr\u00e9-n\u00e9goci\u00e9s.<br>\nPour ajouter un compte, s\u00e9lectionnez G\u00e9rer \u2192 Fournisseurs, puis choisissez le compte que vous souhaitez ajouter et s\u00e9lectionnez \"Ajouter votre compte\". Saisissez tous les champs requis et cliquez sur \"Envoyer\". R\u00e9p\u00e9tez cette proc\u00e9dure pour ajouter d'autres coursiers utilis\u00e9s par notre entreprise.<\/p>\n\n<p style=\"margin-bottom: 20px\"><b>Ajouter Centres de co\u00fbts<\/b><br>\nUn centre de co\u00fbts est un service interne, un projet ou une personne qui envoie un paquet de votre organisation. Vous pouvez ajouter un nombre illimit\u00e9 de centres de co\u00fbts \u00e0 votre compte afin d'assurer le suivi des d\u00e9partements qui exp\u00e9dient des envois.<br>\nPour ajouter un centre de co\u00fbts, s\u00e9lectionnez G\u00e9rer \u2192 Centre de co\u00fbts, puis cliquez sur l'ic\u00f4ne + et saisissez le num\u00e9ro ou le nom du centre de co\u00fbts.<\/p>\n<\/div><\/p>\n\n                                    <\/div>\n            <\/div>\n\n        <\/div>\n\n\t\t\t\t<\/div>\n\t\t\t\t<\/div>\n\t\t\t\t<div class=\"elementor-element elementor-element-20dc433 elementor-widget elementor-widget-spacer\" data-id=\"20dc433\" data-element_type=\"widget\" data-widget_type=\"spacer.default\">\n\t\t\t\t<div class=\"elementor-widget-container\">\n\t\t\t\t\t<div class=\"elementor-spacer\">\n\t\t\t<div class=\"elementor-spacer-inner\"><\/div>\n\t\t<\/div>\n\t\t\t\t<\/div>\n\t\t\t\t<\/div>\n\t\t\t\t<div class=\"elementor-element elementor-element-186897b elementor-widget elementor-widget-text-editor\" data-id=\"186897b\" data-element_type=\"widget\" data-widget_type=\"text-editor.default\">\n\t\t\t\t<div class=\"elementor-widget-container\">\n\t\t\t\t\t\t\t\t<div class=\"elementor-text-editor elementor-clearfix\">\n\t\t\t\t<p>Vous n&rsquo;avez pas trouv\u00e9 les r\u00e9ponses que vous cherchiez ? <a href=\"https:\/\/www.machool.com\/fr\/contact-2\/\" class=\"email-link\">Cliquez ici<\/a> <span style=\"color: inherit; font-family: inherit; font-style: inherit; font-weight: inherit;\">pour nous contacter <\/span>.  <\/p>\n\t\t\t\t\t<\/div>\n\t\t\t\t\t\t<\/div>\n\t\t\t\t<\/div>\n\t\t\t\t\t\t<\/div>\n\t\t\t\t\t<\/div>\n\t\t<\/div>\n\t\t\t\t\t\t\t\t<\/div>\n\t\t\t\t\t<\/div>\n\t\t<\/section>\n\t\t\t\t\t\t\t\t\t<\/div>\n\t\t\t<\/div>\n\t\t\t\t\t<\/div>\n\t\t","protected":false},"excerpt":{"rendered":"<p>Centre d&rsquo;assistance Mise en place du compte Configuration rapide Tous les comptes sont gratuits. Ne payez que lorsque vous effectuez un envoi via notre solution logistique e-commerce. Ouverture rapide d&rsquo;un compte Aller sur machool.com a&gt; \u2192 Exp\u00e9dier maintenant \u2192 S&rsquo;inscrire &hellip; <a href=\"https:\/\/www.machool.com\/fr\/support-configuration\/\">Read More<\/a><\/p>\n","protected":false},"author":2,"featured_media":0,"parent":0,"menu_order":97,"comment_status":"closed","ping_status":"closed","template":"","meta":{"footnotes":""},"class_list":["post-7214","page","type-page","status-publish","hentry"],"_links":{"self":[{"href":"https:\/\/www.machool.com\/fr\/wp-json\/wp\/v2\/pages\/7214","targetHints":{"allow":["GET"]}}],"collection":[{"href":"https:\/\/www.machool.com\/fr\/wp-json\/wp\/v2\/pages"}],"about":[{"href":"https:\/\/www.machool.com\/fr\/wp-json\/wp\/v2\/types\/page"}],"author":[{"embeddable":true,"href":"https:\/\/www.machool.com\/fr\/wp-json\/wp\/v2\/users\/2"}],"replies":[{"embeddable":true,"href":"https:\/\/www.machool.com\/fr\/wp-json\/wp\/v2\/comments?post=7214"}],"version-history":[{"count":0,"href":"https:\/\/www.machool.com\/fr\/wp-json\/wp\/v2\/pages\/7214\/revisions"}],"wp:attachment":[{"href":"https:\/\/www.machool.com\/fr\/wp-json\/wp\/v2\/media?parent=7214"}],"curies":[{"name":"wp","href":"https:\/\/api.w.org\/{rel}","templated":true}]}}