{"id":7212,"date":"2019-06-27T15:41:40","date_gmt":"2019-06-27T22:41:40","guid":{"rendered":"https:\/\/www.machool.com\/soutien-vue-densemble\/"},"modified":"2025-06-23T13:27:25","modified_gmt":"2025-06-23T20:27:25","slug":"soutien-vue-densemble","status":"publish","type":"page","link":"https:\/\/www.machool.com\/fr\/soutien-vue-densemble\/","title":{"rendered":"Soutien &#8211; vue d&rsquo;ensemble"},"content":{"rendered":"\t\t<div data-elementor-type=\"wp-post\" data-elementor-id=\"7212\" class=\"elementor elementor-7212 elementor-575\">\n\t\t\t\t\t\t<div class=\"elementor-inner\">\n\t\t\t\t<div class=\"elementor-section-wrap\">\n\t\t\t\t\t\t\t\t\t<section class=\"elementor-section elementor-top-section elementor-element elementor-element-jcpoldy elementor-section-height-min-height elementor-section-items-bottom elementor-section-content-bottom elementor-section-boxed elementor-section-height-default\" data-id=\"jcpoldy\" data-element_type=\"section\" data-settings=\"{&quot;background_background&quot;:&quot;classic&quot;}\">\n\t\t\t\t\t\t\t<div class=\"elementor-background-overlay\"><\/div>\n\t\t\t\t\t\t\t<div class=\"elementor-container elementor-column-gap-default\">\n\t\t\t\t\t\t\t<div class=\"elementor-row\">\n\t\t\t\t\t<div class=\"elementor-column elementor-col-100 elementor-top-column elementor-element elementor-element-bsvdawm\" data-id=\"bsvdawm\" data-element_type=\"column\">\n\t\t\t<div class=\"elementor-column-wrap elementor-element-populated\">\n\t\t\t\t\t\t\t<div class=\"elementor-widget-wrap\">\n\t\t\t\t\t\t<div class=\"elementor-element elementor-element-fxsfiac elementor-view-default elementor-position-top elementor-invisible elementor-widget elementor-widget-themo-header\" data-id=\"fxsfiac\" data-element_type=\"widget\" data-settings=\"{&quot;_animation&quot;:&quot;fadeInUp&quot;}\" data-widget_type=\"themo-header.default\">\n\t\t\t\t<div class=\"elementor-widget-container\">\n\t\t\t\t\t<div class=\"th-header-wrap\">\n        <div class=\"elementor-icon-box-wrapper \">\n                            <div class=\"elementor-icon-box-content\">\n                    <h1 class=\"elementor-icon-box-title\">\n                        Centre d'assistance                    <\/h1>\n                                        <p class=\"elementor-icon-box-description\"><\/p>\n\n                                    <\/div>\n            <\/div>\n\n        <\/div>\n\n\t\t\t\t<\/div>\n\t\t\t\t<\/div>\n\t\t\t\t\t\t<\/div>\n\t\t\t\t\t<\/div>\n\t\t<\/div>\n\t\t\t\t\t\t\t\t<\/div>\n\t\t\t\t\t<\/div>\n\t\t<\/section>\n\t\t\t\t<section class=\"elementor-section elementor-top-section elementor-element elementor-element-d2db5ee elementor-section-content-top elementor-section-boxed elementor-section-height-default elementor-section-height-default\" data-id=\"d2db5ee\" data-element_type=\"section\" data-settings=\"{&quot;background_background&quot;:&quot;classic&quot;}\">\n\t\t\t\t\t\t<div class=\"elementor-container elementor-column-gap-default\">\n\t\t\t\t\t\t\t<div class=\"elementor-row\">\n\t\t\t\t\t<div class=\"elementor-column elementor-col-50 elementor-top-column elementor-element elementor-element-60ff133\" data-id=\"60ff133\" data-element_type=\"column\">\n\t\t\t<div class=\"elementor-column-wrap elementor-element-populated\">\n\t\t\t\t\t\t\t<div class=\"elementor-widget-wrap\">\n\t\t\t\t\t\t<div class=\"elementor-element elementor-element-cf8db2f elementor-widget elementor-widget-spacer\" data-id=\"cf8db2f\" data-element_type=\"widget\" data-widget_type=\"spacer.default\">\n\t\t\t\t<div class=\"elementor-widget-container\">\n\t\t\t\t\t<div class=\"elementor-spacer\">\n\t\t\t<div class=\"elementor-spacer-inner\"><\/div>\n\t\t<\/div>\n\t\t\t\t<\/div>\n\t\t\t\t<\/div>\n\t\t<!-- Themovaiton Sidebar Wrap before --><div class=\"sidebar th-widget-area th-sidebar-widget\">\t\t<div class=\"elementor-element elementor-element-c95db0c support-sidebar elementor-widget elementor-widget-sidebar\" data-id=\"c95db0c\" data-element_type=\"widget\" data-widget_type=\"sidebar.default\">\n\t\t\t\t<div class=\"elementor-widget-container\">\n\t\t\t<div id=\"nav_menu-2\" class=\"widget widget_nav_menu\"><div class=\"menu-support-french-container\"><ul id=\"menu-support-french\" class=\"menu\"><li class=\"menu-item menu-item-type-post_type menu-item-object-page menu-item-has-children menu-item-7539\"><a href=\"https:\/\/www.machool.com\/fr\/centre-dassistance\/\">Centre d\u2019assistance<\/a>\n<ul class=\"sub-menu\">\n\t<li class=\"menu-item menu-item-type-post_type menu-item-object-page menu-item-7562\"><a href=\"https:\/\/www.machool.com\/fr\/soutien-vue-densemble\/\">Soutien \u2013 vue d\u2019ensemble<\/a><\/li>\n\t<li class=\"menu-item menu-item-type-post_type menu-item-object-page menu-item-7542\"><a href=\"https:\/\/www.machool.com\/fr\/support-configuration\/\">Configuration<\/a><\/li>\n\t<li class=\"menu-item menu-item-type-post_type menu-item-object-page menu-item-7551\"><a href=\"https:\/\/www.machool.com\/fr\/support-compte\/\">Compte<\/a><\/li>\n\t<li class=\"menu-item menu-item-type-post_type menu-item-object-page menu-item-7563\"><a href=\"https:\/\/www.machool.com\/fr\/soutien-expedition\/\">Soutien \u2013 exp\u00e9dition<\/a><\/li>\n\t<li class=\"menu-item menu-item-type-post_type menu-item-object-page menu-item-7546\"><a href=\"https:\/\/www.machool.com\/fr\/support-ecommerce\/\">Cybercommerce<\/a><\/li>\n\t<li class=\"menu-item menu-item-type-post_type menu-item-object-page menu-item-7547\"><a href=\"https:\/\/www.machool.com\/fr\/support-integrations\/\">Int\u00e9grations<\/a><\/li>\n\t<li class=\"menu-item menu-item-type-post_type menu-item-object-page menu-item-7534\"><a href=\"https:\/\/www.machool.com\/fr\/support-importation-csv\/\">Importation CSV<\/a><\/li>\n\t<li class=\"menu-item menu-item-type-post_type menu-item-object-page menu-item-7557\"><a href=\"https:\/\/www.machool.com\/fr\/regles-dexpedition-avancees-de-shopify\/\">R\u00e8gles d\u2019exp\u00e9dition avanc\u00e9es de Shopify<\/a><\/li>\n\t<li class=\"menu-item menu-item-type-post_type menu-item-object-page menu-item-7556\"><a href=\"https:\/\/www.machool.com\/fr\/regles-dexpedition-avancees-de-woocommerce\/\">R\u00e8gles d\u2019exp\u00e9dition avanc\u00e9es de WooCommerce<\/a><\/li>\n\t<li class=\"menu-item menu-item-type-post_type menu-item-object-page menu-item-7535\"><a href=\"https:\/\/www.machool.com\/fr\/support-expedition-par-lots\/\">Exp\u00e9dition par lots<\/a><\/li>\n\t<li class=\"menu-item menu-item-type-post_type menu-item-object-page menu-item-7548\"><a href=\"https:\/\/www.machool.com\/fr\/support-modeles-personnalises-pour-vos-paquets\/\">Mod\u00e8les personnalis\u00e9s pour vos paquets<\/a><\/li>\n\t<li class=\"menu-item menu-item-type-post_type menu-item-object-page menu-item-7533\"><a href=\"https:\/\/www.machool.com\/fr\/support-machool_bulkship\/\">Machool Bulk Ship<\/a><\/li>\n\t<li class=\"menu-item menu-item-type-post_type menu-item-object-page menu-item-7536\"><a href=\"https:\/\/www.machool.com\/fr\/support-notifications-denvoi-avancees\/\">Notifications d\u2019envoi avanc\u00e9es<\/a><\/li>\n\t<li class=\"menu-item menu-item-type-post_type menu-item-object-page menu-item-7564\"><a href=\"https:\/\/www.machool.com\/fr\/soutien-aux-prestataires-de-services\/\">Soutien aux prestataires de services<\/a><\/li>\n\t<li class=\"menu-item menu-item-type-post_type menu-item-object-page menu-item-7565\"><a href=\"https:\/\/www.machool.com\/fr\/frais-dajustement\/\">Frais d\u2019ajustement<\/a><\/li>\n\t<li class=\"menu-item menu-item-type-post_type menu-item-object-page menu-item-7561\"><a href=\"https:\/\/www.machool.com\/fr\/livraison-a-un-point-de-ramassage-local\/\">Livraison \u00e0 un point de ramassage local<\/a><\/li>\n\t<li class=\"menu-item menu-item-type-post_type menu-item-object-page menu-item-7558\"><a href=\"https:\/\/www.machool.com\/fr\/solution-api-machool\/\">Solution API Machool<\/a><\/li>\n\t<li class=\"menu-item menu-item-type-post_type menu-item-object-page menu-item-7544\"><a href=\"https:\/\/www.machool.com\/fr\/support-demande-denlevement\/\">Demande de ramassage<\/a><\/li>\n\t<li class=\"menu-item menu-item-type-post_type menu-item-object-page menu-item-7545\"><a href=\"https:\/\/www.machool.com\/fr\/support-comprendre-le-centre-danalyse-de-machool\/\">Comprendre le centre d\u2019analyse de Machool<\/a><\/li>\n\t<li class=\"menu-item menu-item-type-post_type menu-item-object-page menu-item-7538\"><a href=\"https:\/\/www.machool.com\/fr\/prereglages-comment-faire\/\">Pr\u00e9r\u00e9glages<\/a><\/li>\n\t<li class=\"menu-item menu-item-type-post_type menu-item-object-page menu-item-7560\"><a href=\"https:\/\/www.machool.com\/fr\/impression-directe\/\">Impression directe<\/a><\/li>\n\t<li class=\"menu-item menu-item-type-post_type menu-item-object-page menu-item-7543\"><a href=\"https:\/\/www.machool.com\/fr\/support-centre-de-support\/\">Centre de support<\/a><\/li>\n\t<li class=\"menu-item menu-item-type-post_type menu-item-object-page menu-item-7688\"><a href=\"https:\/\/www.machool.com\/fr\/support-portail-des-retours\/\">Portail des retours<\/a><\/li>\n\t<li class=\"menu-item menu-item-type-post_type menu-item-object-page menu-item-8029\"><a href=\"https:\/\/www.machool.com\/fr\/support-integration-de-zonos\/\">Support \u2013 Int\u00e9gration de Zonos<\/a><\/li>\n<\/ul>\n<\/li>\n<\/ul><\/div><\/div>\t\t<\/div>\n\t\t\t\t<\/div>\n\t\t<\/div><!-- Themovaiton Sidebar Wrap after -->\t\t\t\t<\/div>\n\t\t\t\t\t<\/div>\n\t\t<\/div>\n\t\t\t\t<div class=\"elementor-column elementor-col-50 elementor-top-column elementor-element elementor-element-40d80c8\" data-id=\"40d80c8\" data-element_type=\"column\">\n\t\t\t<div class=\"elementor-column-wrap elementor-element-populated\">\n\t\t\t\t\t\t\t<div class=\"elementor-widget-wrap\">\n\t\t\t\t\t\t<div class=\"elementor-element elementor-element-ea2a96c elementor-widget elementor-widget-spacer\" data-id=\"ea2a96c\" data-element_type=\"widget\" data-widget_type=\"spacer.default\">\n\t\t\t\t<div class=\"elementor-widget-container\">\n\t\t\t\t\t<div class=\"elementor-spacer\">\n\t\t\t<div class=\"elementor-spacer-inner\"><\/div>\n\t\t<\/div>\n\t\t\t\t<\/div>\n\t\t\t\t<\/div>\n\t\t\t\t<div class=\"elementor-element elementor-element-8ce23c4 elementor-widget elementor-widget-heading\" data-id=\"8ce23c4\" data-element_type=\"widget\" data-widget_type=\"heading.default\">\n\t\t\t\t<div class=\"elementor-widget-container\">\n\t\t\t<h2 class=\"elementor-heading-title elementor-size-default\">Vue d'ensemble de Machool<\/h2>\t\t<\/div>\n\t\t\t\t<\/div>\n\t\t\t\t<div class=\"elementor-element elementor-element-4dc9705 elementor-widget-divider--view-line elementor-widget elementor-widget-divider\" data-id=\"4dc9705\" data-element_type=\"widget\" data-widget_type=\"divider.default\">\n\t\t\t\t<div class=\"elementor-widget-container\">\n\t\t\t\t\t<div class=\"elementor-divider\">\n\t\t\t<span class=\"elementor-divider-separator\">\n\t\t\t\t\t\t<\/span>\n\t\t<\/div>\n\t\t\t\t<\/div>\n\t\t\t\t<\/div>\n\t\t\t\t<div class=\"elementor-element elementor-element-78f59a9 elementor-widget elementor-widget-spacer\" data-id=\"78f59a9\" data-element_type=\"widget\" data-widget_type=\"spacer.default\">\n\t\t\t\t<div class=\"elementor-widget-container\">\n\t\t\t\t\t<div class=\"elementor-spacer\">\n\t\t\t<div class=\"elementor-spacer-inner\"><\/div>\n\t\t<\/div>\n\t\t\t\t<\/div>\n\t\t\t\t<\/div>\n\t\t\t\t<div class=\"elementor-element elementor-element-7da9bf7 elementor-view-default elementor-position-top elementor-widget elementor-widget-themo-header\" data-id=\"7da9bf7\" data-element_type=\"widget\" data-widget_type=\"themo-header.default\">\n\t\t\t\t<div class=\"elementor-widget-container\">\n\t\t\t\t\t<div class=\"th-header-wrap\">\n        <div class=\"elementor-icon-box-wrapper \">\n                            <div class=\"elementor-icon-box-content\">\n                    <h3 class=\"elementor-icon-box-title\">\n                        Qu'est-ce que Machool ?                    <\/h3>\n                                        <p class=\"elementor-icon-box-description\"><b>Plate-forme d'exp\u00e9dition tout-en-un<\/b>\nMachool est le moyen le plus rapide de comparer les tarifs d'exp\u00e9dition en temps r\u00e9el, de rationaliser votre processus d'exp\u00e9dition et de fournir des rapports et des donn\u00e9es pertinents.  Notre <a class=\"email-link\" href=\"https:\/\/www.machool.com\/fr\/\">solution de livraison e-commerce<\/a>  a \u00e9t\u00e9 con\u00e7ue pour vous faire gagner du temps et de l'argent.  <\/p>\n\n                                    <\/div>\n            <\/div>\n\n        <\/div>\n\n\t\t\t\t<\/div>\n\t\t\t\t<\/div>\n\t\t\t\t<div class=\"elementor-element elementor-element-3a179c7 elementor-view-default elementor-position-top elementor-widget elementor-widget-themo-header\" data-id=\"3a179c7\" data-element_type=\"widget\" data-widget_type=\"themo-header.default\">\n\t\t\t\t<div class=\"elementor-widget-container\">\n\t\t\t\t\t<div class=\"th-header-wrap\">\n        <div class=\"elementor-icon-box-wrapper \">\n                            <div class=\"elementor-icon-box-content\">\n                    <h3 class=\"elementor-icon-box-title\">\n                        Caract\u00e9ristiques                    <\/h3>\n                                        <p class=\"elementor-icon-box-description\">Tous les comptes ont acc\u00e8s aux fonctionnalit\u00e9s suivantes : <a class=\"email-link\" href=\"https:\/\/www.machool.com\/fr\/produit\/\">tarifs d'exp\u00e9dition \u00e0 rabais<\/a>, validation des adresses, \u00e9tiquettes d'exp\u00e9dition, carnet d'adresses, suivi instantan\u00e9, analyses, cr\u00e9ation de votre propre compte. Pour en savoir plus sur les caract\u00e9ristiques, consultez notre page produit.<\/p>\n\n                                    <\/div>\n            <\/div>\n\n        <\/div>\n\n\t\t\t\t<\/div>\n\t\t\t\t<\/div>\n\t\t\t\t<div class=\"elementor-element elementor-element-53f69ea elementor-widget elementor-widget-spacer\" data-id=\"53f69ea\" data-element_type=\"widget\" data-widget_type=\"spacer.default\">\n\t\t\t\t<div class=\"elementor-widget-container\">\n\t\t\t\t\t<div class=\"elementor-spacer\">\n\t\t\t<div class=\"elementor-spacer-inner\"><\/div>\n\t\t<\/div>\n\t\t\t\t<\/div>\n\t\t\t\t<\/div>\n\t\t\t\t<div class=\"elementor-element elementor-element-01a531f elementor-view-default elementor-position-top elementor-widget elementor-widget-themo-header\" data-id=\"01a531f\" data-element_type=\"widget\" data-widget_type=\"themo-header.default\">\n\t\t\t\t<div class=\"elementor-widget-container\">\n\t\t\t\t\t<div class=\"th-header-wrap\">\n        <div class=\"elementor-icon-box-wrapper \">\n                            <div class=\"elementor-icon-box-content\">\n                    <h3 class=\"elementor-icon-box-title\">\n                        Tarification                    <\/h3>\n                                        <p class=\"elementor-icon-box-description\"><b>Tous les comptes sont gratuits<\/b>\nNe payez que lorsque vous effectuez un envoi. <\/p>\n\n                                    <\/div>\n            <\/div>\n\n        <\/div>\n\n\t\t\t\t<\/div>\n\t\t\t\t<\/div>\n\t\t\t\t<div class=\"elementor-element elementor-element-bcd7bf7 elementor-widget elementor-widget-spacer\" data-id=\"bcd7bf7\" data-element_type=\"widget\" data-widget_type=\"spacer.default\">\n\t\t\t\t<div class=\"elementor-widget-container\">\n\t\t\t\t\t<div class=\"elementor-spacer\">\n\t\t\t<div class=\"elementor-spacer-inner\"><\/div>\n\t\t<\/div>\n\t\t\t\t<\/div>\n\t\t\t\t<\/div>\n\t\t\t\t<div class=\"elementor-element elementor-element-f5ad93c elementor-view-default elementor-position-top elementor-widget elementor-widget-themo-header\" data-id=\"f5ad93c\" data-element_type=\"widget\" data-widget_type=\"themo-header.default\">\n\t\t\t\t<div class=\"elementor-widget-container\">\n\t\t\t\t\t<div class=\"th-header-wrap\">\n        <div class=\"elementor-icon-box-wrapper \">\n                            <div class=\"elementor-icon-box-content\">\n                    <h3 class=\"elementor-icon-box-title\">\n                        E-commerce et BYOA                    <\/h3>\n                                        <p class=\"elementor-icon-box-description\"><p><b>Int\u00e9gration des fournisseurs de services :<\/b>\nInt\u00e9grez vos comptes Postes Canada, GLS, DHL, FedEx, Purolator, UPS et autres \u00e0 la plateforme Machool pour comparer les tarifs.<\/p><br>\n\n<p><b>Int\u00e9gration des plate-formes e-commerce :<\/b>\nSynchronisez vos comptes Shopify, WooCommerce, Magento, Lightspeed, Wix, Etsy et Panierdachat pour v\u00e9rifier les commandes et effectuer les exp\u00e9ditions.  <\/p><\/p>\n\n                                    <\/div>\n            <\/div>\n\n        <\/div>\n\n\t\t\t\t<\/div>\n\t\t\t\t<\/div>\n\t\t\t\t<div class=\"elementor-element elementor-element-771abb9 elementor-widget elementor-widget-spacer\" data-id=\"771abb9\" data-element_type=\"widget\" data-widget_type=\"spacer.default\">\n\t\t\t\t<div class=\"elementor-widget-container\">\n\t\t\t\t\t<div class=\"elementor-spacer\">\n\t\t\t<div class=\"elementor-spacer-inner\"><\/div>\n\t\t<\/div>\n\t\t\t\t<\/div>\n\t\t\t\t<\/div>\n\t\t\t\t<div class=\"elementor-element elementor-element-d1feb2f elementor-view-default elementor-position-top elementor-widget elementor-widget-themo-header\" data-id=\"d1feb2f\" data-element_type=\"widget\" data-widget_type=\"themo-header.default\">\n\t\t\t\t<div class=\"elementor-widget-container\">\n\t\t\t\t\t<div class=\"th-header-wrap\">\n        <div class=\"elementor-icon-box-wrapper \">\n                            <div class=\"elementor-icon-box-content\">\n                    <h3 class=\"elementor-icon-box-title\">\n                        Aper\u00e7u de la plate-forme                    <\/h3>\n                                        <p class=\"elementor-icon-box-description\"><p>La plateforme Machool comporte trois fonctions principales : Exp\u00e9dier, G\u00e9rer et Analyser.  <\/p><br>\n\n<div>\n<p><b>Exp\u00e9dier<\/b><br>\nLa fonction \"Exp\u00e9dier\" vous permet de cr\u00e9er une ou plusieurs exp\u00e9ditions \u00e0 la fois. Utilisez cet onglet pour comparer les tarifs d'exp\u00e9dition de diff\u00e9rents prestataires de services.<\/p><br>\n\n<p><b>G\u00e9rer<\/b><br>\nL'onglet G\u00e9rer vous permet d'examiner et de modifier toutes vos informations d'exp\u00e9dition pour tous les fournisseurs.  <\/p>\n\n\n<ul>\n<li style=\"margin-bottom: 0.5rem\"><b>Envois :<\/b> Examinez le statut et les d\u00e9tails de l'envoi.<\/li>\n<li style=\"margin-bottom: 0.5rem\"><b>Ramassage :<\/b> Planifiez le ramassage des envois.<\/li>\n<li style=\"margin-bottom: 0.5rem\"><b>Historique :<\/b> Passez en revue tous les envois effectu\u00e9s.<\/li>\n<li style=\"margin-bottom: 0.5rem\"><b>Exp\u00e9diteurs :<\/b> Examinez et ajoutez des exp\u00e9diteurs \u00e0 votre compte.<\/li>\n<li style=\"margin-bottom: 0.5rem\"><b>Destinataires :<\/b> Examinez et ajoutez des destinataires.<\/li>\n<li style=\"margin-bottom: 0.5rem\"><b>Fournisseurs :<\/b> Ajoutez ou mettez \u00e0 jour les fournisseurs de services.<\/li>\n<li style=\"margin-bottom: 0.5rem\"><b>Centres de co\u00fbts :<\/b> Ajoutez ou mettez \u00e0 jour les centres de co\u00fbts.<\/li>\n<li style=\"margin-bottom: 0.5rem\"><b>Ackowledgment :<\/b> Ajoutez une clause de non-responsabilit\u00e9 \u00e0 votre compte professionnel pour rappeler aux utilisateurs de votre compte qu'ils doivent respecter les politiques de l'entreprise lorsqu'ils effectuent un envoi.  <\/li>\n<li style=\"margin-bottom: 0.5rem\"><b>\u00c9tiquettes :<\/b> Choisissez entre deux formats d'\u00e9tiquettes d'exp\u00e9dition par d\u00e9faut, 4\" x 6\" ou 8,5\" x 11\". Une fois que vous en aurez s\u00e9lectionn\u00e9 un, toutes vos \u00e9tiquettes d'exp\u00e9dition seront imprim\u00e9es pour ce format.  <\/li>\n\n<li style=\"margin-bottom: 0.5rem\"><b>Analyses :<\/b> L'onglet \"Analyses\" vous donne un aper\u00e7u du co\u00fbt total et du nombre d'envois provenant de diff\u00e9rents fournisseurs, le tout dans un seul tableau de bord.<\/li>\n<\/ul>\n<\/div><\/p>\n\n                                    <\/div>\n            <\/div>\n\n        <\/div>\n\n\t\t\t\t<\/div>\n\t\t\t\t<\/div>\n\t\t\t\t<div class=\"elementor-element elementor-element-13bb06a elementor-widget elementor-widget-spacer\" data-id=\"13bb06a\" data-element_type=\"widget\" data-widget_type=\"spacer.default\">\n\t\t\t\t<div class=\"elementor-widget-container\">\n\t\t\t\t\t<div class=\"elementor-spacer\">\n\t\t\t<div class=\"elementor-spacer-inner\"><\/div>\n\t\t<\/div>\n\t\t\t\t<\/div>\n\t\t\t\t<\/div>\n\t\t\t\t<div class=\"elementor-element elementor-element-9f58776 elementor-widget elementor-widget-text-editor\" data-id=\"9f58776\" data-element_type=\"widget\" data-widget_type=\"text-editor.default\">\n\t\t\t\t<div class=\"elementor-widget-container\">\n\t\t\t\t\t\t\t\t<div class=\"elementor-text-editor elementor-clearfix\">\n\t\t\t\t<p>Vous n&rsquo;avez pas trouv\u00e9 les r\u00e9ponses que vous cherchiez ? <a class=\"email-link\" href=\"https:\/\/www.machool.com\/fr\/contact-2\/\">Cliquez ici<\/a> <span style=\"color: inherit; font-family: inherit; font-style: inherit; font-weight: inherit;\">pour nous contacter <\/span>.  <\/p>\n\t\t\t\t\t<\/div>\n\t\t\t\t\t\t<\/div>\n\t\t\t\t<\/div>\n\t\t\t\t\t\t<\/div>\n\t\t\t\t\t<\/div>\n\t\t<\/div>\n\t\t\t\t\t\t\t\t<\/div>\n\t\t\t\t\t<\/div>\n\t\t<\/section>\n\t\t\t\t\t\t\t\t\t<\/div>\n\t\t\t<\/div>\n\t\t\t\t\t<\/div>\n\t\t","protected":false},"excerpt":{"rendered":"<p>Centre d&rsquo;assistance Vue d&rsquo;ensemble de Machool Qu&rsquo;est-ce que Machool ? Plate-forme d&rsquo;exp\u00e9dition tout-en-un Machool est le moyen le plus rapide de comparer les tarifs d&rsquo;exp\u00e9dition en temps r\u00e9el, de rationaliser votre processus d&rsquo;exp\u00e9dition et de fournir des rapports et des &hellip; <a href=\"https:\/\/www.machool.com\/fr\/soutien-vue-densemble\/\">Read More<\/a><\/p>\n","protected":false},"author":2,"featured_media":0,"parent":0,"menu_order":76,"comment_status":"closed","ping_status":"closed","template":"","meta":{"footnotes":""},"class_list":["post-7212","page","type-page","status-publish","hentry"],"_links":{"self":[{"href":"https:\/\/www.machool.com\/fr\/wp-json\/wp\/v2\/pages\/7212","targetHints":{"allow":["GET"]}}],"collection":[{"href":"https:\/\/www.machool.com\/fr\/wp-json\/wp\/v2\/pages"}],"about":[{"href":"https:\/\/www.machool.com\/fr\/wp-json\/wp\/v2\/types\/page"}],"author":[{"embeddable":true,"href":"https:\/\/www.machool.com\/fr\/wp-json\/wp\/v2\/users\/2"}],"replies":[{"embeddable":true,"href":"https:\/\/www.machool.com\/fr\/wp-json\/wp\/v2\/comments?post=7212"}],"version-history":[{"count":0,"href":"https:\/\/www.machool.com\/fr\/wp-json\/wp\/v2\/pages\/7212\/revisions"}],"wp:attachment":[{"href":"https:\/\/www.machool.com\/fr\/wp-json\/wp\/v2\/media?parent=7212"}],"curies":[{"name":"wp","href":"https:\/\/api.w.org\/{rel}","templated":true}]}}