{"id":7202,"date":"2022-10-31T10:12:27","date_gmt":"2022-10-31T17:12:27","guid":{"rendered":"https:\/\/www.machool.com\/soutien-aux-prestataires-de-services\/"},"modified":"2025-06-23T13:34:13","modified_gmt":"2025-06-23T20:34:13","slug":"soutien-aux-prestataires-de-services","status":"publish","type":"page","link":"https:\/\/www.machool.com\/fr\/soutien-aux-prestataires-de-services\/","title":{"rendered":"Soutien aux prestataires de services"},"content":{"rendered":"\t\t<div data-elementor-type=\"wp-post\" data-elementor-id=\"7202\" class=\"elementor elementor-7202 elementor-6141\">\n\t\t\t\t\t\t<div class=\"elementor-inner\">\n\t\t\t\t<div class=\"elementor-section-wrap\">\n\t\t\t\t\t\t\t\t\t<section class=\"elementor-section elementor-top-section elementor-element elementor-element-jcpoldy elementor-section-height-min-height elementor-section-items-bottom elementor-section-boxed elementor-section-height-default\" data-id=\"jcpoldy\" data-element_type=\"section\" data-settings=\"{&quot;background_background&quot;:&quot;classic&quot;}\">\n\t\t\t\t\t\t\t<div class=\"elementor-background-overlay\"><\/div>\n\t\t\t\t\t\t\t<div class=\"elementor-container elementor-column-gap-default\">\n\t\t\t\t\t\t\t<div class=\"elementor-row\">\n\t\t\t\t\t<div class=\"elementor-column elementor-col-100 elementor-top-column elementor-element elementor-element-bsvdawm\" data-id=\"bsvdawm\" data-element_type=\"column\">\n\t\t\t<div class=\"elementor-column-wrap elementor-element-populated\">\n\t\t\t\t\t\t\t<div class=\"elementor-widget-wrap\">\n\t\t\t\t\t\t<div class=\"elementor-element elementor-element-fxsfiac elementor-view-default elementor-position-top elementor-invisible elementor-widget elementor-widget-themo-header\" data-id=\"fxsfiac\" data-element_type=\"widget\" data-settings=\"{&quot;_animation&quot;:&quot;fadeInUp&quot;}\" data-widget_type=\"themo-header.default\">\n\t\t\t\t<div class=\"elementor-widget-container\">\n\t\t\t\t\t<div class=\"th-header-wrap\">\n        <div class=\"elementor-icon-box-wrapper \">\n                            <div class=\"elementor-icon-box-content\">\n                    <h1 class=\"elementor-icon-box-title\">\n                        Centre d'assistance                    <\/h1>\n                                        <p class=\"elementor-icon-box-description\"><\/p>\n\n                                    <\/div>\n            <\/div>\n\n        <\/div>\n\n\t\t\t\t<\/div>\n\t\t\t\t<\/div>\n\t\t\t\t\t\t<\/div>\n\t\t\t\t\t<\/div>\n\t\t<\/div>\n\t\t\t\t\t\t\t\t<\/div>\n\t\t\t\t\t<\/div>\n\t\t<\/section>\n\t\t\t\t<section class=\"elementor-section elementor-top-section elementor-element elementor-element-d057247 elementor-section-content-top elementor-section-boxed elementor-section-height-default elementor-section-height-default\" data-id=\"d057247\" data-element_type=\"section\" data-settings=\"{&quot;background_background&quot;:&quot;classic&quot;}\">\n\t\t\t\t\t\t<div class=\"elementor-container elementor-column-gap-default\">\n\t\t\t\t\t\t\t<div class=\"elementor-row\">\n\t\t\t\t\t<div class=\"elementor-column elementor-col-50 elementor-top-column elementor-element elementor-element-c85be6b\" data-id=\"c85be6b\" data-element_type=\"column\">\n\t\t\t<div class=\"elementor-column-wrap elementor-element-populated\">\n\t\t\t\t\t\t\t<div class=\"elementor-widget-wrap\">\n\t\t\t\t\t\t<div class=\"elementor-element elementor-element-dd33cb8 elementor-widget elementor-widget-spacer\" data-id=\"dd33cb8\" data-element_type=\"widget\" data-widget_type=\"spacer.default\">\n\t\t\t\t<div class=\"elementor-widget-container\">\n\t\t\t\t\t<div class=\"elementor-spacer\">\n\t\t\t<div class=\"elementor-spacer-inner\"><\/div>\n\t\t<\/div>\n\t\t\t\t<\/div>\n\t\t\t\t<\/div>\n\t\t<!-- Themovaiton Sidebar Wrap before --><div class=\"sidebar th-widget-area th-sidebar-widget\">\t\t<div class=\"elementor-element elementor-element-057db62 support-sidebar elementor-widget elementor-widget-sidebar\" data-id=\"057db62\" data-element_type=\"widget\" data-widget_type=\"sidebar.default\">\n\t\t\t\t<div class=\"elementor-widget-container\">\n\t\t\t<div id=\"nav_menu-2\" class=\"widget widget_nav_menu\"><div class=\"menu-support-french-container\"><ul id=\"menu-support-french\" class=\"menu\"><li class=\"menu-item menu-item-type-post_type menu-item-object-page menu-item-has-children menu-item-7539\"><a href=\"https:\/\/www.machool.com\/fr\/centre-dassistance\/\">Centre d\u2019assistance<\/a>\n<ul class=\"sub-menu\">\n\t<li class=\"menu-item menu-item-type-post_type menu-item-object-page menu-item-7562\"><a href=\"https:\/\/www.machool.com\/fr\/soutien-vue-densemble\/\">Soutien \u2013 vue d\u2019ensemble<\/a><\/li>\n\t<li class=\"menu-item menu-item-type-post_type menu-item-object-page menu-item-7542\"><a href=\"https:\/\/www.machool.com\/fr\/support-configuration\/\">Configuration<\/a><\/li>\n\t<li class=\"menu-item menu-item-type-post_type menu-item-object-page menu-item-7551\"><a href=\"https:\/\/www.machool.com\/fr\/support-compte\/\">Compte<\/a><\/li>\n\t<li class=\"menu-item menu-item-type-post_type menu-item-object-page menu-item-7563\"><a href=\"https:\/\/www.machool.com\/fr\/soutien-expedition\/\">Soutien \u2013 exp\u00e9dition<\/a><\/li>\n\t<li class=\"menu-item menu-item-type-post_type menu-item-object-page menu-item-7546\"><a href=\"https:\/\/www.machool.com\/fr\/support-ecommerce\/\">Cybercommerce<\/a><\/li>\n\t<li class=\"menu-item menu-item-type-post_type menu-item-object-page menu-item-7547\"><a href=\"https:\/\/www.machool.com\/fr\/support-integrations\/\">Int\u00e9grations<\/a><\/li>\n\t<li class=\"menu-item menu-item-type-post_type menu-item-object-page menu-item-7534\"><a href=\"https:\/\/www.machool.com\/fr\/support-importation-csv\/\">Importation CSV<\/a><\/li>\n\t<li class=\"menu-item menu-item-type-post_type menu-item-object-page menu-item-7557\"><a href=\"https:\/\/www.machool.com\/fr\/regles-dexpedition-avancees-de-shopify\/\">R\u00e8gles d\u2019exp\u00e9dition avanc\u00e9es de Shopify<\/a><\/li>\n\t<li class=\"menu-item menu-item-type-post_type menu-item-object-page menu-item-7556\"><a href=\"https:\/\/www.machool.com\/fr\/regles-dexpedition-avancees-de-woocommerce\/\">R\u00e8gles d\u2019exp\u00e9dition avanc\u00e9es de WooCommerce<\/a><\/li>\n\t<li class=\"menu-item menu-item-type-post_type menu-item-object-page menu-item-7535\"><a href=\"https:\/\/www.machool.com\/fr\/support-expedition-par-lots\/\">Exp\u00e9dition par lots<\/a><\/li>\n\t<li class=\"menu-item menu-item-type-post_type menu-item-object-page menu-item-7548\"><a href=\"https:\/\/www.machool.com\/fr\/support-modeles-personnalises-pour-vos-paquets\/\">Mod\u00e8les personnalis\u00e9s pour vos paquets<\/a><\/li>\n\t<li class=\"menu-item menu-item-type-post_type menu-item-object-page menu-item-7533\"><a href=\"https:\/\/www.machool.com\/fr\/support-machool_bulkship\/\">Machool Bulk Ship<\/a><\/li>\n\t<li class=\"menu-item menu-item-type-post_type menu-item-object-page menu-item-7536\"><a href=\"https:\/\/www.machool.com\/fr\/support-notifications-denvoi-avancees\/\">Notifications d\u2019envoi avanc\u00e9es<\/a><\/li>\n\t<li class=\"menu-item menu-item-type-post_type menu-item-object-page menu-item-7564\"><a href=\"https:\/\/www.machool.com\/fr\/soutien-aux-prestataires-de-services\/\">Soutien aux prestataires de services<\/a><\/li>\n\t<li class=\"menu-item menu-item-type-post_type menu-item-object-page menu-item-7565\"><a href=\"https:\/\/www.machool.com\/fr\/frais-dajustement\/\">Frais d\u2019ajustement<\/a><\/li>\n\t<li class=\"menu-item menu-item-type-post_type menu-item-object-page menu-item-7561\"><a href=\"https:\/\/www.machool.com\/fr\/livraison-a-un-point-de-ramassage-local\/\">Livraison \u00e0 un point de ramassage local<\/a><\/li>\n\t<li class=\"menu-item menu-item-type-post_type menu-item-object-page menu-item-7558\"><a href=\"https:\/\/www.machool.com\/fr\/solution-api-machool\/\">Solution API Machool<\/a><\/li>\n\t<li class=\"menu-item menu-item-type-post_type menu-item-object-page menu-item-7544\"><a href=\"https:\/\/www.machool.com\/fr\/support-demande-denlevement\/\">Demande de ramassage<\/a><\/li>\n\t<li class=\"menu-item menu-item-type-post_type menu-item-object-page menu-item-7545\"><a href=\"https:\/\/www.machool.com\/fr\/support-comprendre-le-centre-danalyse-de-machool\/\">Comprendre le centre d\u2019analyse de Machool<\/a><\/li>\n\t<li class=\"menu-item menu-item-type-post_type menu-item-object-page menu-item-7538\"><a href=\"https:\/\/www.machool.com\/fr\/prereglages-comment-faire\/\">Pr\u00e9r\u00e9glages<\/a><\/li>\n\t<li class=\"menu-item menu-item-type-post_type menu-item-object-page menu-item-7560\"><a href=\"https:\/\/www.machool.com\/fr\/impression-directe\/\">Impression directe<\/a><\/li>\n\t<li class=\"menu-item menu-item-type-post_type menu-item-object-page menu-item-7543\"><a href=\"https:\/\/www.machool.com\/fr\/support-centre-de-support\/\">Centre de support<\/a><\/li>\n\t<li class=\"menu-item menu-item-type-post_type menu-item-object-page menu-item-7688\"><a href=\"https:\/\/www.machool.com\/fr\/support-portail-des-retours\/\">Portail des retours<\/a><\/li>\n\t<li class=\"menu-item menu-item-type-post_type menu-item-object-page menu-item-8029\"><a href=\"https:\/\/www.machool.com\/fr\/support-integration-de-zonos\/\">Support \u2013 Int\u00e9gration de Zonos<\/a><\/li>\n<\/ul>\n<\/li>\n<\/ul><\/div><\/div>\t\t<\/div>\n\t\t\t\t<\/div>\n\t\t<\/div><!-- Themovaiton Sidebar Wrap after -->\t\t\t\t<\/div>\n\t\t\t\t\t<\/div>\n\t\t<\/div>\n\t\t\t\t<div class=\"elementor-column elementor-col-50 elementor-top-column elementor-element elementor-element-89ac90a\" data-id=\"89ac90a\" data-element_type=\"column\">\n\t\t\t<div class=\"elementor-column-wrap elementor-element-populated\">\n\t\t\t\t\t\t\t<div class=\"elementor-widget-wrap\">\n\t\t\t\t\t\t<div class=\"elementor-element elementor-element-9db8102 elementor-widget elementor-widget-spacer\" data-id=\"9db8102\" data-element_type=\"widget\" data-widget_type=\"spacer.default\">\n\t\t\t\t<div class=\"elementor-widget-container\">\n\t\t\t\t\t<div class=\"elementor-spacer\">\n\t\t\t<div class=\"elementor-spacer-inner\"><\/div>\n\t\t<\/div>\n\t\t\t\t<\/div>\n\t\t\t\t<\/div>\n\t\t\t\t<div class=\"elementor-element elementor-element-25a1d26 elementor-widget elementor-widget-heading\" data-id=\"25a1d26\" data-element_type=\"widget\" data-widget_type=\"heading.default\">\n\t\t\t\t<div class=\"elementor-widget-container\">\n\t\t\t<h2 class=\"elementor-heading-title elementor-size-default\">Soutien aux prestataires de services<\/h2>\t\t<\/div>\n\t\t\t\t<\/div>\n\t\t\t\t<div class=\"elementor-element elementor-element-2d989d2 elementor-widget-divider--view-line elementor-widget elementor-widget-divider\" data-id=\"2d989d2\" data-element_type=\"widget\" data-widget_type=\"divider.default\">\n\t\t\t\t<div class=\"elementor-widget-container\">\n\t\t\t\t\t<div class=\"elementor-divider\">\n\t\t\t<span class=\"elementor-divider-separator\">\n\t\t\t\t\t\t<\/span>\n\t\t<\/div>\n\t\t\t\t<\/div>\n\t\t\t\t<\/div>\n\t\t\t\t<div class=\"elementor-element elementor-element-501e94b elementor-view-default elementor-position-top elementor-widget elementor-widget-themo-header\" data-id=\"501e94b\" data-element_type=\"widget\" data-widget_type=\"themo-header.default\">\n\t\t\t\t<div class=\"elementor-widget-container\">\n\t\t\t\t\t<div class=\"th-header-wrap\">\n        <div class=\"elementor-icon-box-wrapper \">\n                            <div class=\"elementor-icon-box-content\">\n                    <h4 class=\"elementor-icon-box-title\">\n                                            <\/h4>\n                                        <p class=\"elementor-icon-box-description\"><p>Notre <a style=\"color:#1ac7ad\" href=\"https:\/\/www.machool.com\/fr\/contact-2\/\" target=\"_blank\">\u00e9quipe d'assistance Machool<\/a> est toujours heureuse de r\u00e9pondre \u00e0 vos questions concernant notre <a class=\"email-link\" href=\"https:\/\/www.machool.com\/fr\/\/\">solution de livraison e-commerce<\/a>. Toutefois, il peut arriver que vous deviez vous adresser au prestataire de services, par exemple pour localiser un colis manquant ou vous renseigner sur les exceptions en mati\u00e8re de livraison.  <\/p>\n\n<p>C'est pourquoi nous avons rassembl\u00e9 pour vous une liste de ressources de soutien disponibles pour tous les partenaires de Machool. Notez que vous pouvez disposer de ressources d'assistance suppl\u00e9mentaires en fonction du contrat ou de l'abonnement que vous avez conclu avec votre transporteur.<\/p><\/p>\n\n                                    <\/div>\n            <\/div>\n\n        <\/div>\n\n\t\t\t\t<\/div>\n\t\t\t\t<\/div>\n\t\t\t\t<div class=\"elementor-element elementor-element-811001a elementor-widget elementor-widget-text-editor\" data-id=\"811001a\" data-element_type=\"widget\" data-widget_type=\"text-editor.default\">\n\t\t\t\t<div class=\"elementor-widget-container\">\n\t\t\t\t\t\t\t\t<div class=\"elementor-text-editor elementor-clearfix\">\n\t\t\t\t<table class=\"support-table\"><tbody><tr><td><b>Partenaire Machool<\/b><\/td><td><b>Centre d&rsquo;aide<\/b><\/td><td><b>Support Web Contact<\/b><\/td><td><b>Support t\u00e9l\u00e9phonique<\/b><\/td><\/tr><tr><td>Air Canada Cargo<\/td><td><a href=\"https:\/\/www.aircanada.com\/cargo\/customer-support\/faqs\" target=\"_blank\" rel=\"noopener\">Foire aux questions<br \/><\/a><\/td><td><a href=\"https:\/\/www.aircanada.com\/cargo\/customer-support\/station-information\" target=\"_blank\" rel=\"noopener\">Formulaire de contact<br \/><\/a><\/td><td>+1-800-387-4865<\/td><\/tr><tr><td>Postes Canada<\/td><td><a href=\"https:\/\/www.canadapost-postescanada.ca\/cpc\/en\/support.page\" target=\"_blank\" rel=\"noopener\">Support<\/a><\/td><td><a href=\"https:\/\/www.canadapost-postescanada.ca\/info\/mc\/app\/personal\/miniforms\/invoice-contact.jsf\" target=\"_blank\" rel=\"noopener\">Formulaire de contact<br \/><\/a><\/td><td>+1-866-607-6301<\/td><\/tr><tr><td>Canpar<\/td><td><a href=\"https:\/\/www.canpar.com\/en\/support\/support_overview.htm#faqs\" target=\"_blank\" rel=\"noopener\">FAQ et tutoriels<br \/><\/a><\/td><td><a href=\"https:\/\/www.canpar.com\/en\/contact\/contact_us.htm\" target=\"_blank\" rel=\"noopener\">Chat<br \/><\/a><\/td><td>+1-800-387-9335<\/td><\/tr><tr><td>Chasseur Courrier<\/td><td><a href=\"https:\/\/www.chasseurscourrier.com\/faq\/\" target=\"_blank\" rel=\"noopener\">FAQs<br \/><\/a><\/td><td><a href=\"https:\/\/www.chasseurscourrier.com\/contact-us\/\" target=\"_blank\" rel=\"noopener\">Formulaire de contact<br \/><\/a><\/td><td>+1-514-442-7197<\/td><\/tr><tr><td>Delivro<\/td><td><a href=\"https:\/\/support.delivro.ca\/portal\/fr\/home\" target=\"_blank\" rel=\"noopener\">Aide et support<\/a><\/td><td><a href=\"https:\/\/delivro.ca\/page\/contact\" target=\"_blank\" rel=\"noopener\">Centre de contact<\/a><\/td><td>+1-418-681-0759<\/td><\/tr><tr><td>DHL<\/td><td><a href=\"https:\/\/mydhl.express.dhl\/ca\/en\/help-and-support.html\" target=\"_blank\" rel=\"noopener\">Aide et support<br \/><\/a><\/td><td><a href=\"https:\/\/mydhl.express.dhl\/ca\/en\/help-and-support.html#\/contact_us\" target=\"_blank\" rel=\"noopener\">Centre de contact<br \/><\/a><\/td><td>+1-855-345-7447<\/td><\/tr><tr><td>Eeko Couriers<\/td><td><a href=\"https:\/\/eeko3pl.com\/faq\/\" target=\"_blank\" rel=\"noopener\">FAQs<br \/><\/a><\/td><td><a href=\"https:\/\/eekocouriers.com\/contact-couriers-in-vancouver\" target=\"_blank\" rel=\"noopener\">Formulaire de contact<br \/><\/a><\/td><td>+1-604-688-9500<\/td><\/tr><tr><td>Eva<\/td><td><a href=\"https:\/\/eva.coop\/#\/faq\" target=\"_blank\" rel=\"noopener\">FAQs<br \/><\/a><\/td><td><a href=\"https:\/\/eva.coop\/#\/contact\" target=\"_blank\" rel=\"noopener\">Formulaire de contact<br \/><\/a><\/td><td>+1-514-543-3667<\/td><\/tr><tr><td>Fedex<\/td><td><a href=\"https:\/\/www.fedex.com\/en-ca\/resources-tools\/ship.html\" target=\"_blank\" rel=\"noopener\">Centre d&rsquo;aide<br \/><\/a><\/td><td>&#8211;<\/td><td>+1-800-463-3339<\/td><\/tr><tr><td>FlashBox<\/td><td><a href=\"https:\/\/help.flashbox.co\/en\/\" target=\"_blank\" rel=\"noopener\">Centre de connaissances<br \/><\/a><\/td><td><a href=\"https:\/\/help.flashbox.co\/en\/\" target=\"_blank\" rel=\"noopener\">Chat<br \/><\/a><\/td><td>+1-888-631-7895<\/td><\/tr><tr><td>GLS<\/td><td><a href=\"https:\/\/gls-canada.com\/en\/express\/support\/faq\" target=\"_blank\" rel=\"noopener\">FAQs<br \/><\/a><\/td><td><a href=\"https:\/\/gls-canada.com\/en\/express\/support\/questions\" target=\"_blank\" rel=\"noopener\">Formulaire de contact<br \/><\/a><\/td><td>+1-888-463-4266<\/td><\/tr><tr><td>ICS<\/td><td><a href=\"https:\/\/www.icscourier.ca\/support\/faqs.aspx\" target=\"_blank\" rel=\"noopener\">Centre d&rsquo;aide<br \/><\/a><\/td><td><a href=\"https:\/\/www.icscourier.ca\/about-us\/contactics.aspx\" target=\"_blank\" rel=\"noopener\">Formulaire de contact<br \/><\/a><\/td><td>+1-888-427-8729<\/td><\/tr><tr><td>Intelcom Dragonfly<\/td><td><a href=\"https:\/\/intelcom.ca\/en\/support\/\" target=\"_blank\" rel=\"noopener\">Centre d&rsquo;aide et FAQ<br \/><\/a><\/td><td>&#8211;<\/td><td>&#8211;<\/td><\/tr><tr><td>Livrapide<\/td><td><a href=\"https:\/\/livrapide.ca\/en\/\" target=\"_blank\" rel=\"noopener\">FAQs<br \/><\/a><\/td><td>&#8211;<\/td><td>+1-514-444-1025<\/td><\/tr><tr><td>Nationex<\/td><td><a href=\"https:\/\/www.nationex.com\/en\/faq\" target=\"_blank\" rel=\"noopener\">FAQs<br \/><\/a><\/td><td><a href=\"https:\/\/www.nationex.com\/en\/contact\" target=\"_blank\" rel=\"noopener\">Formulaire de contact<br \/><\/a><\/td><td>+1-888-999-7737<\/td><\/tr><tr><td>Purolator<\/td><td><a href=\"https:\/\/www.purolator.com\/en\/support\" target=\"_blank\" rel=\"noopener\">Centre d&rsquo;aide et de soutien<br \/><\/a><\/td><td><a href=\"https:\/\/www.purolator.com\/en\/support\/contact-us\" target=\"_blank\" rel=\"noopener\">Chat<br \/><\/a><\/td><td>+1-888-744-7123<\/td><\/tr><tr><td>Livraison par \u00e9quipe<\/td><td>&#8211;<\/td><td><a href=\"mailto:info@shift.coop\">Formulaire de contact<br \/><\/a><\/td><td>+1-604-445-4391<\/td><\/tr><tr><td>Printemps<\/td><td><a href=\"https:\/\/www.spring-gds.com\/en-ca\/track-and-trace\/\" target=\"_blank\" rel=\"noopener\">Centre d&rsquo;aide<br \/><\/a><\/td><td><a href=\"https:\/\/www.spring-gds.com\/en-ca\/\" target=\"_blank\" rel=\"noopener\">Formulaire de contact<br \/><\/a><\/td><td>+1-905-678-2770<\/td><\/tr><tr><td>Trexity<\/td><td><a href=\"https:\/\/trexity.zendesk.com\/hc\/en-us\" target=\"_blank\" rel=\"noopener\">Centre d&rsquo;aide<br \/><\/a><\/td><td><a href=\"https:\/\/trexity.com\/contact\/\" target=\"_blank\" rel=\"noopener\">Contactez<br \/><\/a><\/td><td>&#8211;<\/td><\/tr><tr><td>Ulala<\/td><td>&#8211;<\/td><td><a href=\"mailto:support@ulala.ca\">support@ulala.ca<\/a><\/td><td>+1-604-918-0619<\/td><\/tr><tr><td>UniUni<\/td><td><a href=\"https:\/\/support.uniuni.com\/en\/support\/home\" target=\"_blank\" rel=\"noopener\">Centre d&rsquo;aide et FAQ<br \/><\/a><\/td><td><a href=\"https:\/\/www.uniuni.com\/support\/\" target=\"_blank\" rel=\"noopener\">Formulaire de contact<br \/><\/a><\/td><td>+1-800-282-2468<\/td><\/tr><tr><td>UPS<\/td><td><a href=\"https:\/\/www.ups.com\/ca\/en\/support\/tracking-support.page?\" target=\"_blank\" rel=\"noopener\">Support et FAQ<br \/><\/a><\/td><td><a href=\"https:\/\/www.ups.com\/upsemail\/input?loc=en_CA\" target=\"_blank\" rel=\"noopener\">Formulaire de contact<br \/><\/a><\/td><td>+1-800-742-5877<\/td><\/tr><\/tbody><\/table>\t\t\t\t\t<\/div>\n\t\t\t\t\t\t<\/div>\n\t\t\t\t<\/div>\n\t\t\t\t<div class=\"elementor-element elementor-element-9504704 elementor-view-default elementor-position-top elementor-widget elementor-widget-themo-header\" data-id=\"9504704\" data-element_type=\"widget\" data-widget_type=\"themo-header.default\">\n\t\t\t\t<div class=\"elementor-widget-container\">\n\t\t\t\t\t<div class=\"th-header-wrap\">\n        <div class=\"elementor-icon-box-wrapper \">\n                            <div class=\"elementor-icon-box-content\">\n                    <h4 class=\"elementor-icon-box-title\">\n                                            <\/h4>\n                                        <p class=\"elementor-icon-box-description\">Si vous souhaitez savoir comment int\u00e9grer votre propre compte \u00e0 la plateforme Machool, veuillez consulter notre <a style=\"color:#1ac7ad\" href=\"https:\/\/www.machool.com\/fr\/support-integrations\/\" target=\"_blank\">support d'int\u00e9gration<\/a>.  <\/p>\n\n                                    <\/div>\n            <\/div>\n\n        <\/div>\n\n\t\t\t\t<\/div>\n\t\t\t\t<\/div>\n\t\t\t\t<div class=\"elementor-element elementor-element-186897b elementor-widget elementor-widget-text-editor\" data-id=\"186897b\" data-element_type=\"widget\" data-widget_type=\"text-editor.default\">\n\t\t\t\t<div class=\"elementor-widget-container\">\n\t\t\t\t\t\t\t\t<div class=\"elementor-text-editor elementor-clearfix\">\n\t\t\t\t<p>Vous n&rsquo;avez pas trouv\u00e9 les r\u00e9ponses que vous cherchiez ? <a href=\"https:\/\/www.machool.com\/fr\/contact-2\/\" class=\"email-link\">Cliquez ici<\/a> <span style=\"color: inherit; font-family: inherit; font-style: inherit; font-weight: inherit;\">pour nous contacter <\/span>.  <\/p>\n\t\t\t\t\t<\/div>\n\t\t\t\t\t\t<\/div>\n\t\t\t\t<\/div>\n\t\t\t\t\t\t<\/div>\n\t\t\t\t\t<\/div>\n\t\t<\/div>\n\t\t\t\t\t\t\t\t<\/div>\n\t\t\t\t\t<\/div>\n\t\t<\/section>\n\t\t\t\t\t\t\t\t\t<\/div>\n\t\t\t<\/div>\n\t\t\t\t\t<\/div>\n\t\t","protected":false},"excerpt":{"rendered":"<p>Centre d&rsquo;assistance Soutien aux prestataires de services Notre \u00e9quipe d&rsquo;assistance Machool est toujours heureuse de r\u00e9pondre \u00e0 vos questions concernant notre solution de livraison e-commerce. Toutefois, il peut arriver que vous deviez vous adresser au prestataire de services, par exemple &hellip; <a href=\"https:\/\/www.machool.com\/fr\/soutien-aux-prestataires-de-services\/\">Read More<\/a><\/p>\n","protected":false},"author":2,"featured_media":0,"parent":0,"menu_order":90,"comment_status":"closed","ping_status":"closed","template":"","meta":{"footnotes":""},"class_list":["post-7202","page","type-page","status-publish","hentry"],"_links":{"self":[{"href":"https:\/\/www.machool.com\/fr\/wp-json\/wp\/v2\/pages\/7202","targetHints":{"allow":["GET"]}}],"collection":[{"href":"https:\/\/www.machool.com\/fr\/wp-json\/wp\/v2\/pages"}],"about":[{"href":"https:\/\/www.machool.com\/fr\/wp-json\/wp\/v2\/types\/page"}],"author":[{"embeddable":true,"href":"https:\/\/www.machool.com\/fr\/wp-json\/wp\/v2\/users\/2"}],"replies":[{"embeddable":true,"href":"https:\/\/www.machool.com\/fr\/wp-json\/wp\/v2\/comments?post=7202"}],"version-history":[{"count":0,"href":"https:\/\/www.machool.com\/fr\/wp-json\/wp\/v2\/pages\/7202\/revisions"}],"wp:attachment":[{"href":"https:\/\/www.machool.com\/fr\/wp-json\/wp\/v2\/media?parent=7202"}],"curies":[{"name":"wp","href":"https:\/\/api.w.org\/{rel}","templated":true}]}}