{"id":7198,"date":"2021-02-18T09:51:52","date_gmt":"2021-02-18T17:51:52","guid":{"rendered":"https:\/\/www.machool.com\/support-importation-csv\/"},"modified":"2025-09-12T08:47:20","modified_gmt":"2025-09-12T15:47:20","slug":"support-importation-csv","status":"publish","type":"page","link":"https:\/\/www.machool.com\/fr\/support-importation-csv\/","title":{"rendered":"Support &#8211; importation CSV"},"content":{"rendered":"\t\t<div data-elementor-type=\"wp-post\" data-elementor-id=\"7198\" class=\"elementor elementor-7198 elementor-5715\">\n\t\t\t\t\t\t<div class=\"elementor-inner\">\n\t\t\t\t<div class=\"elementor-section-wrap\">\n\t\t\t\t\t\t\t\t\t<section class=\"elementor-section elementor-top-section elementor-element elementor-element-jcpoldy elementor-section-height-min-height elementor-section-items-bottom elementor-section-boxed elementor-section-height-default\" data-id=\"jcpoldy\" data-element_type=\"section\" data-settings=\"{&quot;background_background&quot;:&quot;classic&quot;}\">\n\t\t\t\t\t\t\t<div class=\"elementor-background-overlay\"><\/div>\n\t\t\t\t\t\t\t<div class=\"elementor-container elementor-column-gap-default\">\n\t\t\t\t\t\t\t<div class=\"elementor-row\">\n\t\t\t\t\t<div class=\"elementor-column elementor-col-100 elementor-top-column elementor-element elementor-element-bsvdawm\" data-id=\"bsvdawm\" data-element_type=\"column\">\n\t\t\t<div class=\"elementor-column-wrap elementor-element-populated\">\n\t\t\t\t\t\t\t<div class=\"elementor-widget-wrap\">\n\t\t\t\t\t\t<div class=\"elementor-element elementor-element-fxsfiac elementor-view-default elementor-position-top elementor-invisible elementor-widget elementor-widget-themo-header\" data-id=\"fxsfiac\" data-element_type=\"widget\" data-settings=\"{&quot;_animation&quot;:&quot;fadeInUp&quot;}\" data-widget_type=\"themo-header.default\">\n\t\t\t\t<div class=\"elementor-widget-container\">\n\t\t\t\t\t<div class=\"th-header-wrap\">\n        <div class=\"elementor-icon-box-wrapper \">\n                            <div class=\"elementor-icon-box-content\">\n                    <h1 class=\"elementor-icon-box-title\">\n                        Centre d'assistance                    <\/h1>\n                                        <p class=\"elementor-icon-box-description\"><\/p>\n\n                                    <\/div>\n            <\/div>\n\n        <\/div>\n\n\t\t\t\t<\/div>\n\t\t\t\t<\/div>\n\t\t\t\t\t\t<\/div>\n\t\t\t\t\t<\/div>\n\t\t<\/div>\n\t\t\t\t\t\t\t\t<\/div>\n\t\t\t\t\t<\/div>\n\t\t<\/section>\n\t\t\t\t<section class=\"elementor-section elementor-top-section elementor-element elementor-element-78c2fc5 elementor-section-content-top elementor-section-boxed elementor-section-height-default elementor-section-height-default\" data-id=\"78c2fc5\" data-element_type=\"section\" data-settings=\"{&quot;background_background&quot;:&quot;classic&quot;}\">\n\t\t\t\t\t\t<div class=\"elementor-container elementor-column-gap-default\">\n\t\t\t\t\t\t\t<div class=\"elementor-row\">\n\t\t\t\t\t<div class=\"elementor-column elementor-col-50 elementor-top-column elementor-element elementor-element-0735474\" data-id=\"0735474\" data-element_type=\"column\">\n\t\t\t<div class=\"elementor-column-wrap elementor-element-populated\">\n\t\t\t\t\t\t\t<div class=\"elementor-widget-wrap\">\n\t\t\t\t\t\t<div class=\"elementor-element elementor-element-f56b3c0 elementor-widget elementor-widget-spacer\" data-id=\"f56b3c0\" data-element_type=\"widget\" data-widget_type=\"spacer.default\">\n\t\t\t\t<div class=\"elementor-widget-container\">\n\t\t\t\t\t<div class=\"elementor-spacer\">\n\t\t\t<div class=\"elementor-spacer-inner\"><\/div>\n\t\t<\/div>\n\t\t\t\t<\/div>\n\t\t\t\t<\/div>\n\t\t<!-- Themovaiton Sidebar Wrap before --><div class=\"sidebar th-widget-area th-sidebar-widget\">\t\t<div class=\"elementor-element elementor-element-28f123d support-sidebar elementor-widget elementor-widget-sidebar\" data-id=\"28f123d\" data-element_type=\"widget\" data-widget_type=\"sidebar.default\">\n\t\t\t\t<div class=\"elementor-widget-container\">\n\t\t\t<div id=\"nav_menu-2\" class=\"widget widget_nav_menu\"><div class=\"menu-support-french-container\"><ul id=\"menu-support-french\" class=\"menu\"><li class=\"menu-item menu-item-type-post_type menu-item-object-page menu-item-has-children menu-item-7539\"><a href=\"https:\/\/www.machool.com\/fr\/centre-dassistance\/\">Centre d\u2019assistance<\/a>\n<ul class=\"sub-menu\">\n\t<li class=\"menu-item menu-item-type-post_type menu-item-object-page menu-item-7562\"><a href=\"https:\/\/www.machool.com\/fr\/soutien-vue-densemble\/\">Soutien \u2013 vue d\u2019ensemble<\/a><\/li>\n\t<li class=\"menu-item menu-item-type-post_type menu-item-object-page menu-item-7542\"><a href=\"https:\/\/www.machool.com\/fr\/support-configuration\/\">Configuration<\/a><\/li>\n\t<li class=\"menu-item menu-item-type-post_type menu-item-object-page menu-item-7551\"><a href=\"https:\/\/www.machool.com\/fr\/support-compte\/\">Compte<\/a><\/li>\n\t<li class=\"menu-item menu-item-type-post_type menu-item-object-page menu-item-7563\"><a href=\"https:\/\/www.machool.com\/fr\/soutien-expedition\/\">Soutien \u2013 exp\u00e9dition<\/a><\/li>\n\t<li class=\"menu-item menu-item-type-post_type menu-item-object-page menu-item-7546\"><a href=\"https:\/\/www.machool.com\/fr\/support-ecommerce\/\">Cybercommerce<\/a><\/li>\n\t<li class=\"menu-item menu-item-type-post_type menu-item-object-page menu-item-7547\"><a href=\"https:\/\/www.machool.com\/fr\/support-integrations\/\">Int\u00e9grations<\/a><\/li>\n\t<li class=\"menu-item menu-item-type-post_type menu-item-object-page menu-item-7534\"><a href=\"https:\/\/www.machool.com\/fr\/support-importation-csv\/\">Importation CSV<\/a><\/li>\n\t<li class=\"menu-item menu-item-type-post_type menu-item-object-page menu-item-7557\"><a href=\"https:\/\/www.machool.com\/fr\/regles-dexpedition-avancees-de-shopify\/\">R\u00e8gles d\u2019exp\u00e9dition avanc\u00e9es de Shopify<\/a><\/li>\n\t<li class=\"menu-item menu-item-type-post_type menu-item-object-page menu-item-7556\"><a href=\"https:\/\/www.machool.com\/fr\/regles-dexpedition-avancees-de-woocommerce\/\">R\u00e8gles d\u2019exp\u00e9dition avanc\u00e9es de WooCommerce<\/a><\/li>\n\t<li class=\"menu-item menu-item-type-post_type menu-item-object-page menu-item-7535\"><a href=\"https:\/\/www.machool.com\/fr\/support-expedition-par-lots\/\">Exp\u00e9dition par lots<\/a><\/li>\n\t<li class=\"menu-item menu-item-type-post_type menu-item-object-page menu-item-7548\"><a href=\"https:\/\/www.machool.com\/fr\/support-modeles-personnalises-pour-vos-paquets\/\">Mod\u00e8les personnalis\u00e9s pour vos paquets<\/a><\/li>\n\t<li class=\"menu-item menu-item-type-post_type menu-item-object-page menu-item-7533\"><a href=\"https:\/\/www.machool.com\/fr\/support-machool_bulkship\/\">Machool Bulk Ship<\/a><\/li>\n\t<li class=\"menu-item menu-item-type-post_type menu-item-object-page menu-item-7536\"><a href=\"https:\/\/www.machool.com\/fr\/support-notifications-denvoi-avancees\/\">Notifications d\u2019envoi avanc\u00e9es<\/a><\/li>\n\t<li class=\"menu-item menu-item-type-post_type menu-item-object-page menu-item-7564\"><a href=\"https:\/\/www.machool.com\/fr\/soutien-aux-prestataires-de-services\/\">Soutien aux prestataires de services<\/a><\/li>\n\t<li class=\"menu-item menu-item-type-post_type menu-item-object-page menu-item-7565\"><a href=\"https:\/\/www.machool.com\/fr\/frais-dajustement\/\">Frais d\u2019ajustement<\/a><\/li>\n\t<li class=\"menu-item menu-item-type-post_type menu-item-object-page menu-item-7561\"><a href=\"https:\/\/www.machool.com\/fr\/livraison-a-un-point-de-ramassage-local\/\">Livraison \u00e0 un point de ramassage local<\/a><\/li>\n\t<li class=\"menu-item menu-item-type-post_type menu-item-object-page menu-item-7558\"><a href=\"https:\/\/www.machool.com\/fr\/solution-api-machool\/\">Solution API Machool<\/a><\/li>\n\t<li class=\"menu-item menu-item-type-post_type menu-item-object-page menu-item-7544\"><a href=\"https:\/\/www.machool.com\/fr\/support-demande-denlevement\/\">Demande de ramassage<\/a><\/li>\n\t<li class=\"menu-item menu-item-type-post_type menu-item-object-page menu-item-7545\"><a href=\"https:\/\/www.machool.com\/fr\/support-comprendre-le-centre-danalyse-de-machool\/\">Comprendre le centre d\u2019analyse de Machool<\/a><\/li>\n\t<li class=\"menu-item menu-item-type-post_type menu-item-object-page menu-item-7538\"><a href=\"https:\/\/www.machool.com\/fr\/prereglages-comment-faire\/\">Pr\u00e9r\u00e9glages<\/a><\/li>\n\t<li class=\"menu-item menu-item-type-post_type menu-item-object-page menu-item-7560\"><a href=\"https:\/\/www.machool.com\/fr\/impression-directe\/\">Impression directe<\/a><\/li>\n\t<li class=\"menu-item menu-item-type-post_type menu-item-object-page menu-item-7543\"><a href=\"https:\/\/www.machool.com\/fr\/support-centre-de-support\/\">Centre de support<\/a><\/li>\n\t<li class=\"menu-item menu-item-type-post_type menu-item-object-page menu-item-7688\"><a href=\"https:\/\/www.machool.com\/fr\/support-portail-des-retours\/\">Portail des retours<\/a><\/li>\n\t<li class=\"menu-item menu-item-type-post_type menu-item-object-page menu-item-8029\"><a href=\"https:\/\/www.machool.com\/fr\/support-integration-de-zonos\/\">Support \u2013 Int\u00e9gration de Zonos<\/a><\/li>\n<\/ul>\n<\/li>\n<\/ul><\/div><\/div>\t\t<\/div>\n\t\t\t\t<\/div>\n\t\t<\/div><!-- Themovaiton Sidebar Wrap after -->\t\t\t\t<\/div>\n\t\t\t\t\t<\/div>\n\t\t<\/div>\n\t\t\t\t<div class=\"elementor-column elementor-col-50 elementor-top-column elementor-element elementor-element-bc3fa65\" data-id=\"bc3fa65\" data-element_type=\"column\">\n\t\t\t<div class=\"elementor-column-wrap elementor-element-populated\">\n\t\t\t\t\t\t\t<div class=\"elementor-widget-wrap\">\n\t\t\t\t\t\t<div class=\"elementor-element elementor-element-ef850c1 elementor-widget elementor-widget-spacer\" data-id=\"ef850c1\" data-element_type=\"widget\" data-widget_type=\"spacer.default\">\n\t\t\t\t<div class=\"elementor-widget-container\">\n\t\t\t\t\t<div class=\"elementor-spacer\">\n\t\t\t<div class=\"elementor-spacer-inner\"><\/div>\n\t\t<\/div>\n\t\t\t\t<\/div>\n\t\t\t\t<\/div>\n\t\t\t\t<div class=\"elementor-element elementor-element-62d85f2 elementor-widget elementor-widget-heading\" data-id=\"62d85f2\" data-element_type=\"widget\" data-widget_type=\"heading.default\">\n\t\t\t\t<div class=\"elementor-widget-container\">\n\t\t\t<h2 class=\"elementor-heading-title elementor-size-default\">Importer des destinataires<\/h2>\t\t<\/div>\n\t\t\t\t<\/div>\n\t\t\t\t<div class=\"elementor-element elementor-element-12db6fa elementor-widget-divider--view-line elementor-widget elementor-widget-divider\" data-id=\"12db6fa\" data-element_type=\"widget\" data-widget_type=\"divider.default\">\n\t\t\t\t<div class=\"elementor-widget-container\">\n\t\t\t\t\t<div class=\"elementor-divider\">\n\t\t\t<span class=\"elementor-divider-separator\">\n\t\t\t\t\t\t<\/span>\n\t\t<\/div>\n\t\t\t\t<\/div>\n\t\t\t\t<\/div>\n\t\t\t\t<div class=\"elementor-element elementor-element-95b3aa3 elementor-view-default elementor-position-top elementor-widget elementor-widget-themo-header\" data-id=\"95b3aa3\" data-element_type=\"widget\" data-widget_type=\"themo-header.default\">\n\t\t\t\t<div class=\"elementor-widget-container\">\n\t\t\t\t\t<div class=\"th-header-wrap\">\n        <div class=\"elementor-icon-box-wrapper \">\n                            <div class=\"elementor-icon-box-content\">\n                    <h3 class=\"elementor-icon-box-title\">\n                        Pr\u00e9parer un document CSV                    <\/h3>\n                                        <p class=\"elementor-icon-box-description\"><ol>\n<li>Acc\u00e9dez \u00e0 la page Destinataires (G\u00e9rer -&gt; Destinataires)<\/li>\n<li>  Cliquez sur le lien \"+ Upload CSV\".<\/li>\n<li>T\u00e9l\u00e9chargez un exemple de fichier csv et ouvrez-le<a style=\"color:#1ac7ad\" href=\"\/wp-content\/uploads\/2021\/02\/sample_recipient_list.csv\">(sample_recipient_list.csv<\/a>).<\/li>\n<li>Ajoutez les informations relatives au destinataire.<\/li>\n<\/ol><\/p>\n\n                                    <\/div>\n            <\/div>\n\n        <\/div>\n\n\t\t\t\t<\/div>\n\t\t\t\t<\/div>\n\t\t\t\t<div class=\"elementor-element elementor-element-a7cdb11 elementor-widget elementor-widget-image\" data-id=\"a7cdb11\" data-element_type=\"widget\" data-widget_type=\"image.default\">\n\t\t\t\t<div class=\"elementor-widget-container\">\n\t\t\t\t\t\t\t\t<div class=\"elementor-image\">\n\t\t\t\t\t\t\t\t\t\t\t\t\t<a href=\"https:\/\/www.machool.com\/wp-content\/uploads\/2021\/04\/en_import-recipient01.png\" data-elementor-open-lightbox=\"yes\" data-elementor-lightbox-title=\"Sample CSV file\" e-action-hash=\"#elementor-action%3Aaction%3Dlightbox%26settings%3DeyJpZCI6Njg2NywidXJsIjoiaHR0cHM6XC9cL3d3dy5tYWNob29sLmNvbVwvd3AtY29udGVudFwvdXBsb2Fkc1wvMjAyMVwvMDRcL2VuX2ltcG9ydC1yZWNpcGllbnQwMS5wbmcifQ%3D%3D\">\n\t\t\t\t\t\t\t<img decoding=\"async\" width=\"2760\" height=\"458\" data-src=\"https:\/\/www.machool.com\/wp-content\/uploads\/2021\/04\/en_import-recipient01.png\" class=\"attachment-full size-full lazyload\" alt=\"\" data-srcset=\"https:\/\/www.machool.com\/wp-content\/uploads\/2021\/04\/en_import-recipient01.png 2760w, https:\/\/www.machool.com\/wp-content\/uploads\/2021\/04\/en_import-recipient01-300x50.png 300w, https:\/\/www.machool.com\/wp-content\/uploads\/2021\/04\/en_import-recipient01-1024x170.png 1024w, https:\/\/www.machool.com\/wp-content\/uploads\/2021\/04\/en_import-recipient01-768x127.png 768w, https:\/\/www.machool.com\/wp-content\/uploads\/2021\/04\/en_import-recipient01-1536x255.png 1536w, https:\/\/www.machool.com\/wp-content\/uploads\/2021\/04\/en_import-recipient01-2048x340.png 2048w, https:\/\/www.machool.com\/wp-content\/uploads\/2021\/04\/en_import-recipient01-241x40.png 241w, https:\/\/www.machool.com\/wp-content\/uploads\/2021\/04\/en_import-recipient01-482x80.png 482w, https:\/\/www.machool.com\/wp-content\/uploads\/2021\/04\/en_import-recipient01-394x65.png 394w, https:\/\/www.machool.com\/wp-content\/uploads\/2021\/04\/en_import-recipient01-915x152.png 915w, https:\/\/www.machool.com\/wp-content\/uploads\/2021\/04\/en_import-recipient01-1240x206.png 1240w, https:\/\/www.machool.com\/wp-content\/uploads\/2021\/04\/en_import-recipient01-1920x319.png 1920w, https:\/\/www.machool.com\/wp-content\/uploads\/2021\/04\/en_import-recipient01-1500x249.png 1500w\" data-sizes=\"(max-width: 2760px) 100vw, 2760px\" src=\"data:image\/svg+xml;base64,PHN2ZyB3aWR0aD0iMSIgaGVpZ2h0PSIxIiB4bWxucz0iaHR0cDovL3d3dy53My5vcmcvMjAwMC9zdmciPjwvc3ZnPg==\" style=\"--smush-placeholder-width: 2760px; --smush-placeholder-aspect-ratio: 2760\/458;\" \/>\t\t\t\t\t\t\t\t<\/a>\n\t\t\t\t\t\t\t\t\t\t\t\t\t\t<\/div>\n\t\t\t\t\t\t<\/div>\n\t\t\t\t<\/div>\n\t\t\t\t<div class=\"elementor-element elementor-element-652ff27 elementor-widget elementor-widget-text-editor\" data-id=\"652ff27\" data-element_type=\"widget\" data-widget_type=\"text-editor.default\">\n\t\t\t\t<div class=\"elementor-widget-container\">\n\t\t\t\t\t\t\t\t<div class=\"elementor-text-editor elementor-clearfix\">\n\t\t\t\t<p>* Toutes les colonnes du fichier d&rsquo;exemple doivent \u00eatre pr\u00e9sentes. Attention_to, Unit_Floor, Buzzer_Code, Phone, Phone_Extension et Email sont des colonnes <strong>facultatives<\/strong> qui peuvent contenir des valeurs vides. Les valeurs de la province peuvent \u00e9galement \u00eatre laiss\u00e9es en blanc pour les pays autres que le Canada et les \u00c9tats-Unis. Les valeurs du t\u00e9l\u00e9phone ne doivent pas contenir de code d&rsquo;appel de pays (par exemple, +1 pour l&rsquo;Am\u00e9rique du Nord).<\/p>\n<p>* Veillez \u00e0 utiliser le <strong>code \u00e0 deux lettres<\/strong> pour la colonne Code_pays.<\/p>\n\t\t\t\t\t<\/div>\n\t\t\t\t\t\t<\/div>\n\t\t\t\t<\/div>\n\t\t\t\t<div class=\"elementor-element elementor-element-27972e4 elementor-widget elementor-widget-spacer\" data-id=\"27972e4\" data-element_type=\"widget\" data-widget_type=\"spacer.default\">\n\t\t\t\t<div class=\"elementor-widget-container\">\n\t\t\t\t\t<div class=\"elementor-spacer\">\n\t\t\t<div class=\"elementor-spacer-inner\"><\/div>\n\t\t<\/div>\n\t\t\t\t<\/div>\n\t\t\t\t<\/div>\n\t\t\t\t<div class=\"elementor-element elementor-element-eac866b elementor-view-default elementor-position-top elementor-widget elementor-widget-themo-header\" data-id=\"eac866b\" data-element_type=\"widget\" data-widget_type=\"themo-header.default\">\n\t\t\t\t<div class=\"elementor-widget-container\">\n\t\t\t\t\t<div class=\"th-header-wrap\">\n        <div class=\"elementor-icon-box-wrapper \">\n                            <div class=\"elementor-icon-box-content\">\n                    <h3 class=\"elementor-icon-box-title\">\n                        T\u00e9l\u00e9charger et importer                    <\/h3>\n                                        <p class=\"elementor-icon-box-description\"><ol>\n<li>Retournez dans l'application Machool et t\u00e9l\u00e9chargez le fichier csv en s\u00e9lectionnant un fichier ou en faisant simplement glisser le fichier dans la zone grise.<\/li>\n<li>Cliquez sur \"Importer\" en bas \u00e0 droite.<\/li>\n<\/ol><\/p>\n\n                                    <\/div>\n            <\/div>\n\n        <\/div>\n\n\t\t\t\t<\/div>\n\t\t\t\t<\/div>\n\t\t\t\t<div class=\"elementor-element elementor-element-595215b elementor-widget elementor-widget-image\" data-id=\"595215b\" data-element_type=\"widget\" data-widget_type=\"image.default\">\n\t\t\t\t<div class=\"elementor-widget-container\">\n\t\t\t\t\t\t\t\t<div class=\"elementor-image\">\n\t\t\t\t\t\t\t\t\t\t\t\t\t<a href=\"https:\/\/www.machool.com\/wp-content\/uploads\/2025\/09\/import-recipient-fr.png\" data-elementor-open-lightbox=\"yes\" data-elementor-lightbox-title=\"import recipient-fr\" e-action-hash=\"#elementor-action%3Aaction%3Dlightbox%26settings%3DeyJpZCI6NzgyNSwidXJsIjoiaHR0cHM6XC9cL3d3dy5tYWNob29sLmNvbVwvd3AtY29udGVudFwvdXBsb2Fkc1wvMjAyNVwvMDlcL2ltcG9ydC1yZWNpcGllbnQtZnIucG5nIn0%3D\">\n\t\t\t\t\t\t\t<img decoding=\"async\" width=\"1634\" height=\"1590\" data-src=\"https:\/\/www.machool.com\/wp-content\/uploads\/2025\/09\/import-recipient-fr.png\" class=\"attachment-full size-full lazyload\" alt=\"Import recipient\" data-srcset=\"https:\/\/www.machool.com\/wp-content\/uploads\/2025\/09\/import-recipient-fr.png 1634w, https:\/\/www.machool.com\/wp-content\/uploads\/2025\/09\/import-recipient-fr-300x292.png 300w, https:\/\/www.machool.com\/wp-content\/uploads\/2025\/09\/import-recipient-fr-1024x996.png 1024w, https:\/\/www.machool.com\/wp-content\/uploads\/2025\/09\/import-recipient-fr-768x747.png 768w, https:\/\/www.machool.com\/wp-content\/uploads\/2025\/09\/import-recipient-fr-1536x1495.png 1536w, https:\/\/www.machool.com\/wp-content\/uploads\/2025\/09\/import-recipient-fr-41x40.png 41w, https:\/\/www.machool.com\/wp-content\/uploads\/2025\/09\/import-recipient-fr-82x80.png 82w, https:\/\/www.machool.com\/wp-content\/uploads\/2025\/09\/import-recipient-fr-311x303.png 311w, https:\/\/www.machool.com\/wp-content\/uploads\/2025\/09\/import-recipient-fr-719x700.png 719w, https:\/\/www.machool.com\/wp-content\/uploads\/2025\/09\/import-recipient-fr-976x950.png 976w, https:\/\/www.machool.com\/wp-content\/uploads\/2025\/09\/import-recipient-fr-1110x1080.png 1110w\" data-sizes=\"(max-width: 1634px) 100vw, 1634px\" src=\"data:image\/svg+xml;base64,PHN2ZyB3aWR0aD0iMSIgaGVpZ2h0PSIxIiB4bWxucz0iaHR0cDovL3d3dy53My5vcmcvMjAwMC9zdmciPjwvc3ZnPg==\" style=\"--smush-placeholder-width: 1634px; --smush-placeholder-aspect-ratio: 1634\/1590;\" \/>\t\t\t\t\t\t\t\t<\/a>\n\t\t\t\t\t\t\t\t\t\t\t\t\t\t<\/div>\n\t\t\t\t\t\t<\/div>\n\t\t\t\t<\/div>\n\t\t\t\t<div class=\"elementor-element elementor-element-2c53d2d elementor-widget elementor-widget-spacer\" data-id=\"2c53d2d\" data-element_type=\"widget\" data-widget_type=\"spacer.default\">\n\t\t\t\t<div class=\"elementor-widget-container\">\n\t\t\t\t\t<div class=\"elementor-spacer\">\n\t\t\t<div class=\"elementor-spacer-inner\"><\/div>\n\t\t<\/div>\n\t\t\t\t<\/div>\n\t\t\t\t<\/div>\n\t\t\t\t<div class=\"elementor-element elementor-element-9a05ce4 elementor-view-default elementor-position-top elementor-widget elementor-widget-themo-header\" data-id=\"9a05ce4\" data-element_type=\"widget\" data-widget_type=\"themo-header.default\">\n\t\t\t\t<div class=\"elementor-widget-container\">\n\t\t\t\t\t<div class=\"th-header-wrap\">\n        <div class=\"elementor-icon-box-wrapper \">\n                            <div class=\"elementor-icon-box-content\">\n                    <h3 class=\"elementor-icon-box-title\">\n                        V\u00e9rifier l'\u00e9tat                    <\/h3>\n                                        <p class=\"elementor-icon-box-description\"><ol>\n<li>Lorsque l'importation est termin\u00e9e, l'\u00e9tat s'affiche.<\/li><\/ol><ul>\n   <li><strong>Succ\u00e8s - importation r\u00e9ussie<\/li>\n    <li><strong>Ignor\u00e9 - importation ignor\u00e9e en raison de doublons avec vos destinataires<\/li>\n   <li>  Erreur - l'importation a \u00e9chou\u00e9 en raison d'en-t\u00eates manquants ou de caract\u00e8res non valides  <\/strong><\/li><\/ul>\n<li>Cliquez sur <img decoding=\"async\" data-src=\"https:\/\/www.machool.com\/wp-content\/uploads\/2021\/02\/download.png\" width=\"17\" height=\"17\" src=\"data:image\/svg+xml;base64,PHN2ZyB3aWR0aD0iMSIgaGVpZ2h0PSIxIiB4bWxucz0iaHR0cDovL3d3dy53My5vcmcvMjAwMC9zdmciPjwvc3ZnPg==\" class=\"lazyload\" style=\"--smush-placeholder-width: 17px; --smush-placeholder-aspect-ratio: 17\/17;\"> pour t\u00e9l\u00e9charger et voir tous les destinataires \"Skipped\" et \"Error\", et r\u00e9essayez si n\u00e9cessaire.<\/li>\n<\/p>\n\n                                    <\/div>\n            <\/div>\n\n        <\/div>\n\n\t\t\t\t<\/div>\n\t\t\t\t<\/div>\n\t\t\t\t<div class=\"elementor-element elementor-element-45495d6 elementor-widget elementor-widget-image\" data-id=\"45495d6\" data-element_type=\"widget\" data-widget_type=\"image.default\">\n\t\t\t\t<div class=\"elementor-widget-container\">\n\t\t\t\t\t\t\t\t<div class=\"elementor-image\">\n\t\t\t\t\t\t\t\t\t\t\t\t\t<a href=\"https:\/\/www.machool.com\/wp-content\/uploads\/2025\/09\/import-recipient02-fr.png\" data-elementor-open-lightbox=\"yes\" data-elementor-lightbox-title=\"import recipient02-fr\" e-action-hash=\"#elementor-action%3Aaction%3Dlightbox%26settings%3DeyJpZCI6NzgyNywidXJsIjoiaHR0cHM6XC9cL3d3dy5tYWNob29sLmNvbVwvd3AtY29udGVudFwvdXBsb2Fkc1wvMjAyNVwvMDlcL2ltcG9ydC1yZWNpcGllbnQwMi1mci5wbmcifQ%3D%3D\">\n\t\t\t\t\t\t\t<img decoding=\"async\" width=\"1680\" height=\"876\" data-src=\"https:\/\/www.machool.com\/wp-content\/uploads\/2025\/09\/import-recipient02-fr.png\" class=\"attachment-full size-full lazyload\" alt=\"Import recipient\" data-srcset=\"https:\/\/www.machool.com\/wp-content\/uploads\/2025\/09\/import-recipient02-fr.png 1680w, https:\/\/www.machool.com\/wp-content\/uploads\/2025\/09\/import-recipient02-fr-300x156.png 300w, https:\/\/www.machool.com\/wp-content\/uploads\/2025\/09\/import-recipient02-fr-1024x534.png 1024w, https:\/\/www.machool.com\/wp-content\/uploads\/2025\/09\/import-recipient02-fr-768x400.png 768w, https:\/\/www.machool.com\/wp-content\/uploads\/2025\/09\/import-recipient02-fr-1536x801.png 1536w, https:\/\/www.machool.com\/wp-content\/uploads\/2025\/09\/import-recipient02-fr-77x40.png 77w, https:\/\/www.machool.com\/wp-content\/uploads\/2025\/09\/import-recipient02-fr-153x80.png 153w, https:\/\/www.machool.com\/wp-content\/uploads\/2025\/09\/import-recipient02-fr-394x205.png 394w, https:\/\/www.machool.com\/wp-content\/uploads\/2025\/09\/import-recipient02-fr-915x477.png 915w, https:\/\/www.machool.com\/wp-content\/uploads\/2025\/09\/import-recipient02-fr-1240x647.png 1240w\" data-sizes=\"(max-width: 1680px) 100vw, 1680px\" src=\"data:image\/svg+xml;base64,PHN2ZyB3aWR0aD0iMSIgaGVpZ2h0PSIxIiB4bWxucz0iaHR0cDovL3d3dy53My5vcmcvMjAwMC9zdmciPjwvc3ZnPg==\" style=\"--smush-placeholder-width: 1680px; --smush-placeholder-aspect-ratio: 1680\/876;\" \/>\t\t\t\t\t\t\t\t<\/a>\n\t\t\t\t\t\t\t\t\t\t\t\t\t\t<\/div>\n\t\t\t\t\t\t<\/div>\n\t\t\t\t<\/div>\n\t\t\t\t<div class=\"elementor-element elementor-element-0114d54 elementor-widget elementor-widget-spacer\" data-id=\"0114d54\" data-element_type=\"widget\" data-widget_type=\"spacer.default\">\n\t\t\t\t<div class=\"elementor-widget-container\">\n\t\t\t\t\t<div class=\"elementor-spacer\">\n\t\t\t<div class=\"elementor-spacer-inner\"><\/div>\n\t\t<\/div>\n\t\t\t\t<\/div>\n\t\t\t\t<\/div>\n\t\t\t\t<div class=\"elementor-element elementor-element-6c2aa23 elementor-widget elementor-widget-text-editor\" data-id=\"6c2aa23\" data-element_type=\"widget\" data-widget_type=\"text-editor.default\">\n\t\t\t\t<div class=\"elementor-widget-container\">\n\t\t\t\t\t\t\t\t<div class=\"elementor-text-editor elementor-clearfix\">\n\t\t\t\t<p>Vous n&rsquo;avez pas trouv\u00e9 les r\u00e9ponses que vous cherchiez ? <a class=\"email-link\" href=\"https:\/\/www.machool.com\/fr\/contact-2\/\">Cliquez ici<\/a> <span style=\"color: inherit; font-family: inherit; font-style: inherit; font-weight: inherit;\">pour nous contacter <\/span>.  <\/p><\/p>\n\t\t\t\t\t<\/div>\n\t\t\t\t\t\t<\/div>\n\t\t\t\t<\/div>\n\t\t\t\t\t\t<\/div>\n\t\t\t\t\t<\/div>\n\t\t<\/div>\n\t\t\t\t\t\t\t\t<\/div>\n\t\t\t\t\t<\/div>\n\t\t<\/section>\n\t\t\t\t<section class=\"elementor-section elementor-top-section elementor-element elementor-element-8120afd elementor-section-content-top elementor-section-boxed elementor-section-height-default elementor-section-height-default\" data-id=\"8120afd\" data-element_type=\"section\" data-settings=\"{&quot;background_background&quot;:&quot;classic&quot;}\">\n\t\t\t\t\t\t<div class=\"elementor-container elementor-column-gap-default\">\n\t\t\t\t\t\t\t<div class=\"elementor-row\">\n\t\t\t\t\t<div class=\"elementor-column elementor-col-100 elementor-top-column elementor-element elementor-element-2a153a6\" data-id=\"2a153a6\" data-element_type=\"column\">\n\t\t\t<div class=\"elementor-column-wrap\">\n\t\t\t\t\t\t\t<div class=\"elementor-widget-wrap\">\n\t\t\t\t\t\t\t\t<\/div>\n\t\t\t\t\t<\/div>\n\t\t<\/div>\n\t\t\t\t\t\t\t\t<\/div>\n\t\t\t\t\t<\/div>\n\t\t<\/section>\n\t\t\t\t\t\t\t\t\t<\/div>\n\t\t\t<\/div>\n\t\t\t\t\t<\/div>\n\t\t","protected":false},"excerpt":{"rendered":"<p>Centre d&rsquo;assistance Importer des destinataires Pr\u00e9parer un document CSV Acc\u00e9dez \u00e0 la page Destinataires (G\u00e9rer -&gt; Destinataires) Cliquez sur le lien \u00ab\u00a0+ Upload CSV\u00a0\u00bb. T\u00e9l\u00e9chargez un exemple de fichier csv et ouvrez-le(sample_recipient_list.csv). Ajoutez les informations relatives au destinataire. * Toutes &hellip; <a href=\"https:\/\/www.machool.com\/fr\/support-importation-csv\/\">Read More<\/a><\/p>\n","protected":false},"author":2,"featured_media":0,"parent":0,"menu_order":145,"comment_status":"closed","ping_status":"closed","template":"","meta":{"footnotes":""},"class_list":["post-7198","page","type-page","status-publish","hentry"],"_links":{"self":[{"href":"https:\/\/www.machool.com\/fr\/wp-json\/wp\/v2\/pages\/7198","targetHints":{"allow":["GET"]}}],"collection":[{"href":"https:\/\/www.machool.com\/fr\/wp-json\/wp\/v2\/pages"}],"about":[{"href":"https:\/\/www.machool.com\/fr\/wp-json\/wp\/v2\/types\/page"}],"author":[{"embeddable":true,"href":"https:\/\/www.machool.com\/fr\/wp-json\/wp\/v2\/users\/2"}],"replies":[{"embeddable":true,"href":"https:\/\/www.machool.com\/fr\/wp-json\/wp\/v2\/comments?post=7198"}],"version-history":[{"count":0,"href":"https:\/\/www.machool.com\/fr\/wp-json\/wp\/v2\/pages\/7198\/revisions"}],"wp:attachment":[{"href":"https:\/\/www.machool.com\/fr\/wp-json\/wp\/v2\/media?parent=7198"}],"curies":[{"name":"wp","href":"https:\/\/api.w.org\/{rel}","templated":true}]}}