{"id":7191,"date":"2022-07-19T17:03:55","date_gmt":"2022-07-20T00:03:55","guid":{"rendered":"https:\/\/www.machool.com\/support-notifications-denvoi-avancees\/"},"modified":"2025-09-12T16:10:57","modified_gmt":"2025-09-12T23:10:57","slug":"support-notifications-denvoi-avancees","status":"publish","type":"page","link":"https:\/\/www.machool.com\/fr\/support-notifications-denvoi-avancees\/","title":{"rendered":"Support &#8211; Notifications d&rsquo;envoi avanc\u00e9es"},"content":{"rendered":"\t\t<div data-elementor-type=\"wp-post\" data-elementor-id=\"7191\" class=\"elementor elementor-7191 elementor-6119\">\n\t\t\t\t\t\t<div class=\"elementor-inner\">\n\t\t\t\t<div class=\"elementor-section-wrap\">\n\t\t\t\t\t\t\t\t\t<section class=\"elementor-section elementor-top-section elementor-element elementor-element-jcpoldy elementor-section-height-min-height elementor-section-items-bottom elementor-section-boxed elementor-section-height-default\" data-id=\"jcpoldy\" data-element_type=\"section\" data-settings=\"{&quot;background_background&quot;:&quot;classic&quot;}\">\n\t\t\t\t\t\t\t<div class=\"elementor-background-overlay\"><\/div>\n\t\t\t\t\t\t\t<div class=\"elementor-container elementor-column-gap-default\">\n\t\t\t\t\t\t\t<div class=\"elementor-row\">\n\t\t\t\t\t<div class=\"elementor-column elementor-col-100 elementor-top-column elementor-element elementor-element-bsvdawm\" data-id=\"bsvdawm\" data-element_type=\"column\">\n\t\t\t<div class=\"elementor-column-wrap elementor-element-populated\">\n\t\t\t\t\t\t\t<div class=\"elementor-widget-wrap\">\n\t\t\t\t\t\t<div class=\"elementor-element elementor-element-fxsfiac elementor-view-default elementor-position-top elementor-invisible elementor-widget elementor-widget-themo-header\" data-id=\"fxsfiac\" data-element_type=\"widget\" data-settings=\"{&quot;_animation&quot;:&quot;fadeInUp&quot;}\" data-widget_type=\"themo-header.default\">\n\t\t\t\t<div class=\"elementor-widget-container\">\n\t\t\t\t\t<div class=\"th-header-wrap\">\n        <div class=\"elementor-icon-box-wrapper \">\n                            <div class=\"elementor-icon-box-content\">\n                    <h1 class=\"elementor-icon-box-title\">\n                        Centre d'assistance                    <\/h1>\n                                        <p class=\"elementor-icon-box-description\"><\/p>\n\n                                    <\/div>\n            <\/div>\n\n        <\/div>\n\n\t\t\t\t<\/div>\n\t\t\t\t<\/div>\n\t\t\t\t\t\t<\/div>\n\t\t\t\t\t<\/div>\n\t\t<\/div>\n\t\t\t\t\t\t\t\t<\/div>\n\t\t\t\t\t<\/div>\n\t\t<\/section>\n\t\t\t\t<section class=\"elementor-section elementor-top-section elementor-element elementor-element-78c2fc5 elementor-section-content-top elementor-section-boxed elementor-section-height-default elementor-section-height-default\" data-id=\"78c2fc5\" data-element_type=\"section\" data-settings=\"{&quot;background_background&quot;:&quot;classic&quot;}\">\n\t\t\t\t\t\t<div class=\"elementor-container elementor-column-gap-default\">\n\t\t\t\t\t\t\t<div class=\"elementor-row\">\n\t\t\t\t\t<div class=\"elementor-column elementor-col-50 elementor-top-column elementor-element elementor-element-0735474\" data-id=\"0735474\" data-element_type=\"column\">\n\t\t\t<div class=\"elementor-column-wrap elementor-element-populated\">\n\t\t\t\t\t\t\t<div class=\"elementor-widget-wrap\">\n\t\t\t\t\t\t<div class=\"elementor-element elementor-element-f56b3c0 elementor-widget elementor-widget-spacer\" data-id=\"f56b3c0\" data-element_type=\"widget\" data-widget_type=\"spacer.default\">\n\t\t\t\t<div class=\"elementor-widget-container\">\n\t\t\t\t\t<div class=\"elementor-spacer\">\n\t\t\t<div class=\"elementor-spacer-inner\"><\/div>\n\t\t<\/div>\n\t\t\t\t<\/div>\n\t\t\t\t<\/div>\n\t\t<!-- Themovaiton Sidebar Wrap before --><div class=\"sidebar th-widget-area th-sidebar-widget\">\t\t<div class=\"elementor-element elementor-element-28f123d support-sidebar elementor-widget elementor-widget-sidebar\" data-id=\"28f123d\" data-element_type=\"widget\" data-widget_type=\"sidebar.default\">\n\t\t\t\t<div class=\"elementor-widget-container\">\n\t\t\t<div id=\"nav_menu-2\" class=\"widget widget_nav_menu\"><div class=\"menu-support-french-container\"><ul id=\"menu-support-french\" class=\"menu\"><li class=\"menu-item menu-item-type-post_type menu-item-object-page menu-item-has-children menu-item-7539\"><a href=\"https:\/\/www.machool.com\/fr\/centre-dassistance\/\">Centre d\u2019assistance<\/a>\n<ul class=\"sub-menu\">\n\t<li class=\"menu-item menu-item-type-post_type menu-item-object-page menu-item-7562\"><a href=\"https:\/\/www.machool.com\/fr\/soutien-vue-densemble\/\">Soutien \u2013 vue d\u2019ensemble<\/a><\/li>\n\t<li class=\"menu-item menu-item-type-post_type menu-item-object-page menu-item-7542\"><a href=\"https:\/\/www.machool.com\/fr\/support-configuration\/\">Configuration<\/a><\/li>\n\t<li class=\"menu-item menu-item-type-post_type menu-item-object-page menu-item-7551\"><a href=\"https:\/\/www.machool.com\/fr\/support-compte\/\">Compte<\/a><\/li>\n\t<li class=\"menu-item menu-item-type-post_type menu-item-object-page menu-item-7563\"><a href=\"https:\/\/www.machool.com\/fr\/soutien-expedition\/\">Soutien \u2013 exp\u00e9dition<\/a><\/li>\n\t<li class=\"menu-item menu-item-type-post_type menu-item-object-page menu-item-7546\"><a href=\"https:\/\/www.machool.com\/fr\/support-ecommerce\/\">Cybercommerce<\/a><\/li>\n\t<li class=\"menu-item menu-item-type-post_type menu-item-object-page menu-item-7547\"><a href=\"https:\/\/www.machool.com\/fr\/support-integrations\/\">Int\u00e9grations<\/a><\/li>\n\t<li class=\"menu-item menu-item-type-post_type menu-item-object-page menu-item-7534\"><a href=\"https:\/\/www.machool.com\/fr\/support-importation-csv\/\">Importation CSV<\/a><\/li>\n\t<li class=\"menu-item menu-item-type-post_type menu-item-object-page menu-item-7557\"><a href=\"https:\/\/www.machool.com\/fr\/regles-dexpedition-avancees-de-shopify\/\">R\u00e8gles d\u2019exp\u00e9dition avanc\u00e9es de Shopify<\/a><\/li>\n\t<li class=\"menu-item menu-item-type-post_type menu-item-object-page menu-item-7556\"><a href=\"https:\/\/www.machool.com\/fr\/regles-dexpedition-avancees-de-woocommerce\/\">R\u00e8gles d\u2019exp\u00e9dition avanc\u00e9es de WooCommerce<\/a><\/li>\n\t<li class=\"menu-item menu-item-type-post_type menu-item-object-page menu-item-7535\"><a href=\"https:\/\/www.machool.com\/fr\/support-expedition-par-lots\/\">Exp\u00e9dition par lots<\/a><\/li>\n\t<li class=\"menu-item menu-item-type-post_type menu-item-object-page menu-item-7548\"><a href=\"https:\/\/www.machool.com\/fr\/support-modeles-personnalises-pour-vos-paquets\/\">Mod\u00e8les personnalis\u00e9s pour vos paquets<\/a><\/li>\n\t<li class=\"menu-item menu-item-type-post_type menu-item-object-page menu-item-7533\"><a href=\"https:\/\/www.machool.com\/fr\/support-machool_bulkship\/\">Machool Bulk Ship<\/a><\/li>\n\t<li class=\"menu-item menu-item-type-post_type menu-item-object-page menu-item-7536\"><a href=\"https:\/\/www.machool.com\/fr\/support-notifications-denvoi-avancees\/\">Notifications d\u2019envoi avanc\u00e9es<\/a><\/li>\n\t<li class=\"menu-item menu-item-type-post_type menu-item-object-page menu-item-7564\"><a href=\"https:\/\/www.machool.com\/fr\/soutien-aux-prestataires-de-services\/\">Soutien aux prestataires de services<\/a><\/li>\n\t<li class=\"menu-item menu-item-type-post_type menu-item-object-page menu-item-7565\"><a href=\"https:\/\/www.machool.com\/fr\/frais-dajustement\/\">Frais d\u2019ajustement<\/a><\/li>\n\t<li class=\"menu-item menu-item-type-post_type menu-item-object-page menu-item-7561\"><a href=\"https:\/\/www.machool.com\/fr\/livraison-a-un-point-de-ramassage-local\/\">Livraison \u00e0 un point de ramassage local<\/a><\/li>\n\t<li class=\"menu-item menu-item-type-post_type menu-item-object-page menu-item-7558\"><a href=\"https:\/\/www.machool.com\/fr\/solution-api-machool\/\">Solution API Machool<\/a><\/li>\n\t<li class=\"menu-item menu-item-type-post_type menu-item-object-page menu-item-7544\"><a href=\"https:\/\/www.machool.com\/fr\/support-demande-denlevement\/\">Demande de ramassage<\/a><\/li>\n\t<li class=\"menu-item menu-item-type-post_type menu-item-object-page menu-item-7545\"><a href=\"https:\/\/www.machool.com\/fr\/support-comprendre-le-centre-danalyse-de-machool\/\">Comprendre le centre d\u2019analyse de Machool<\/a><\/li>\n\t<li class=\"menu-item menu-item-type-post_type menu-item-object-page menu-item-7538\"><a href=\"https:\/\/www.machool.com\/fr\/prereglages-comment-faire\/\">Pr\u00e9r\u00e9glages<\/a><\/li>\n\t<li class=\"menu-item menu-item-type-post_type menu-item-object-page menu-item-7560\"><a href=\"https:\/\/www.machool.com\/fr\/impression-directe\/\">Impression directe<\/a><\/li>\n\t<li class=\"menu-item menu-item-type-post_type menu-item-object-page menu-item-7543\"><a href=\"https:\/\/www.machool.com\/fr\/support-centre-de-support\/\">Centre de support<\/a><\/li>\n\t<li class=\"menu-item menu-item-type-post_type menu-item-object-page menu-item-7688\"><a href=\"https:\/\/www.machool.com\/fr\/support-portail-des-retours\/\">Portail des retours<\/a><\/li>\n\t<li class=\"menu-item menu-item-type-post_type menu-item-object-page menu-item-8029\"><a href=\"https:\/\/www.machool.com\/fr\/support-integration-de-zonos\/\">Support \u2013 Int\u00e9gration de Zonos<\/a><\/li>\n<\/ul>\n<\/li>\n<\/ul><\/div><\/div>\t\t<\/div>\n\t\t\t\t<\/div>\n\t\t<\/div><!-- Themovaiton Sidebar Wrap after -->\t\t\t\t<\/div>\n\t\t\t\t\t<\/div>\n\t\t<\/div>\n\t\t\t\t<div class=\"elementor-column elementor-col-50 elementor-top-column elementor-element elementor-element-bc3fa65\" data-id=\"bc3fa65\" data-element_type=\"column\">\n\t\t\t<div class=\"elementor-column-wrap elementor-element-populated\">\n\t\t\t\t\t\t\t<div class=\"elementor-widget-wrap\">\n\t\t\t\t\t\t<div class=\"elementor-element elementor-element-ef850c1 elementor-widget elementor-widget-spacer\" data-id=\"ef850c1\" data-element_type=\"widget\" data-widget_type=\"spacer.default\">\n\t\t\t\t<div class=\"elementor-widget-container\">\n\t\t\t\t\t<div class=\"elementor-spacer\">\n\t\t\t<div class=\"elementor-spacer-inner\"><\/div>\n\t\t<\/div>\n\t\t\t\t<\/div>\n\t\t\t\t<\/div>\n\t\t\t\t<div class=\"elementor-element elementor-element-62d85f2 elementor-widget elementor-widget-heading\" data-id=\"62d85f2\" data-element_type=\"widget\" data-widget_type=\"heading.default\">\n\t\t\t\t<div class=\"elementor-widget-container\">\n\t\t\t<h2 class=\"elementor-heading-title elementor-size-default\">Notifications avanc\u00e9es d'envoi<\/h2>\t\t<\/div>\n\t\t\t\t<\/div>\n\t\t\t\t<div class=\"elementor-element elementor-element-12db6fa elementor-widget-divider--view-line elementor-widget elementor-widget-divider\" data-id=\"12db6fa\" data-element_type=\"widget\" data-widget_type=\"divider.default\">\n\t\t\t\t<div class=\"elementor-widget-container\">\n\t\t\t\t\t<div class=\"elementor-divider\">\n\t\t\t<span class=\"elementor-divider-separator\">\n\t\t\t\t\t\t<\/span>\n\t\t<\/div>\n\t\t\t\t<\/div>\n\t\t\t\t<\/div>\n\t\t\t\t<div class=\"elementor-element elementor-element-95b3aa3 elementor-view-default elementor-position-top elementor-widget elementor-widget-themo-header\" data-id=\"95b3aa3\" data-element_type=\"widget\" data-widget_type=\"themo-header.default\">\n\t\t\t\t<div class=\"elementor-widget-container\">\n\t\t\t\t\t<div class=\"th-header-wrap\">\n        <div class=\"elementor-icon-box-wrapper \">\n                            <div class=\"elementor-icon-box-content\">\n                    <h3 class=\"elementor-icon-box-title\">\n                        Comment d\u00e9sactiver les notifications d'envoi ?                    <\/h3>\n                                        <p class=\"elementor-icon-box-description\"><p>Lorsque vous cr\u00e9ez un envoi, vous pouvez choisir d'envoyer des courriels automatis\u00e9s \u00e0 vous ou \u00e0 vos clients pour confirmer que l'envoi a \u00e9t\u00e9 cr\u00e9\u00e9, en activant ou en d\u00e9sactivant les notifications d'envoi.\n<\/p>\n<ol>\n<li>Connectez-vous \u00e0 Machool, puis allez dans \"G\u00e9rer\" et cliquez sur \"Param\u00e8tres\".<\/li>\n<\/ol><\/p>\n\n                                    <\/div>\n            <\/div>\n\n        <\/div>\n\n\t\t\t\t<\/div>\n\t\t\t\t<\/div>\n\t\t\t\t<div class=\"elementor-element elementor-element-a7cdb11 elementor-widget elementor-widget-image\" data-id=\"a7cdb11\" data-element_type=\"widget\" data-widget_type=\"image.default\">\n\t\t\t\t<div class=\"elementor-widget-container\">\n\t\t\t\t\t\t\t\t<div class=\"elementor-image\">\n\t\t\t\t\t\t\t\t\t\t\t\t\t<a href=\"https:\/\/www.machool.com\/wp-content\/uploads\/2025\/09\/Shipping-notifications-fr.png\" data-elementor-open-lightbox=\"yes\" data-elementor-lightbox-title=\"Shipping notifications-fr\" e-action-hash=\"#elementor-action%3Aaction%3Dlightbox%26settings%3DeyJpZCI6Nzg3NCwidXJsIjoiaHR0cHM6XC9cL3d3dy5tYWNob29sLmNvbVwvd3AtY29udGVudFwvdXBsb2Fkc1wvMjAyNVwvMDlcL1NoaXBwaW5nLW5vdGlmaWNhdGlvbnMtZnIucG5nIn0%3D\">\n\t\t\t\t\t\t\t<img decoding=\"async\" width=\"2402\" height=\"1368\" data-src=\"https:\/\/www.machool.com\/wp-content\/uploads\/2025\/09\/Shipping-notifications-fr.png\" class=\"attachment-full size-full lazyload\" alt=\"Dashboard\" data-srcset=\"https:\/\/www.machool.com\/wp-content\/uploads\/2025\/09\/Shipping-notifications-fr.png 2402w, https:\/\/www.machool.com\/wp-content\/uploads\/2025\/09\/Shipping-notifications-fr-300x171.png 300w, https:\/\/www.machool.com\/wp-content\/uploads\/2025\/09\/Shipping-notifications-fr-1024x583.png 1024w, https:\/\/www.machool.com\/wp-content\/uploads\/2025\/09\/Shipping-notifications-fr-768x437.png 768w, https:\/\/www.machool.com\/wp-content\/uploads\/2025\/09\/Shipping-notifications-fr-1536x875.png 1536w, https:\/\/www.machool.com\/wp-content\/uploads\/2025\/09\/Shipping-notifications-fr-2048x1166.png 2048w, https:\/\/www.machool.com\/wp-content\/uploads\/2025\/09\/Shipping-notifications-fr-70x40.png 70w, https:\/\/www.machool.com\/wp-content\/uploads\/2025\/09\/Shipping-notifications-fr-140x80.png 140w, https:\/\/www.machool.com\/wp-content\/uploads\/2025\/09\/Shipping-notifications-fr-394x224.png 394w, https:\/\/www.machool.com\/wp-content\/uploads\/2025\/09\/Shipping-notifications-fr-915x521.png 915w, https:\/\/www.machool.com\/wp-content\/uploads\/2025\/09\/Shipping-notifications-fr-1240x706.png 1240w, https:\/\/www.machool.com\/wp-content\/uploads\/2025\/09\/Shipping-notifications-fr-1896x1080.png 1896w\" data-sizes=\"(max-width: 2402px) 100vw, 2402px\" src=\"data:image\/svg+xml;base64,PHN2ZyB3aWR0aD0iMSIgaGVpZ2h0PSIxIiB4bWxucz0iaHR0cDovL3d3dy53My5vcmcvMjAwMC9zdmciPjwvc3ZnPg==\" style=\"--smush-placeholder-width: 2402px; --smush-placeholder-aspect-ratio: 2402\/1368;\" \/>\t\t\t\t\t\t\t\t<\/a>\n\t\t\t\t\t\t\t\t\t\t\t\t\t\t<\/div>\n\t\t\t\t\t\t<\/div>\n\t\t\t\t<\/div>\n\t\t\t\t<div class=\"elementor-element elementor-element-7481e93 elementor-view-default elementor-position-top elementor-widget elementor-widget-themo-header\" data-id=\"7481e93\" data-element_type=\"widget\" data-widget_type=\"themo-header.default\">\n\t\t\t\t<div class=\"elementor-widget-container\">\n\t\t\t\t\t<div class=\"th-header-wrap\">\n        <div class=\"elementor-icon-box-wrapper \">\n                            <div class=\"elementor-icon-box-content\">\n                    <h4 class=\"elementor-icon-box-title\">\n                                            <\/h4>\n                                        <p class=\"elementor-icon-box-description\"><ol start=\"2\">\n<li>Apr\u00e8s avoir acc\u00e9d\u00e9 \u00e0 la page \"Param\u00e8tres\", cliquez sur \"Notifications\" dans le menu de gauche.\n<\/li>\n<\/ol><\/p>\n\n                                    <\/div>\n            <\/div>\n\n        <\/div>\n\n\t\t\t\t<\/div>\n\t\t\t\t<\/div>\n\t\t\t\t<div class=\"elementor-element elementor-element-595215b elementor-widget elementor-widget-image\" data-id=\"595215b\" data-element_type=\"widget\" data-widget_type=\"image.default\">\n\t\t\t\t<div class=\"elementor-widget-container\">\n\t\t\t\t\t\t\t\t<div class=\"elementor-image\">\n\t\t\t\t\t\t\t\t\t\t\t\t\t<a href=\"https:\/\/www.machool.com\/wp-content\/uploads\/2025\/09\/Shipping-notifications02-fr.png\" data-elementor-open-lightbox=\"yes\" data-elementor-lightbox-title=\"Shipping notifications02-fr\" e-action-hash=\"#elementor-action%3Aaction%3Dlightbox%26settings%3DeyJpZCI6Nzg3NiwidXJsIjoiaHR0cHM6XC9cL3d3dy5tYWNob29sLmNvbVwvd3AtY29udGVudFwvdXBsb2Fkc1wvMjAyNVwvMDlcL1NoaXBwaW5nLW5vdGlmaWNhdGlvbnMwMi1mci5wbmcifQ%3D%3D\">\n\t\t\t\t\t\t\t<img decoding=\"async\" width=\"2330\" height=\"1838\" data-src=\"https:\/\/www.machool.com\/wp-content\/uploads\/2025\/09\/Shipping-notifications02-fr.png\" class=\"attachment-full size-full lazyload\" alt=\"Shipping notification page\" data-srcset=\"https:\/\/www.machool.com\/wp-content\/uploads\/2025\/09\/Shipping-notifications02-fr.png 2330w, https:\/\/www.machool.com\/wp-content\/uploads\/2025\/09\/Shipping-notifications02-fr-300x237.png 300w, https:\/\/www.machool.com\/wp-content\/uploads\/2025\/09\/Shipping-notifications02-fr-1024x808.png 1024w, https:\/\/www.machool.com\/wp-content\/uploads\/2025\/09\/Shipping-notifications02-fr-768x606.png 768w, https:\/\/www.machool.com\/wp-content\/uploads\/2025\/09\/Shipping-notifications02-fr-1536x1212.png 1536w, https:\/\/www.machool.com\/wp-content\/uploads\/2025\/09\/Shipping-notifications02-fr-2048x1616.png 2048w, https:\/\/www.machool.com\/wp-content\/uploads\/2025\/09\/Shipping-notifications02-fr-51x40.png 51w, https:\/\/www.machool.com\/wp-content\/uploads\/2025\/09\/Shipping-notifications02-fr-101x80.png 101w, https:\/\/www.machool.com\/wp-content\/uploads\/2025\/09\/Shipping-notifications02-fr-384x303.png 384w, https:\/\/www.machool.com\/wp-content\/uploads\/2025\/09\/Shipping-notifications02-fr-887x700.png 887w, https:\/\/www.machool.com\/wp-content\/uploads\/2025\/09\/Shipping-notifications02-fr-1204x950.png 1204w, https:\/\/www.machool.com\/wp-content\/uploads\/2025\/09\/Shipping-notifications02-fr-1369x1080.png 1369w\" data-sizes=\"(max-width: 2330px) 100vw, 2330px\" src=\"data:image\/svg+xml;base64,PHN2ZyB3aWR0aD0iMSIgaGVpZ2h0PSIxIiB4bWxucz0iaHR0cDovL3d3dy53My5vcmcvMjAwMC9zdmciPjwvc3ZnPg==\" style=\"--smush-placeholder-width: 2330px; --smush-placeholder-aspect-ratio: 2330\/1838;\" \/>\t\t\t\t\t\t\t\t<\/a>\n\t\t\t\t\t\t\t\t\t\t\t\t\t\t<\/div>\n\t\t\t\t\t\t<\/div>\n\t\t\t\t<\/div>\n\t\t\t\t<div class=\"elementor-element elementor-element-c43d3f7 elementor-view-default elementor-position-top elementor-widget elementor-widget-themo-header\" data-id=\"c43d3f7\" data-element_type=\"widget\" data-widget_type=\"themo-header.default\">\n\t\t\t\t<div class=\"elementor-widget-container\">\n\t\t\t\t\t<div class=\"th-header-wrap\">\n        <div class=\"elementor-icon-box-wrapper \">\n                            <div class=\"elementor-icon-box-content\">\n                    <h4 class=\"elementor-icon-box-title\">\n                                            <\/h4>\n                                        <p class=\"elementor-icon-box-description\"><ol start=\"3\">\n<li>Les \"Machool Advanced Shipment Notifications\" sont envoy\u00e9es par Machool \u00e0 vos clients lors de la cr\u00e9ation de l'envoi lorsque leurs adresses email ont \u00e9t\u00e9 fournies. En cochant ou d\u00e9cochant cette case, vous pouvez contr\u00f4ler si Machool enverra ces courriels \u00e0 vos destinataires.\n<\/li>\n<li>Outre les notifications de Machool, certains fournisseurs envoient \u00e9galement des courriels automatiques \u00e0 vous (l'exp\u00e9diteur) ou \u00e0 vos clients (le destinataire), ou aux deux. Dans certains cas, vous pouvez les d\u00e9sactiver en cochant les cases correspondantes dans la liste des notifications par fournisseur.<\/li>\n<\/ol>\n<br>\n<p>Toutefois, veuillez noter que cela n'aura pas d'incidence sur les notifications d'exp\u00e9dition automatis\u00e9es que vous avez peut-\u00eatre mises en place dans votre plateforme de commerce \u00e9lectronique.  <\/p><\/p>\n\n                                    <\/div>\n            <\/div>\n\n        <\/div>\n\n\t\t\t\t<\/div>\n\t\t\t\t<\/div>\n\t\t\t\t<div class=\"elementor-element elementor-element-2c53d2d elementor-widget elementor-widget-spacer\" data-id=\"2c53d2d\" data-element_type=\"widget\" data-widget_type=\"spacer.default\">\n\t\t\t\t<div class=\"elementor-widget-container\">\n\t\t\t\t\t<div class=\"elementor-spacer\">\n\t\t\t<div class=\"elementor-spacer-inner\"><\/div>\n\t\t<\/div>\n\t\t\t\t<\/div>\n\t\t\t\t<\/div>\n\t\t\t\t<div class=\"elementor-element elementor-element-6c2aa23 elementor-widget elementor-widget-text-editor\" data-id=\"6c2aa23\" data-element_type=\"widget\" data-widget_type=\"text-editor.default\">\n\t\t\t\t<div class=\"elementor-widget-container\">\n\t\t\t\t\t\t\t\t<div class=\"elementor-text-editor elementor-clearfix\">\n\t\t\t\t<p>Vous n&rsquo;avez pas trouv\u00e9 les r\u00e9ponses que vous cherchiez ? <a class=\"email-link\" href=\"https:\/\/www.machool.com\/fr\/contact-2\/\">Cliquez ici<\/a> <span style=\"color: inherit; font-family: inherit; font-style: inherit; font-weight: inherit;\">pour nous contacter <\/span>.  <\/p><\/p>\n\t\t\t\t\t<\/div>\n\t\t\t\t\t\t<\/div>\n\t\t\t\t<\/div>\n\t\t\t\t\t\t<\/div>\n\t\t\t\t\t<\/div>\n\t\t<\/div>\n\t\t\t\t\t\t\t\t<\/div>\n\t\t\t\t\t<\/div>\n\t\t<\/section>\n\t\t\t\t<section class=\"elementor-section elementor-top-section elementor-element elementor-element-8120afd elementor-section-content-top elementor-section-boxed elementor-section-height-default elementor-section-height-default\" data-id=\"8120afd\" data-element_type=\"section\" data-settings=\"{&quot;background_background&quot;:&quot;classic&quot;}\">\n\t\t\t\t\t\t<div class=\"elementor-container elementor-column-gap-default\">\n\t\t\t\t\t\t\t<div class=\"elementor-row\">\n\t\t\t\t\t<div class=\"elementor-column elementor-col-100 elementor-top-column elementor-element elementor-element-2a153a6\" data-id=\"2a153a6\" data-element_type=\"column\">\n\t\t\t<div class=\"elementor-column-wrap\">\n\t\t\t\t\t\t\t<div class=\"elementor-widget-wrap\">\n\t\t\t\t\t\t\t\t<\/div>\n\t\t\t\t\t<\/div>\n\t\t<\/div>\n\t\t\t\t\t\t\t\t<\/div>\n\t\t\t\t\t<\/div>\n\t\t<\/section>\n\t\t\t\t\t\t\t\t\t<\/div>\n\t\t\t<\/div>\n\t\t\t\t\t<\/div>\n\t\t","protected":false},"excerpt":{"rendered":"<p>Centre d&rsquo;assistance Notifications avanc\u00e9es d&rsquo;envoi Comment d\u00e9sactiver les notifications d&rsquo;envoi ? Lorsque vous cr\u00e9ez un envoi, vous pouvez choisir d&rsquo;envoyer des courriels automatis\u00e9s \u00e0 vous ou \u00e0 vos clients pour confirmer que l&rsquo;envoi a \u00e9t\u00e9 cr\u00e9\u00e9, en activant ou en &hellip; <a href=\"https:\/\/www.machool.com\/fr\/support-notifications-denvoi-avancees\/\">Read More<\/a><\/p>\n","protected":false},"author":2,"featured_media":0,"parent":0,"menu_order":135,"comment_status":"closed","ping_status":"closed","template":"","meta":{"footnotes":""},"class_list":["post-7191","page","type-page","status-publish","hentry"],"_links":{"self":[{"href":"https:\/\/www.machool.com\/fr\/wp-json\/wp\/v2\/pages\/7191","targetHints":{"allow":["GET"]}}],"collection":[{"href":"https:\/\/www.machool.com\/fr\/wp-json\/wp\/v2\/pages"}],"about":[{"href":"https:\/\/www.machool.com\/fr\/wp-json\/wp\/v2\/types\/page"}],"author":[{"embeddable":true,"href":"https:\/\/www.machool.com\/fr\/wp-json\/wp\/v2\/users\/2"}],"replies":[{"embeddable":true,"href":"https:\/\/www.machool.com\/fr\/wp-json\/wp\/v2\/comments?post=7191"}],"version-history":[{"count":0,"href":"https:\/\/www.machool.com\/fr\/wp-json\/wp\/v2\/pages\/7191\/revisions"}],"wp:attachment":[{"href":"https:\/\/www.machool.com\/fr\/wp-json\/wp\/v2\/media?parent=7191"}],"curies":[{"name":"wp","href":"https:\/\/api.w.org\/{rel}","templated":true}]}}