{"id":7188,"date":"2023-10-26T14:57:28","date_gmt":"2023-10-26T21:57:28","guid":{"rendered":"https:\/\/www.machool.com\/solution-api-machool\/"},"modified":"2025-10-15T12:51:26","modified_gmt":"2025-10-15T19:51:26","slug":"solution-api-machool","status":"publish","type":"page","link":"https:\/\/www.machool.com\/fr\/solution-api-machool\/","title":{"rendered":"Solution API Machool"},"content":{"rendered":"\t\t<div data-elementor-type=\"wp-post\" data-elementor-id=\"7188\" class=\"elementor elementor-7188 elementor-6297\">\n\t\t\t\t\t\t<div class=\"elementor-inner\">\n\t\t\t\t<div class=\"elementor-section-wrap\">\n\t\t\t\t\t\t\t\t\t<section class=\"elementor-section elementor-top-section elementor-element elementor-element-jcpoldy elementor-section-height-min-height elementor-section-items-bottom elementor-section-boxed elementor-section-height-default\" data-id=\"jcpoldy\" data-element_type=\"section\" data-settings=\"{&quot;background_background&quot;:&quot;classic&quot;}\">\n\t\t\t\t\t\t\t<div class=\"elementor-background-overlay\"><\/div>\n\t\t\t\t\t\t\t<div class=\"elementor-container elementor-column-gap-default\">\n\t\t\t\t\t\t\t<div class=\"elementor-row\">\n\t\t\t\t\t<div class=\"elementor-column elementor-col-100 elementor-top-column elementor-element elementor-element-bsvdawm\" data-id=\"bsvdawm\" data-element_type=\"column\">\n\t\t\t<div class=\"elementor-column-wrap elementor-element-populated\">\n\t\t\t\t\t\t\t<div class=\"elementor-widget-wrap\">\n\t\t\t\t\t\t<div class=\"elementor-element elementor-element-fxsfiac elementor-view-default elementor-position-top elementor-invisible elementor-widget elementor-widget-themo-header\" data-id=\"fxsfiac\" data-element_type=\"widget\" data-settings=\"{&quot;_animation&quot;:&quot;fadeInUp&quot;}\" data-widget_type=\"themo-header.default\">\n\t\t\t\t<div class=\"elementor-widget-container\">\n\t\t\t\t\t<div class=\"th-header-wrap\">\n        <div class=\"elementor-icon-box-wrapper \">\n                            <div class=\"elementor-icon-box-content\">\n                    <h1 class=\"elementor-icon-box-title\">\n                        Centre d'assistance                    <\/h1>\n                                        <p class=\"elementor-icon-box-description\"><\/p>\n\n                                    <\/div>\n            <\/div>\n\n        <\/div>\n\n\t\t\t\t<\/div>\n\t\t\t\t<\/div>\n\t\t\t\t\t\t<\/div>\n\t\t\t\t\t<\/div>\n\t\t<\/div>\n\t\t\t\t\t\t\t\t<\/div>\n\t\t\t\t\t<\/div>\n\t\t<\/section>\n\t\t\t\t<section class=\"elementor-section elementor-top-section elementor-element elementor-element-d057247 elementor-section-content-top elementor-section-boxed elementor-section-height-default elementor-section-height-default\" data-id=\"d057247\" data-element_type=\"section\" data-settings=\"{&quot;background_background&quot;:&quot;classic&quot;}\">\n\t\t\t\t\t\t<div class=\"elementor-container elementor-column-gap-default\">\n\t\t\t\t\t\t\t<div class=\"elementor-row\">\n\t\t\t\t\t<div class=\"elementor-column elementor-col-50 elementor-top-column elementor-element elementor-element-c85be6b\" data-id=\"c85be6b\" data-element_type=\"column\">\n\t\t\t<div class=\"elementor-column-wrap elementor-element-populated\">\n\t\t\t\t\t\t\t<div class=\"elementor-widget-wrap\">\n\t\t\t\t\t\t<div class=\"elementor-element elementor-element-dd33cb8 elementor-widget elementor-widget-spacer\" data-id=\"dd33cb8\" data-element_type=\"widget\" data-widget_type=\"spacer.default\">\n\t\t\t\t<div class=\"elementor-widget-container\">\n\t\t\t\t\t<div class=\"elementor-spacer\">\n\t\t\t<div class=\"elementor-spacer-inner\"><\/div>\n\t\t<\/div>\n\t\t\t\t<\/div>\n\t\t\t\t<\/div>\n\t\t<!-- Themovaiton Sidebar Wrap before --><div class=\"sidebar th-widget-area th-sidebar-widget\">\t\t<div class=\"elementor-element elementor-element-057db62 support-sidebar elementor-widget elementor-widget-sidebar\" data-id=\"057db62\" data-element_type=\"widget\" data-widget_type=\"sidebar.default\">\n\t\t\t\t<div class=\"elementor-widget-container\">\n\t\t\t<div id=\"nav_menu-2\" class=\"widget widget_nav_menu\"><div class=\"menu-support-french-container\"><ul id=\"menu-support-french\" class=\"menu\"><li class=\"menu-item menu-item-type-post_type menu-item-object-page menu-item-has-children menu-item-7539\"><a href=\"https:\/\/www.machool.com\/fr\/centre-dassistance\/\">Centre d\u2019assistance<\/a>\n<ul class=\"sub-menu\">\n\t<li class=\"menu-item menu-item-type-post_type menu-item-object-page menu-item-7562\"><a href=\"https:\/\/www.machool.com\/fr\/soutien-vue-densemble\/\">Soutien \u2013 vue d\u2019ensemble<\/a><\/li>\n\t<li class=\"menu-item menu-item-type-post_type menu-item-object-page menu-item-7542\"><a href=\"https:\/\/www.machool.com\/fr\/support-configuration\/\">Configuration<\/a><\/li>\n\t<li class=\"menu-item menu-item-type-post_type menu-item-object-page menu-item-7551\"><a href=\"https:\/\/www.machool.com\/fr\/support-compte\/\">Compte<\/a><\/li>\n\t<li class=\"menu-item menu-item-type-post_type menu-item-object-page menu-item-7563\"><a href=\"https:\/\/www.machool.com\/fr\/soutien-expedition\/\">Soutien \u2013 exp\u00e9dition<\/a><\/li>\n\t<li class=\"menu-item menu-item-type-post_type menu-item-object-page menu-item-7546\"><a href=\"https:\/\/www.machool.com\/fr\/support-ecommerce\/\">Cybercommerce<\/a><\/li>\n\t<li class=\"menu-item menu-item-type-post_type menu-item-object-page menu-item-7547\"><a href=\"https:\/\/www.machool.com\/fr\/support-integrations\/\">Int\u00e9grations<\/a><\/li>\n\t<li class=\"menu-item menu-item-type-post_type menu-item-object-page menu-item-7534\"><a href=\"https:\/\/www.machool.com\/fr\/support-importation-csv\/\">Importation CSV<\/a><\/li>\n\t<li class=\"menu-item menu-item-type-post_type menu-item-object-page menu-item-7557\"><a href=\"https:\/\/www.machool.com\/fr\/regles-dexpedition-avancees-de-shopify\/\">R\u00e8gles d\u2019exp\u00e9dition avanc\u00e9es de Shopify<\/a><\/li>\n\t<li class=\"menu-item menu-item-type-post_type menu-item-object-page menu-item-7556\"><a href=\"https:\/\/www.machool.com\/fr\/regles-dexpedition-avancees-de-woocommerce\/\">R\u00e8gles d\u2019exp\u00e9dition avanc\u00e9es de WooCommerce<\/a><\/li>\n\t<li class=\"menu-item menu-item-type-post_type menu-item-object-page menu-item-7535\"><a href=\"https:\/\/www.machool.com\/fr\/support-expedition-par-lots\/\">Exp\u00e9dition par lots<\/a><\/li>\n\t<li class=\"menu-item menu-item-type-post_type menu-item-object-page menu-item-7548\"><a href=\"https:\/\/www.machool.com\/fr\/support-modeles-personnalises-pour-vos-paquets\/\">Mod\u00e8les personnalis\u00e9s pour vos paquets<\/a><\/li>\n\t<li class=\"menu-item menu-item-type-post_type menu-item-object-page menu-item-7533\"><a href=\"https:\/\/www.machool.com\/fr\/support-machool_bulkship\/\">Machool Bulk Ship<\/a><\/li>\n\t<li class=\"menu-item menu-item-type-post_type menu-item-object-page menu-item-7536\"><a href=\"https:\/\/www.machool.com\/fr\/support-notifications-denvoi-avancees\/\">Notifications d\u2019envoi avanc\u00e9es<\/a><\/li>\n\t<li class=\"menu-item menu-item-type-post_type menu-item-object-page menu-item-7564\"><a href=\"https:\/\/www.machool.com\/fr\/soutien-aux-prestataires-de-services\/\">Soutien aux prestataires de services<\/a><\/li>\n\t<li class=\"menu-item menu-item-type-post_type menu-item-object-page menu-item-7565\"><a href=\"https:\/\/www.machool.com\/fr\/frais-dajustement\/\">Frais d\u2019ajustement<\/a><\/li>\n\t<li class=\"menu-item menu-item-type-post_type menu-item-object-page menu-item-7561\"><a href=\"https:\/\/www.machool.com\/fr\/livraison-a-un-point-de-ramassage-local\/\">Livraison \u00e0 un point de ramassage local<\/a><\/li>\n\t<li class=\"menu-item menu-item-type-post_type menu-item-object-page menu-item-7558\"><a href=\"https:\/\/www.machool.com\/fr\/solution-api-machool\/\">Solution API Machool<\/a><\/li>\n\t<li class=\"menu-item menu-item-type-post_type menu-item-object-page menu-item-7544\"><a href=\"https:\/\/www.machool.com\/fr\/support-demande-denlevement\/\">Demande de ramassage<\/a><\/li>\n\t<li class=\"menu-item menu-item-type-post_type menu-item-object-page menu-item-7545\"><a href=\"https:\/\/www.machool.com\/fr\/support-comprendre-le-centre-danalyse-de-machool\/\">Comprendre le centre d\u2019analyse de Machool<\/a><\/li>\n\t<li class=\"menu-item menu-item-type-post_type menu-item-object-page menu-item-7538\"><a href=\"https:\/\/www.machool.com\/fr\/prereglages-comment-faire\/\">Pr\u00e9r\u00e9glages<\/a><\/li>\n\t<li class=\"menu-item menu-item-type-post_type menu-item-object-page menu-item-7560\"><a href=\"https:\/\/www.machool.com\/fr\/impression-directe\/\">Impression directe<\/a><\/li>\n\t<li class=\"menu-item menu-item-type-post_type menu-item-object-page menu-item-7543\"><a href=\"https:\/\/www.machool.com\/fr\/support-centre-de-support\/\">Centre de support<\/a><\/li>\n\t<li class=\"menu-item menu-item-type-post_type menu-item-object-page menu-item-7688\"><a href=\"https:\/\/www.machool.com\/fr\/support-portail-des-retours\/\">Portail des retours<\/a><\/li>\n\t<li class=\"menu-item menu-item-type-post_type menu-item-object-page menu-item-8029\"><a href=\"https:\/\/www.machool.com\/fr\/support-integration-de-zonos\/\">Support \u2013 Int\u00e9gration de Zonos<\/a><\/li>\n<\/ul>\n<\/li>\n<\/ul><\/div><\/div>\t\t<\/div>\n\t\t\t\t<\/div>\n\t\t<\/div><!-- Themovaiton Sidebar Wrap after -->\t\t\t\t<\/div>\n\t\t\t\t\t<\/div>\n\t\t<\/div>\n\t\t\t\t<div class=\"elementor-column elementor-col-50 elementor-top-column elementor-element elementor-element-89ac90a\" data-id=\"89ac90a\" data-element_type=\"column\">\n\t\t\t<div class=\"elementor-column-wrap elementor-element-populated\">\n\t\t\t\t\t\t\t<div class=\"elementor-widget-wrap\">\n\t\t\t\t\t\t<div class=\"elementor-element elementor-element-9db8102 elementor-widget elementor-widget-spacer\" data-id=\"9db8102\" data-element_type=\"widget\" data-widget_type=\"spacer.default\">\n\t\t\t\t<div class=\"elementor-widget-container\">\n\t\t\t\t\t<div class=\"elementor-spacer\">\n\t\t\t<div class=\"elementor-spacer-inner\"><\/div>\n\t\t<\/div>\n\t\t\t\t<\/div>\n\t\t\t\t<\/div>\n\t\t\t\t<div class=\"elementor-element elementor-element-25a1d26 elementor-widget elementor-widget-heading\" data-id=\"25a1d26\" data-element_type=\"widget\" data-widget_type=\"heading.default\">\n\t\t\t\t<div class=\"elementor-widget-container\">\n\t\t\t<h2 class=\"elementor-heading-title elementor-size-default\">Solutions Machool API<\/h2>\t\t<\/div>\n\t\t\t\t<\/div>\n\t\t\t\t<div class=\"elementor-element elementor-element-2d989d2 elementor-widget-divider--view-line elementor-widget elementor-widget-divider\" data-id=\"2d989d2\" data-element_type=\"widget\" data-widget_type=\"divider.default\">\n\t\t\t\t<div class=\"elementor-widget-container\">\n\t\t\t\t\t<div class=\"elementor-divider\">\n\t\t\t<span class=\"elementor-divider-separator\">\n\t\t\t\t\t\t<\/span>\n\t\t<\/div>\n\t\t\t\t<\/div>\n\t\t\t\t<\/div>\n\t\t\t\t<div class=\"elementor-element elementor-element-6a25e3d elementor-widget elementor-widget-image\" data-id=\"6a25e3d\" data-element_type=\"widget\" data-widget_type=\"image.default\">\n\t\t\t\t<div class=\"elementor-widget-container\">\n\t\t\t\t\t\t\t\t<div class=\"elementor-image\">\n\t\t\t\t\t\t\t\t\t\t\t\t<img decoding=\"async\" width=\"1024\" height=\"512\" data-src=\"https:\/\/www.machool.com\/wp-content\/uploads\/2022\/08\/api-1024x512.gif\" class=\"attachment-large size-large lazyload\" alt=\"\" data-srcset=\"https:\/\/www.machool.com\/wp-content\/uploads\/2022\/08\/api-1024x512.gif 1024w, https:\/\/www.machool.com\/wp-content\/uploads\/2022\/08\/api-300x150.gif 300w, https:\/\/www.machool.com\/wp-content\/uploads\/2022\/08\/api-768x384.gif 768w, https:\/\/www.machool.com\/wp-content\/uploads\/2022\/08\/api-1536x768.gif 1536w, https:\/\/www.machool.com\/wp-content\/uploads\/2022\/08\/api-80x40.gif 80w, https:\/\/www.machool.com\/wp-content\/uploads\/2022\/08\/api-160x80.gif 160w, https:\/\/www.machool.com\/wp-content\/uploads\/2022\/08\/api-394x197.gif 394w, https:\/\/www.machool.com\/wp-content\/uploads\/2022\/08\/api-915x458.gif 915w, https:\/\/www.machool.com\/wp-content\/uploads\/2022\/08\/api-1240x620.gif 1240w, https:\/\/www.machool.com\/wp-content\/uploads\/2022\/08\/api-1920x960.gif 1920w\" data-sizes=\"(max-width: 1024px) 100vw, 1024px\" src=\"data:image\/svg+xml;base64,PHN2ZyB3aWR0aD0iMSIgaGVpZ2h0PSIxIiB4bWxucz0iaHR0cDovL3d3dy53My5vcmcvMjAwMC9zdmciPjwvc3ZnPg==\" style=\"--smush-placeholder-width: 1024px; --smush-placeholder-aspect-ratio: 1024\/512;\" \/>\t\t\t\t\t\t\t\t\t\t\t\t\t\t<\/div>\n\t\t\t\t\t\t<\/div>\n\t\t\t\t<\/div>\n\t\t\t\t<div class=\"elementor-element elementor-element-501e94b elementor-view-default elementor-position-top elementor-widget elementor-widget-themo-header\" data-id=\"501e94b\" data-element_type=\"widget\" data-widget_type=\"themo-header.default\">\n\t\t\t\t<div class=\"elementor-widget-container\">\n\t\t\t\t\t<div class=\"th-header-wrap\">\n        <div class=\"elementor-icon-box-wrapper \">\n                            <div class=\"elementor-icon-box-content\">\n                    <h3 class=\"elementor-icon-box-title\">\n                        Int\u00e9grer avec Machool                    <\/h3>\n                                        <p class=\"elementor-icon-box-description\"><p>Chez Machool, nous nous effor\u00e7ons de faciliter l'int\u00e9gration de notre <a class=\"email-link\" href=\"https:\/\/www.machool.com\/fr\/\/\">solution de livraison e-commerce<\/a> dans votre site web, votre application personnalis\u00e9e ou votre syst\u00e8me ERP. Gr\u00e2ce \u00e0 notre catalogue d'API, nous mettons \u00e0 disposition des d\u00e9veloppeurs des ressources pour construire des int\u00e9grations personnalis\u00e9es avec Machool. Une API simplifi\u00e9e qui vous donne acc\u00e8s \u00e0 plus de 25 courriers d'exp\u00e9dition !<\/p><\/p>\n\n                                    <\/div>\n            <\/div>\n\n        <\/div>\n\n\t\t\t\t<\/div>\n\t\t\t\t<\/div>\n\t\t\t\t<div class=\"elementor-element elementor-element-4bef7ab elementor-view-default elementor-position-top elementor-widget elementor-widget-themo-header\" data-id=\"4bef7ab\" data-element_type=\"widget\" data-widget_type=\"themo-header.default\">\n\t\t\t\t<div class=\"elementor-widget-container\">\n\t\t\t\t\t<div class=\"th-header-wrap\">\n        <div class=\"elementor-icon-box-wrapper \">\n                            <div class=\"elementor-icon-box-content\">\n                    <h3 class=\"elementor-icon-box-title\">\n                        API Machool                    <\/h3>\n                                        <p class=\"elementor-icon-box-description\"><p>L'API de Machool est con\u00e7ue pour l'accessibilit\u00e9, garantissant que les d\u00e9veloppeurs peuvent interagir de mani\u00e8re transparente avec notre plateforme. Il vous permet de g\u00e9rer vos op\u00e9rations en cr\u00e9ant ou en annulant des commandes, en g\u00e9n\u00e9rant des \u00e9tiquettes et en assurant le suivi des exp\u00e9ditions directement \u00e0 partir de votre ERP, de votre WMS ou de toute autre application personnalis\u00e9e. Cette API permet d'automatiser diverses t\u00e2ches essentielles. Voici les principales fonctions qu'il prend actuellement en charge :\n<\/p><ul>\n<li><strong>GetRates<\/strong> &gt; Recevez des devis de coursiers activ\u00e9s sur votre compte Machool.<\/li>\n<li><strong>CreateShipment<\/strong> &gt; Cr\u00e9ation d'\u00e9tiquettes pour l'exp\u00e9dition nationale, am\u00e9ricaine et internationale avec tous les transporteurs autoris\u00e9s.<\/li>\n<li><strong>VoidShipment<\/strong> &gt; Annulez un envoi cr\u00e9\u00e9 avec votre compte Machool.<\/li>\n<li><strong>Documents<\/strong> &gt; R\u00e9cup\u00e9rer les \u00e9tiquettes d'exp\u00e9dition pour les envois cr\u00e9\u00e9s avec votre compte Machool.<\/li>\n<li><strong>TrackShipment<\/strong> &gt; Obtenez des informations d\u00e9taill\u00e9es sur le suivi d'un envoi cr\u00e9\u00e9 \u00e0 l'aide de votre compte Machool.<\/li>\n<li><strong>Planifier l'enl\u00e8vement<\/strong> &gt; Automatisez l'enl\u00e8vement avec vos coursiers pr\u00e9f\u00e9r\u00e9s.<\/li>\n<\/ul>\nConsultez notre documentation d\u00e9taill\u00e9e sur l'API <a href=\"https:\/\/api.machool.com\/external\/docs\" target=\"_blank\" rel=\"noopener\">ici<\/a> \n<\/p>\n\n                                    <\/div>\n            <\/div>\n\n        <\/div>\n\n\t\t\t\t<\/div>\n\t\t\t\t<\/div>\n\t\t\t\t<div class=\"elementor-element elementor-element-58840a4 elementor-view-default elementor-position-top elementor-widget elementor-widget-themo-header\" data-id=\"58840a4\" data-element_type=\"widget\" data-widget_type=\"themo-header.default\">\n\t\t\t\t<div class=\"elementor-widget-container\">\n\t\t\t\t\t<div class=\"th-header-wrap\">\n        <div class=\"elementor-icon-box-wrapper \">\n                            <div class=\"elementor-icon-box-content\">\n                    <h3 class=\"elementor-icon-box-title\">\n                        Pour commencer                    <\/h3>\n                                        <p class=\"elementor-icon-box-description\"><p>Suivez ces instructions si vous utilisez des ressources de d\u00e9veloppement pour int\u00e9grer l'API de Machool dans votre site web ou votre application :\n<\/p><ol><li>Acc\u00e9dez \u00e0 notre documentation sur les API externes \u00e0 l'adresse suivante <a href=\"https:\/\/api.machool.com\/external\/api\/v1\/documentation\" target=\"_blank\" rel=\"noopener\">: https:\/\/api.machool.com\/external\/api\/v1\/documentation<\/a><\/li>\n<li>Contactez <a href=\"mailto:support@machool.com\">notre \u00e9quipe d'ing\u00e9nieurs<\/a> pour discuter de vos besoins sp\u00e9cifiques et b\u00e9n\u00e9ficiez d'une assistance de premier ordre tout au long de votre parcours d'int\u00e9gration.<\/li>\n<li>Acc\u00e9dez \u00e0 notre environnement Sandbox \u00e0 l'<a href=\"https:\/\/sandbox.machool.com\/signin\" target=\"_blank\" rel=\"noopener\">adresse https:\/\/sandbox.machool.com\/signin<\/a>.<\/li>\n<li>Obtenez les informations d'identification de l'API pour votre compte Sandbox.<\/li>\n<li>Une fois votre int\u00e9gration termin\u00e9e, contactez notre \u00e9quipe d'ing\u00e9nieurs pour un examen complet et une validation de votre mise en \u0153uvre.<\/li>\n<li>Si vous ne l'avez pas encore fait, ouvrez un compte de production Machool sur <a href=\"https:\/\/app.machool.com\/signup\/account\" target=\"_blank\" rel=\"noopener\">https:\/\/app.machool.com\/signup\/account<\/a>.<\/li>\n<li>Obtenez les identifiants API pour votre compte de production.<\/li>\n<\/ol>\n<br>\n<p>Vous \u00eates maintenant pr\u00eat \u00e0 passer \u00e0 l'action et \u00e0 exploiter tout le potentiel de l'API de Machool. Nous sommes l\u00e0 pour vous aider \u00e0 chaque \u00e9tape de votre parcours d'int\u00e9gration. Si vous avez d'autres questions ou si vous avez besoin d'aide, n'h\u00e9sitez pas \u00e0 nous contacter.\n<br><br>\nBienvenue dans une exp\u00e9rience d'exp\u00e9dition plus efficace et connect\u00e9e avec Machool !\n<\/p><\/p>\n\n                                    <\/div>\n            <\/div>\n\n        <\/div>\n\n\t\t\t\t<\/div>\n\t\t\t\t<\/div>\n\t\t\t\t<div class=\"elementor-element elementor-element-186897b elementor-widget elementor-widget-text-editor\" data-id=\"186897b\" data-element_type=\"widget\" data-widget_type=\"text-editor.default\">\n\t\t\t\t<div class=\"elementor-widget-container\">\n\t\t\t\t\t\t\t\t<div class=\"elementor-text-editor elementor-clearfix\">\n\t\t\t\t<p>Vous n&rsquo;avez pas trouv\u00e9 les r\u00e9ponses que vous cherchiez ? <a href=\"https:\/\/www.machool.com\/fr\/contact-2\/\" class=\"email-link\">Cliquez ici<\/a> <span style=\"color: inherit; font-family: inherit; font-style: inherit; font-weight: inherit;\">pour nous contacter <\/span>.  <\/p>\n\t\t\t\t\t<\/div>\n\t\t\t\t\t\t<\/div>\n\t\t\t\t<\/div>\n\t\t\t\t\t\t<\/div>\n\t\t\t\t\t<\/div>\n\t\t<\/div>\n\t\t\t\t\t\t\t\t<\/div>\n\t\t\t\t\t<\/div>\n\t\t<\/section>\n\t\t\t\t\t\t\t\t\t<\/div>\n\t\t\t<\/div>\n\t\t\t\t\t<\/div>\n\t\t","protected":false},"excerpt":{"rendered":"<p>Centre d&rsquo;assistance Solutions Machool API Int\u00e9grer avec Machool Chez Machool, nous nous effor\u00e7ons de faciliter l&rsquo;int\u00e9gration de notre solution de livraison e-commerce dans votre site web, votre application personnalis\u00e9e ou votre syst\u00e8me ERP. Gr\u00e2ce \u00e0 notre catalogue d&rsquo;API, nous mettons &hellip; <a href=\"https:\/\/www.machool.com\/fr\/solution-api-machool\/\">Read More<\/a><\/p>\n","protected":false},"author":2,"featured_media":0,"parent":0,"menu_order":84,"comment_status":"closed","ping_status":"closed","template":"","meta":{"footnotes":""},"class_list":["post-7188","page","type-page","status-publish","hentry"],"_links":{"self":[{"href":"https:\/\/www.machool.com\/fr\/wp-json\/wp\/v2\/pages\/7188","targetHints":{"allow":["GET"]}}],"collection":[{"href":"https:\/\/www.machool.com\/fr\/wp-json\/wp\/v2\/pages"}],"about":[{"href":"https:\/\/www.machool.com\/fr\/wp-json\/wp\/v2\/types\/page"}],"author":[{"embeddable":true,"href":"https:\/\/www.machool.com\/fr\/wp-json\/wp\/v2\/users\/2"}],"replies":[{"embeddable":true,"href":"https:\/\/www.machool.com\/fr\/wp-json\/wp\/v2\/comments?post=7188"}],"version-history":[{"count":0,"href":"https:\/\/www.machool.com\/fr\/wp-json\/wp\/v2\/pages\/7188\/revisions"}],"wp:attachment":[{"href":"https:\/\/www.machool.com\/fr\/wp-json\/wp\/v2\/media?parent=7188"}],"curies":[{"name":"wp","href":"https:\/\/api.w.org\/{rel}","templated":true}]}}