{"id":7184,"date":"2022-12-16T11:53:15","date_gmt":"2022-12-16T19:53:15","guid":{"rendered":"https:\/\/www.machool.com\/frais-dajustement\/"},"modified":"2025-06-23T13:34:42","modified_gmt":"2025-06-23T20:34:42","slug":"frais-dajustement","status":"publish","type":"page","link":"https:\/\/www.machool.com\/fr\/frais-dajustement\/","title":{"rendered":"Frais d&rsquo;ajustement"},"content":{"rendered":"\t\t<div data-elementor-type=\"wp-post\" data-elementor-id=\"7184\" class=\"elementor elementor-7184 elementor-6161\">\n\t\t\t\t\t\t<div class=\"elementor-inner\">\n\t\t\t\t<div class=\"elementor-section-wrap\">\n\t\t\t\t\t\t\t\t\t<section class=\"elementor-section elementor-top-section elementor-element elementor-element-jcpoldy elementor-section-height-min-height elementor-section-items-bottom elementor-section-boxed elementor-section-height-default\" data-id=\"jcpoldy\" data-element_type=\"section\" data-settings=\"{&quot;background_background&quot;:&quot;classic&quot;}\">\n\t\t\t\t\t\t\t<div class=\"elementor-background-overlay\"><\/div>\n\t\t\t\t\t\t\t<div class=\"elementor-container elementor-column-gap-default\">\n\t\t\t\t\t\t\t<div class=\"elementor-row\">\n\t\t\t\t\t<div class=\"elementor-column elementor-col-100 elementor-top-column elementor-element elementor-element-bsvdawm\" data-id=\"bsvdawm\" data-element_type=\"column\">\n\t\t\t<div class=\"elementor-column-wrap elementor-element-populated\">\n\t\t\t\t\t\t\t<div class=\"elementor-widget-wrap\">\n\t\t\t\t\t\t<div class=\"elementor-element elementor-element-fxsfiac elementor-view-default elementor-position-top elementor-invisible elementor-widget elementor-widget-themo-header\" data-id=\"fxsfiac\" data-element_type=\"widget\" data-settings=\"{&quot;_animation&quot;:&quot;fadeInUp&quot;}\" data-widget_type=\"themo-header.default\">\n\t\t\t\t<div class=\"elementor-widget-container\">\n\t\t\t\t\t<div class=\"th-header-wrap\">\n        <div class=\"elementor-icon-box-wrapper \">\n                            <div class=\"elementor-icon-box-content\">\n                    <h1 class=\"elementor-icon-box-title\">\n                        Centre d'assistance                    <\/h1>\n                                        <p class=\"elementor-icon-box-description\"><\/p>\n\n                                    <\/div>\n            <\/div>\n\n        <\/div>\n\n\t\t\t\t<\/div>\n\t\t\t\t<\/div>\n\t\t\t\t\t\t<\/div>\n\t\t\t\t\t<\/div>\n\t\t<\/div>\n\t\t\t\t\t\t\t\t<\/div>\n\t\t\t\t\t<\/div>\n\t\t<\/section>\n\t\t\t\t<section class=\"elementor-section elementor-top-section elementor-element elementor-element-d057247 elementor-section-content-top elementor-section-boxed elementor-section-height-default elementor-section-height-default\" data-id=\"d057247\" data-element_type=\"section\" data-settings=\"{&quot;background_background&quot;:&quot;classic&quot;}\">\n\t\t\t\t\t\t<div class=\"elementor-container elementor-column-gap-default\">\n\t\t\t\t\t\t\t<div class=\"elementor-row\">\n\t\t\t\t\t<div class=\"elementor-column elementor-col-50 elementor-top-column elementor-element elementor-element-c85be6b\" data-id=\"c85be6b\" data-element_type=\"column\">\n\t\t\t<div class=\"elementor-column-wrap elementor-element-populated\">\n\t\t\t\t\t\t\t<div class=\"elementor-widget-wrap\">\n\t\t\t\t\t\t<div class=\"elementor-element elementor-element-dd33cb8 elementor-widget elementor-widget-spacer\" data-id=\"dd33cb8\" data-element_type=\"widget\" data-widget_type=\"spacer.default\">\n\t\t\t\t<div class=\"elementor-widget-container\">\n\t\t\t\t\t<div class=\"elementor-spacer\">\n\t\t\t<div class=\"elementor-spacer-inner\"><\/div>\n\t\t<\/div>\n\t\t\t\t<\/div>\n\t\t\t\t<\/div>\n\t\t<!-- Themovaiton Sidebar Wrap before --><div class=\"sidebar th-widget-area th-sidebar-widget\">\t\t<div class=\"elementor-element elementor-element-057db62 support-sidebar elementor-widget elementor-widget-sidebar\" data-id=\"057db62\" data-element_type=\"widget\" data-widget_type=\"sidebar.default\">\n\t\t\t\t<div class=\"elementor-widget-container\">\n\t\t\t<div id=\"nav_menu-2\" class=\"widget widget_nav_menu\"><div class=\"menu-support-french-container\"><ul id=\"menu-support-french\" class=\"menu\"><li class=\"menu-item menu-item-type-post_type menu-item-object-page menu-item-has-children menu-item-7539\"><a href=\"https:\/\/www.machool.com\/fr\/centre-dassistance\/\">Centre d\u2019assistance<\/a>\n<ul class=\"sub-menu\">\n\t<li class=\"menu-item menu-item-type-post_type menu-item-object-page menu-item-7562\"><a href=\"https:\/\/www.machool.com\/fr\/soutien-vue-densemble\/\">Soutien \u2013 vue d\u2019ensemble<\/a><\/li>\n\t<li class=\"menu-item menu-item-type-post_type menu-item-object-page menu-item-7542\"><a href=\"https:\/\/www.machool.com\/fr\/support-configuration\/\">Configuration<\/a><\/li>\n\t<li class=\"menu-item menu-item-type-post_type menu-item-object-page menu-item-7551\"><a href=\"https:\/\/www.machool.com\/fr\/support-compte\/\">Compte<\/a><\/li>\n\t<li class=\"menu-item menu-item-type-post_type menu-item-object-page menu-item-7563\"><a href=\"https:\/\/www.machool.com\/fr\/soutien-expedition\/\">Soutien \u2013 exp\u00e9dition<\/a><\/li>\n\t<li class=\"menu-item menu-item-type-post_type menu-item-object-page menu-item-7546\"><a href=\"https:\/\/www.machool.com\/fr\/support-ecommerce\/\">Cybercommerce<\/a><\/li>\n\t<li class=\"menu-item menu-item-type-post_type menu-item-object-page menu-item-7547\"><a href=\"https:\/\/www.machool.com\/fr\/support-integrations\/\">Int\u00e9grations<\/a><\/li>\n\t<li class=\"menu-item menu-item-type-post_type menu-item-object-page menu-item-7534\"><a href=\"https:\/\/www.machool.com\/fr\/support-importation-csv\/\">Importation CSV<\/a><\/li>\n\t<li class=\"menu-item menu-item-type-post_type menu-item-object-page menu-item-7557\"><a href=\"https:\/\/www.machool.com\/fr\/regles-dexpedition-avancees-de-shopify\/\">R\u00e8gles d\u2019exp\u00e9dition avanc\u00e9es de Shopify<\/a><\/li>\n\t<li class=\"menu-item menu-item-type-post_type menu-item-object-page menu-item-7556\"><a href=\"https:\/\/www.machool.com\/fr\/regles-dexpedition-avancees-de-woocommerce\/\">R\u00e8gles d\u2019exp\u00e9dition avanc\u00e9es de WooCommerce<\/a><\/li>\n\t<li class=\"menu-item menu-item-type-post_type menu-item-object-page menu-item-7535\"><a href=\"https:\/\/www.machool.com\/fr\/support-expedition-par-lots\/\">Exp\u00e9dition par lots<\/a><\/li>\n\t<li class=\"menu-item menu-item-type-post_type menu-item-object-page menu-item-7548\"><a href=\"https:\/\/www.machool.com\/fr\/support-modeles-personnalises-pour-vos-paquets\/\">Mod\u00e8les personnalis\u00e9s pour vos paquets<\/a><\/li>\n\t<li class=\"menu-item menu-item-type-post_type menu-item-object-page menu-item-7533\"><a href=\"https:\/\/www.machool.com\/fr\/support-machool_bulkship\/\">Machool Bulk Ship<\/a><\/li>\n\t<li class=\"menu-item menu-item-type-post_type menu-item-object-page menu-item-7536\"><a href=\"https:\/\/www.machool.com\/fr\/support-notifications-denvoi-avancees\/\">Notifications d\u2019envoi avanc\u00e9es<\/a><\/li>\n\t<li class=\"menu-item menu-item-type-post_type menu-item-object-page menu-item-7564\"><a href=\"https:\/\/www.machool.com\/fr\/soutien-aux-prestataires-de-services\/\">Soutien aux prestataires de services<\/a><\/li>\n\t<li class=\"menu-item menu-item-type-post_type menu-item-object-page menu-item-7565\"><a href=\"https:\/\/www.machool.com\/fr\/frais-dajustement\/\">Frais d\u2019ajustement<\/a><\/li>\n\t<li class=\"menu-item menu-item-type-post_type menu-item-object-page menu-item-7561\"><a href=\"https:\/\/www.machool.com\/fr\/livraison-a-un-point-de-ramassage-local\/\">Livraison \u00e0 un point de ramassage local<\/a><\/li>\n\t<li class=\"menu-item menu-item-type-post_type menu-item-object-page menu-item-7558\"><a href=\"https:\/\/www.machool.com\/fr\/solution-api-machool\/\">Solution API Machool<\/a><\/li>\n\t<li class=\"menu-item menu-item-type-post_type menu-item-object-page menu-item-7544\"><a href=\"https:\/\/www.machool.com\/fr\/support-demande-denlevement\/\">Demande de ramassage<\/a><\/li>\n\t<li class=\"menu-item menu-item-type-post_type menu-item-object-page menu-item-7545\"><a href=\"https:\/\/www.machool.com\/fr\/support-comprendre-le-centre-danalyse-de-machool\/\">Comprendre le centre d\u2019analyse de Machool<\/a><\/li>\n\t<li class=\"menu-item menu-item-type-post_type menu-item-object-page menu-item-7538\"><a href=\"https:\/\/www.machool.com\/fr\/prereglages-comment-faire\/\">Pr\u00e9r\u00e9glages<\/a><\/li>\n\t<li class=\"menu-item menu-item-type-post_type menu-item-object-page menu-item-7560\"><a href=\"https:\/\/www.machool.com\/fr\/impression-directe\/\">Impression directe<\/a><\/li>\n\t<li class=\"menu-item menu-item-type-post_type menu-item-object-page menu-item-7543\"><a href=\"https:\/\/www.machool.com\/fr\/support-centre-de-support\/\">Centre de support<\/a><\/li>\n\t<li class=\"menu-item menu-item-type-post_type menu-item-object-page menu-item-7688\"><a href=\"https:\/\/www.machool.com\/fr\/support-portail-des-retours\/\">Portail des retours<\/a><\/li>\n\t<li class=\"menu-item menu-item-type-post_type menu-item-object-page menu-item-8029\"><a href=\"https:\/\/www.machool.com\/fr\/support-integration-de-zonos\/\">Support \u2013 Int\u00e9gration de Zonos<\/a><\/li>\n<\/ul>\n<\/li>\n<\/ul><\/div><\/div>\t\t<\/div>\n\t\t\t\t<\/div>\n\t\t<\/div><!-- Themovaiton Sidebar Wrap after -->\t\t\t\t<\/div>\n\t\t\t\t\t<\/div>\n\t\t<\/div>\n\t\t\t\t<div class=\"elementor-column elementor-col-50 elementor-top-column elementor-element elementor-element-89ac90a\" data-id=\"89ac90a\" data-element_type=\"column\">\n\t\t\t<div class=\"elementor-column-wrap elementor-element-populated\">\n\t\t\t\t\t\t\t<div class=\"elementor-widget-wrap\">\n\t\t\t\t\t\t<div class=\"elementor-element elementor-element-9db8102 elementor-widget elementor-widget-spacer\" data-id=\"9db8102\" data-element_type=\"widget\" data-widget_type=\"spacer.default\">\n\t\t\t\t<div class=\"elementor-widget-container\">\n\t\t\t\t\t<div class=\"elementor-spacer\">\n\t\t\t<div class=\"elementor-spacer-inner\"><\/div>\n\t\t<\/div>\n\t\t\t\t<\/div>\n\t\t\t\t<\/div>\n\t\t\t\t<div class=\"elementor-element elementor-element-25a1d26 elementor-widget elementor-widget-heading\" data-id=\"25a1d26\" data-element_type=\"widget\" data-widget_type=\"heading.default\">\n\t\t\t\t<div class=\"elementor-widget-container\">\n\t\t\t<h2 class=\"elementor-heading-title elementor-size-default\">Frais d'ajustement<\/h2>\t\t<\/div>\n\t\t\t\t<\/div>\n\t\t\t\t<div class=\"elementor-element elementor-element-2d989d2 elementor-widget-divider--view-line elementor-widget elementor-widget-divider\" data-id=\"2d989d2\" data-element_type=\"widget\" data-widget_type=\"divider.default\">\n\t\t\t\t<div class=\"elementor-widget-container\">\n\t\t\t\t\t<div class=\"elementor-divider\">\n\t\t\t<span class=\"elementor-divider-separator\">\n\t\t\t\t\t\t<\/span>\n\t\t<\/div>\n\t\t\t\t<\/div>\n\t\t\t\t<\/div>\n\t\t\t\t<div class=\"elementor-element elementor-element-d4fcbf0 elementor-view-default elementor-position-top elementor-widget elementor-widget-themo-header\" data-id=\"d4fcbf0\" data-element_type=\"widget\" data-widget_type=\"themo-header.default\">\n\t\t\t\t<div class=\"elementor-widget-container\">\n\t\t\t\t\t<div class=\"th-header-wrap\">\n        <div class=\"elementor-icon-box-wrapper \">\n                            <div class=\"elementor-icon-box-content\">\n                    <h4 class=\"elementor-icon-box-title\">\n                                            <\/h4>\n                                        <p class=\"elementor-icon-box-description\"><p>De temps en temps, les entreprises de messagerie peuvent revoir le prix d'un envoi apr\u00e8s qu'il a \u00e9t\u00e9 enlev\u00e9 et\/ou livr\u00e9. Dans ce cas, vous recevrez un courriel de notification contenant les d\u00e9tails de chaque ajustement, qui est envoy\u00e9 automatiquement \u00e0 l'adresse du titulaire du compte principal.<\/p>\n\n<p>Si vous estimez que certains de ces frais d'ajustement sont injustifi\u00e9s ou qu'ils ont \u00e9t\u00e9 factur\u00e9s par erreur, veuillez contacter <a style=\"color:#1ac7ad\" href=\"mailto:support@machool.com\">support@machool.com<\/a> et nous nous ferons un plaisir d'introduire un litige avec le transporteur en votre nom.  <\/p>\n\n<p>Vous trouverez ci-dessous une description des types d'ajustements les plus courants.<\/p><\/p>\n\n                                    <\/div>\n            <\/div>\n\n        <\/div>\n\n\t\t\t\t<\/div>\n\t\t\t\t<\/div>\n\t\t\t\t<div class=\"elementor-element elementor-element-501e94b elementor-view-default elementor-position-top elementor-widget elementor-widget-themo-header\" data-id=\"501e94b\" data-element_type=\"widget\" data-widget_type=\"themo-header.default\">\n\t\t\t\t<div class=\"elementor-widget-container\">\n\t\t\t\t\t<div class=\"th-header-wrap\">\n        <div class=\"elementor-icon-box-wrapper \">\n                            <div class=\"elementor-icon-box-content\">\n                    <h3 class=\"elementor-icon-box-title\">\n                        POIDS CUBIQUE AJUST\u00c9                    <\/h3>\n                                        <p class=\"elementor-icon-box-description\"><p>Le poids cubique, ou poids dimensionnel, est une technique utilis\u00e9e par plusieurs transporteurs pour estimer plus pr\u00e9cis\u00e9ment la charge logistique globale d'un envoi.  <\/p>\n\n<p>Le poids cub\u00e9 est compar\u00e9 au poids r\u00e9el et la valeur la plus \u00e9lev\u00e9e des deux est utilis\u00e9e pour la facturation. Ainsi, les envois plus encombrants, qui prennent plus de place dans les v\u00e9hicules du coursier m\u00eame s'ils sont relativement l\u00e9gers, seront factur\u00e9s en cons\u00e9quence.<\/p>\n\n<p>D'une mani\u00e8re g\u00e9n\u00e9rale, les trois dimensions (longueur, largeur et hauteur) de chaque colis sont multipli\u00e9es pour obtenir le volume en pieds cubes ou en m\u00e8tres cubes, et chaque pied cube ou m\u00e8tre cube est converti en un nombre donn\u00e9 de livres ou de kilogrammes.<\/p>\n\n<p>Chaque transporteur utilise une \u00e9quation l\u00e9g\u00e8rement diff\u00e9rente pour obtenir le poids cubique d'un envoi. Par exemple, le m\u00eame envoi mesurant 12 po x 12 po x 12 po (1 pied cube) aurait un poids dimensionnel de 11 lb pour DHL, de 12,4 lb pour FedEx, Purolator Ground et UPS, et de 15 lb pour Purolator Express.<\/p>\n\n<p>M\u00eame si le poids r\u00e9el de l'envoi est inf\u00e9rieur \u00e0 la valeur dimensionnelle, c'est la valeur la plus \u00e9lev\u00e9e des deux qui sera utilis\u00e9e pour la facturation.<\/p>\n\n<p>Une l\u00e9g\u00e8re variation dans une ou plusieurs des dimensions d\u00e9clar\u00e9es peut avoir des r\u00e9percussions importantes sur le prix final de l'envoi. Nous vous encourageons vivement \u00e0 d\u00e9clarer vos envois le plus pr\u00e9cis\u00e9ment possible afin d'\u00e9viter des co\u00fbts inattendus.<\/p><\/p>\n\n                                    <\/div>\n            <\/div>\n\n        <\/div>\n\n\t\t\t\t<\/div>\n\t\t\t\t<\/div>\n\t\t\t\t<div class=\"elementor-element elementor-element-a770b0a elementor-view-default elementor-position-top elementor-widget elementor-widget-themo-header\" data-id=\"a770b0a\" data-element_type=\"widget\" data-widget_type=\"themo-header.default\">\n\t\t\t\t<div class=\"elementor-widget-container\">\n\t\t\t\t\t<div class=\"th-header-wrap\">\n        <div class=\"elementor-icon-box-wrapper \">\n                            <div class=\"elementor-icon-box-content\">\n                    <h3 class=\"elementor-icon-box-title\">\n                        CO\u00dbT DE BASE\/CARBURANT AJUST\u00c9                    <\/h3>\n                                        <p class=\"elementor-icon-box-description\"><p>Comme le prix du carburant varie constamment, les entreprises de messagerie r\u00e9visent r\u00e9guli\u00e8rement leurs frais de carburant. Si un d\u00e9lai de quelques jours s'\u00e9coule entre le moment o\u00f9 un envoi est cr\u00e9\u00e9 et celui o\u00f9 il est pris en charge par le transporteur, le tarif final du carburant peut varier l\u00e9g\u00e8rement. Ces ajustements repr\u00e9sentent normalement moins d'un dollar par envoi.\n<\/p><\/p>\n\n                                    <\/div>\n            <\/div>\n\n        <\/div>\n\n\t\t\t\t<\/div>\n\t\t\t\t<\/div>\n\t\t\t\t<div class=\"elementor-element elementor-element-bc7e54f elementor-view-default elementor-position-top elementor-widget elementor-widget-themo-header\" data-id=\"bc7e54f\" data-element_type=\"widget\" data-widget_type=\"themo-header.default\">\n\t\t\t\t<div class=\"elementor-widget-container\">\n\t\t\t\t\t<div class=\"th-header-wrap\">\n        <div class=\"elementor-icon-box-wrapper \">\n                            <div class=\"elementor-icon-box-content\">\n                    <h3 class=\"elementor-icon-box-title\">\n                        TRAITEMENT SUPPL\u00c9MENTAIRE                    <\/h3>\n                                        <p class=\"elementor-icon-box-description\"><p>Des frais de manutention suppl\u00e9mentaires peuvent \u00eatre appliqu\u00e9s pour diverses raisons, en fonction du transporteur. En g\u00e9n\u00e9ral, cela signifie que l'emballage n'est pas standard ou que le contenu a \u00e9t\u00e9 identifi\u00e9 comme \u00e9tant fragile ou n\u00e9cessitant des soins particuliers. L'utilisation d'autocollants \"Fragile\" ou \"This Way Up\" peut parfois d\u00e9clencher cette surtaxe.<\/p><\/p>\n\n                                    <\/div>\n            <\/div>\n\n        <\/div>\n\n\t\t\t\t<\/div>\n\t\t\t\t<\/div>\n\t\t\t\t<div class=\"elementor-element elementor-element-4698163 elementor-view-default elementor-position-top elementor-widget elementor-widget-themo-header\" data-id=\"4698163\" data-element_type=\"widget\" data-widget_type=\"themo-header.default\">\n\t\t\t\t<div class=\"elementor-widget-container\">\n\t\t\t\t\t<div class=\"th-header-wrap\">\n        <div class=\"elementor-icon-box-wrapper \">\n                            <div class=\"elementor-icon-box-content\">\n                    <h3 class=\"elementor-icon-box-title\">\n                        NON-CONVEYABLE                    <\/h3>\n                                        <p class=\"elementor-icon-box-description\"><p>Si un colis ne peut pas \u00eatre plac\u00e9 sur le syst\u00e8me de transport automatis\u00e9 utilis\u00e9 par le coursier et doit \u00eatre tri\u00e9 manuellement, un suppl\u00e9ment peut \u00eatre factur\u00e9. Elle peut \u00eatre incluse dans le devis initial, mais peut \u00eatre ajout\u00e9e a posteriori si les dimensions ou le poids du colis ont \u00e9t\u00e9 d\u00e9clar\u00e9s de mani\u00e8re inexacte.<\/p><\/p>\n\n                                    <\/div>\n            <\/div>\n\n        <\/div>\n\n\t\t\t\t<\/div>\n\t\t\t\t<\/div>\n\t\t\t\t<div class=\"elementor-element elementor-element-0658a9e elementor-view-default elementor-position-top elementor-widget elementor-widget-themo-header\" data-id=\"0658a9e\" data-element_type=\"widget\" data-widget_type=\"themo-header.default\">\n\t\t\t\t<div class=\"elementor-widget-container\">\n\t\t\t\t\t<div class=\"th-header-wrap\">\n        <div class=\"elementor-icon-box-wrapper \">\n                            <div class=\"elementor-icon-box-content\">\n                    <h3 class=\"elementor-icon-box-title\">\n                        CORRECTION D'ADRESSE                    <\/h3>\n                                        <p class=\"elementor-icon-box-description\"><p>De nombreux transporteurs facturent un suppl\u00e9ment si l'adresse de destination a \u00e9t\u00e9 d\u00e9clar\u00e9e de mani\u00e8re inexacte ou incompl\u00e8te, ou si l'\u00e9tiquette d'exp\u00e9dition n'est pas imprim\u00e9e de mani\u00e8re lisible. Il peut \u00e9galement s'agir de cas o\u00f9 l'adresse de livraison se trouve dans un immeuble d'habitation et o\u00f9 un code de sonnerie est n\u00e9cessaire pour acc\u00e9der \u00e0 un lieu de livraison s\u00fbr.<\/p><\/p>\n\n                                    <\/div>\n            <\/div>\n\n        <\/div>\n\n\t\t\t\t<\/div>\n\t\t\t\t<\/div>\n\t\t\t\t<div class=\"elementor-element elementor-element-186897b elementor-widget elementor-widget-text-editor\" data-id=\"186897b\" data-element_type=\"widget\" data-widget_type=\"text-editor.default\">\n\t\t\t\t<div class=\"elementor-widget-container\">\n\t\t\t\t\t\t\t\t<div class=\"elementor-text-editor elementor-clearfix\">\n\t\t\t\t<p>Vous n&rsquo;avez pas trouv\u00e9 les r\u00e9ponses que vous cherchiez ? <a href=\"https:\/\/www.machool.com\/fr\/contact-2\/\" class=\"email-link\">Cliquez ici<\/a> <span style=\"color: inherit; font-family: inherit; font-style: inherit; font-weight: inherit;\">pour nous contacter <\/span>.  <\/p>\n\t\t\t\t\t<\/div>\n\t\t\t\t\t\t<\/div>\n\t\t\t\t<\/div>\n\t\t\t\t\t\t<\/div>\n\t\t\t\t\t<\/div>\n\t\t<\/div>\n\t\t\t\t\t\t\t\t<\/div>\n\t\t\t\t\t<\/div>\n\t\t<\/section>\n\t\t\t\t\t\t\t\t\t<\/div>\n\t\t\t<\/div>\n\t\t\t\t\t<\/div>\n\t\t","protected":false},"excerpt":{"rendered":"<p>Centre d&rsquo;assistance Frais d&rsquo;ajustement De temps en temps, les entreprises de messagerie peuvent revoir le prix d&rsquo;un envoi apr\u00e8s qu&rsquo;il a \u00e9t\u00e9 enlev\u00e9 et\/ou livr\u00e9. Dans ce cas, vous recevrez un courriel de notification contenant les d\u00e9tails de chaque ajustement, &hellip; <a href=\"https:\/\/www.machool.com\/fr\/frais-dajustement\/\">Read More<\/a><\/p>\n","protected":false},"author":2,"featured_media":0,"parent":0,"menu_order":77,"comment_status":"closed","ping_status":"closed","template":"","meta":{"footnotes":""},"class_list":["post-7184","page","type-page","status-publish","hentry"],"_links":{"self":[{"href":"https:\/\/www.machool.com\/fr\/wp-json\/wp\/v2\/pages\/7184","targetHints":{"allow":["GET"]}}],"collection":[{"href":"https:\/\/www.machool.com\/fr\/wp-json\/wp\/v2\/pages"}],"about":[{"href":"https:\/\/www.machool.com\/fr\/wp-json\/wp\/v2\/types\/page"}],"author":[{"embeddable":true,"href":"https:\/\/www.machool.com\/fr\/wp-json\/wp\/v2\/users\/2"}],"replies":[{"embeddable":true,"href":"https:\/\/www.machool.com\/fr\/wp-json\/wp\/v2\/comments?post=7184"}],"version-history":[{"count":0,"href":"https:\/\/www.machool.com\/fr\/wp-json\/wp\/v2\/pages\/7184\/revisions"}],"wp:attachment":[{"href":"https:\/\/www.machool.com\/fr\/wp-json\/wp\/v2\/media?parent=7184"}],"curies":[{"name":"wp","href":"https:\/\/api.w.org\/{rel}","templated":true}]}}